{"id":2,"date":"2018-06-22T10:56:14","date_gmt":"2018-06-22T10:56:14","guid":{"rendered":"http:\/\/www.secondchancerescue.fi\/?page_id=2"},"modified":"2024-01-09T17:18:13","modified_gmt":"2024-01-09T17:18:13","slug":"about","status":"publish","type":"page","link":"https:\/\/www.secondchancerescue.fi\/","title":{"rendered":"Etusivu"},"content":{"rendered":"<p>Tervetuloa Second Chance Rescue ry:n kotisivuille!<\/p>\n<p>Yhdistyksen tarkoituksena on etsi\u00e4 koteja Espanjan kodittomille koirille Suomesta. Autamme mahdollisuuksien mukaan parantamaan koirien olosuhteita tarhalla, esimerkiksi ohjeistamalla vapaaehtoisia ja lahjoituksilla. Toimintamme perustuu vapaaehtoisuuteen.<\/p>\n<p>Yhdistys keskittyy p\u00e4\u00e4osin \u201dPPP\u201d (Perros potencialmente peligrosos) \u2013rotujen auttamiseen. N\u00e4ihin rotuihin kuuluu mm. Pitbull, amstaffi, staffi, rottweiler, dogo argentino, niiden sekoitukset ja useita muita rotuja. Rodut vaativat Espanjassa omistajiltaan erityislisenssin, joka vaikeuttaa niiden paikallisia adoptioita.<\/p>\n<p>Tuomme koiria Suomeen Ruokaviraston ehtojen mukaisesti, sek\u00e4 TRACES-j\u00e4rjestelm\u00e4\u00e4n kirjattuna. Koirien p\u00e4\u00e4asiallinen synnyinmaa on Espanja ja Suomessa olevia kotihoitokoiria lukuunottamatta koirat sijaitsevat Espanjassa. Adoptoiva yhdistys on Second Chance Rescue ry ja asiakastunnus on 24039471. Tiedot koirien arvioidusta syntym\u00e4ajasta ja tarkemmasta sijainnista l\u00f6ytyy koiran tiedoista. Tuomme koiria Suomeen Ruokaviraston ehtojen mukaisesti, sek\u00e4 TRACES-j\u00e4rjestelm\u00e4\u00e4n kirjattuna.<\/p>\n","protected":false},"excerpt":{"rendered":"<p>Tervetuloa Second Chance Rescue ry:n kotisivuille! Yhdistyksen tarkoituksena on etsi\u00e4 koteja Espanjan kodittomille koirille Suomesta. Autamme mahdollisuuksien mukaan parantamaan koirien olosuhteita tarhalla, esimerkiksi ohjeistamalla vapaaehtoisia ja lahjoituksilla. Toimintamme perustuu vapaaehtoisuuteen. Yhdistys keskittyy p\u00e4\u00e4osin \u201dPPP\u201d (Perros potencialmente peligrosos) \u2013rotujen auttamiseen. N\u00e4ihin &hellip; <a href=\"https:\/\/www.secondchancerescue.fi\/\">Lue loppuun <span class=\"meta-nav\">&rarr;<\/span><\/a><\/p>\n","protected":false},"author":1,"featured_media":0,"parent":0,"menu_order":0,"comment_status":"closed","ping_status":"closed","template":"","meta":{"ngg_post_thumbnail":0,"footnotes":""},"class_list":["post-2","page","type-page","status-publish","hentry"],"_links":{"self":[{"href":"https:\/\/www.secondchancerescue.fi\/index.php?rest_route=\/wp\/v2\/pages\/2","targetHints":{"allow":["GET"]}}],"collection":[{"href":"https:\/\/www.secondchancerescue.fi\/index.php?rest_route=\/wp\/v2\/pages"}],"about":[{"href":"https:\/\/www.secondchancerescue.fi\/index.php?rest_route=\/wp\/v2\/types\/page"}],"author":[{"embeddable":true,"href":"https:\/\/www.secondchancerescue.fi\/index.php?rest_route=\/wp\/v2\/users\/1"}],"replies":[{"embeddable":true,"href":"https:\/\/www.secondchancerescue.fi\/index.php?rest_route=%2Fwp%2Fv2%2Fcomments&post=2"}],"version-history":[{"count":12,"href":"https:\/\/www.secondchancerescue.fi\/index.php?rest_route=\/wp\/v2\/pages\/2\/revisions"}],"predecessor-version":[{"id":4541,"href":"https:\/\/www.secondchancerescue.fi\/index.php?rest_route=\/wp\/v2\/pages\/2\/revisions\/4541"}],"wp:attachment":[{"href":"https:\/\/www.secondchancerescue.fi\/index.php?rest_route=%2Fwp%2Fv2%2Fmedia&parent=2"}],"curies":[{"name":"wp","href":"https:\/\/api.w.org\/{rel}","templated":true}]}}