{"id":20,"date":"2018-06-22T10:40:38","date_gmt":"2018-06-22T10:40:38","guid":{"rendered":"http:\/\/www.secondchancerescue.fi\/?page_id=20"},"modified":"2019-06-05T11:15:26","modified_gmt":"2019-06-05T11:15:26","slug":"adoptio","status":"publish","type":"page","link":"https:\/\/www.secondchancerescue.fi\/?page_id=20","title":{"rendered":"Adoptio"},"content":{"rendered":"<p>Oletko kiinnostunut adoptoimaan koiran? Harkitse asiaa tarkkaan ja mieti mm. n\u00e4it\u00e4 asioita ennen kuin teet lopullisen p\u00e4\u00e4t\u00f6ksen:<\/p>\n<p>* Onko el\u00e4m\u00e4ntilanteeni tarpeeksi vakaa uuden perheenj\u00e4senen ottamiseen?<\/p>\n<p>* Onko minulla varmasti tarpeeksi aikaa koiralle mahdollisten t\u00f6iden ja muiden harrastusten lis\u00e4ksi?<\/p>\n<p>* Onko koko perhe yksimielinen koiran hankinnasta ja valmis tekem\u00e4\u00e4n t\u00f6it\u00e4 kotiutumisen eteen?<\/p>\n<p>* Olen ymm\u00e4rt\u00e4nyt, ett\u00e4 koiran kotiutuminen voi vied\u00e4 aikaa ja sen varrella voi ilmet\u00e4 erilaisia ongelmia, riitt\u00e4\u00e4k\u00f6 varmasti k\u00e4rsiv\u00e4llisyys ja halu paneutua asiaan?<\/p>\n<p>* Olenko valmis ja onko minulla resursseja sijoittaa ammattiapuun, kuten koirakouluttajaan, tilanteen niin vaatiessa?<\/p>\n<p>* Olenko varautunut taloudellisesti ja henkisesti yll\u00e4tt\u00e4viin kuluihin, joita koiran mukana voi tulla, kuten yll\u00e4tt\u00e4v\u00e4t el\u00e4inl\u00e4\u00e4k\u00e4rikulut, jotka voivat olla sadoista jopa tuhansiin euroihin?<\/p>\n<p>* Mit\u00e4 tapahtuu, jos muutan ja vuokra-asuntoa, johon ei sallita el\u00e4imi\u00e4, ei meinaa l\u00f6yty\u00e4? Tai mit\u00e4 jos perheeseen syntyy vauva?<\/p>\n<p>* Onko minulla paikkaa, johon voin laittaa koiran, jos menen matkalle, jonne en voi koiraa ottaa mukaan?<\/p>\n<p>Olenhan my\u00f6s tiedostanut seuraavat asiat?<\/p>\n<p>* Adoptiokoirat eiv\u00e4t aina ole sis\u00e4siistej\u00e4<\/p>\n<p>* Koirallasi saattaa ilmet\u00e4 eroahdistusta eri muodoissa<\/p>\n<p>* Koirasi voi rikkoa kodin irtaimistoa<\/p>\n<p>* Koirasi luonne voi muuttua paljonkin koiran kotiuduttua<\/p>\n<p>* Koirasi saattaa haukkua my\u00f6s sis\u00e4ll\u00e4<\/p>\n<p>* Koirasi saattaa olla riistaviettinen, esimerkiksi lintuja, j\u00e4niksi\u00e4 ja oravia kohtaan<\/p>\n<p>* Koirasi ei v\u00e4ltt\u00e4m\u00e4tt\u00e4 tulekaan muiden koirien kanssa toimeen<\/p>\n<p>* Koirasi saattaa pel\u00e4t\u00e4 sinulle arkisia kodin \u00e4\u00e4ni\u00e4, ihmisi\u00e4, autoja ja mit\u00e4 tahansa koiran mielest\u00e4 j\u00e4nnitt\u00e4vi\u00e4 asioita<\/p>\n<p>* Koirasi saattaa pel\u00e4t\u00e4 ilotulitteita, ukkosta ja muita kovia \u00e4\u00e4ni\u00e4<\/p>\n<p>Adoptio on eritt\u00e4in hieno valinta, mutta se ei sovi kaikille. Adoptoimalla koiran sitoudut siihen sen loppuel\u00e4m\u00e4ksi. Tarhoilla olevista koirista on suurin osa hyl\u00e4tty v\u00e4hint\u00e4\u00e4n kerran aiemmin el\u00e4m\u00e4ns\u00e4 aikana ja kukaan heist\u00e4 ei ansaitse kohdata sit\u00e4 uudelleen, joten olethan valmis tekem\u00e4\u00e4n t\u00f6it\u00e4 sinun ja koiran yhteiselon eteen.<\/p>\n<p>Mik\u00e4li olet miettinyt asian loppuun ja olet valmis adoptioon, lue toimintaohjeet <a href=\"https:\/\/www.secondchancerescue.fi\/?page_id=214(avaa uuden v\u00e4lilehden)\" data-wplink-url-error=\"true\">t\u00e4\u00e4lt\u00e4<\/a>.<\/p>\n","protected":false},"excerpt":{"rendered":"<p>Oletko kiinnostunut adoptoimaan koiran? Harkitse asiaa tarkkaan ja mieti mm. n\u00e4it\u00e4 asioita ennen kuin teet lopullisen p\u00e4\u00e4t\u00f6ksen: * Onko el\u00e4m\u00e4ntilanteeni tarpeeksi vakaa uuden perheenj\u00e4senen ottamiseen? * Onko minulla varmasti tarpeeksi aikaa koiralle mahdollisten t\u00f6iden ja muiden harrastusten lis\u00e4ksi? * Onko &hellip; <a href=\"https:\/\/www.secondchancerescue.fi\/?page_id=20\">Lue loppuun <span class=\"meta-nav\">&rarr;<\/span><\/a><\/p>\n","protected":false},"author":1,"featured_media":0,"parent":0,"menu_order":0,"comment_status":"closed","ping_status":"closed","template":"","meta":{"ngg_post_thumbnail":0,"footnotes":""},"class_list":["post-20","page","type-page","status-publish","hentry"],"_links":{"self":[{"href":"https:\/\/www.secondchancerescue.fi\/index.php?rest_route=\/wp\/v2\/pages\/20","targetHints":{"allow":["GET"]}}],"collection":[{"href":"https:\/\/www.secondchancerescue.fi\/index.php?rest_route=\/wp\/v2\/pages"}],"about":[{"href":"https:\/\/www.secondchancerescue.fi\/index.php?rest_route=\/wp\/v2\/types\/page"}],"author":[{"embeddable":true,"href":"https:\/\/www.secondchancerescue.fi\/index.php?rest_route=\/wp\/v2\/users\/1"}],"replies":[{"embeddable":true,"href":"https:\/\/www.secondchancerescue.fi\/index.php?rest_route=%2Fwp%2Fv2%2Fcomments&post=20"}],"version-history":[{"count":4,"href":"https:\/\/www.secondchancerescue.fi\/index.php?rest_route=\/wp\/v2\/pages\/20\/revisions"}],"predecessor-version":[{"id":1358,"href":"https:\/\/www.secondchancerescue.fi\/index.php?rest_route=\/wp\/v2\/pages\/20\/revisions\/1358"}],"wp:attachment":[{"href":"https:\/\/www.secondchancerescue.fi\/index.php?rest_route=%2Fwp%2Fv2%2Fmedia&parent=20"}],"curies":[{"name":"wp","href":"https:\/\/api.w.org\/{rel}","templated":true}]}}