{"id":220,"date":"2018-06-23T17:40:44","date_gmt":"2018-06-23T17:40:44","guid":{"rendered":"http:\/\/www.secondchancerescue.fi\/?page_id=220"},"modified":"2024-04-30T09:09:12","modified_gmt":"2024-04-30T09:09:12","slug":"adoptiosopimus","status":"publish","type":"page","link":"https:\/\/www.secondchancerescue.fi\/?page_id=220","title":{"rendered":"Adoptiosopimus"},"content":{"rendered":"\t\t<div data-elementor-type=\"wp-page\" data-elementor-id=\"220\" class=\"elementor elementor-220\">\n\t\t\t\t\t\t<section class=\"elementor-section elementor-top-section elementor-element elementor-element-5c7a8551 elementor-section-boxed elementor-section-height-default elementor-section-height-default\" data-id=\"5c7a8551\" data-element_type=\"section\" data-e-type=\"section\">\n\t\t\t\t\t\t<div class=\"elementor-container elementor-column-gap-default\">\n\t\t\t\t\t<div class=\"elementor-column elementor-col-100 elementor-top-column elementor-element elementor-element-37f1a573\" data-id=\"37f1a573\" data-element_type=\"column\" data-e-type=\"column\">\n\t\t\t<div class=\"elementor-widget-wrap elementor-element-populated\">\n\t\t\t\t\t\t<div class=\"elementor-element elementor-element-5adbede3 elementor-widget elementor-widget-text-editor\" data-id=\"5adbede3\" data-element_type=\"widget\" data-e-type=\"widget\" data-widget_type=\"text-editor.default\">\n\t\t\t\t<div class=\"elementor-widget-container\">\n\t\t\t\t\t\t\t\t\t<p>Ennen koiran luovutusta t\u00e4m\u00e4 sopimus t\u00e4ytet\u00e4\u00e4n kahtena kappaleena. Toinen kappale j\u00e4\u00e4 yhdistykselle ja toinen koiran uudelle omistajalle. Tutustu sopimukseen huolellisesti etuk\u00e4teen. Muistathan tuoda lentokent\u00e4lle sopimukset mukanasi.<\/p><p><div class='w3eden'><!-- WPDM Link Template: Default Template -->\n\n<div class=\"link-template-default card mb-2\">\n    <div class=\"card-body\">\n        <div class=\"media\">\n            <div class=\"mr-3 img-48\"><img decoding=\"async\" class=\"wpdm_icon\" alt=\"Icon\" src=\"https:\/\/www.secondchancerescue.fi\/wp-content\/plugins\/download-manager\/assets\/file-type-icons\/pdf.svg\" \/><\/div>\n            <div class=\"media-body\">\n                <h3 class=\"package-title\"><a href='https:\/\/www.secondchancerescue.fi\/?wpdmpro=adoptiosopimus-4'>Adoptiosopimus<\/a><\/h3>\n                <div class=\"text-muted text-small\"><i class=\"fas fa-copy\"><\/i> 1 file(s) <i class=\"fas fa-hdd ml-3\"><\/i> 137.47 KB<\/div>\n            <\/div>\n            <div class=\"ml-3\">\n                <a class='wpdm-download-link download-on-click btn btn-primary ' rel='nofollow' href='#' data-downloadurl=\"https:\/\/www.secondchancerescue.fi\/?wpdmpro=adoptiosopimus-4&#038;wpdmdl=4873&#038;refresh=69f46cf69519e1777626358\">Download<\/a>\n            <\/div>\n        <\/div>\n    <\/div>\n<\/div>\n\n<\/div><\/p>\t\t\t\t\t\t\t\t<\/div>\n\t\t\t\t<\/div>\n\t\t\t\t\t<\/div>\n\t\t<\/div>\n\t\t\t\t\t<\/div>\n\t\t<\/section>\n\t\t\t\t<\/div>\n\t\t","protected":false},"excerpt":{"rendered":"<p>Ennen koiran luovutusta t\u00e4m\u00e4 sopimus t\u00e4ytet\u00e4\u00e4n kahtena kappaleena. Toinen kappale j\u00e4\u00e4 yhdistykselle ja toinen koiran uudelle omistajalle. Tutustu sopimukseen huolellisesti etuk\u00e4teen. Muistathan tuoda lentokent\u00e4lle sopimukset mukanasi.<\/p>\n","protected":false},"author":1,"featured_media":0,"parent":0,"menu_order":0,"comment_status":"closed","ping_status":"closed","template":"","meta":{"ngg_post_thumbnail":0,"footnotes":""},"class_list":["post-220","page","type-page","status-publish","hentry"],"_links":{"self":[{"href":"https:\/\/www.secondchancerescue.fi\/index.php?rest_route=\/wp\/v2\/pages\/220","targetHints":{"allow":["GET"]}}],"collection":[{"href":"https:\/\/www.secondchancerescue.fi\/index.php?rest_route=\/wp\/v2\/pages"}],"about":[{"href":"https:\/\/www.secondchancerescue.fi\/index.php?rest_route=\/wp\/v2\/types\/page"}],"author":[{"embeddable":true,"href":"https:\/\/www.secondchancerescue.fi\/index.php?rest_route=\/wp\/v2\/users\/1"}],"replies":[{"embeddable":true,"href":"https:\/\/www.secondchancerescue.fi\/index.php?rest_route=%2Fwp%2Fv2%2Fcomments&post=220"}],"version-history":[{"count":30,"href":"https:\/\/www.secondchancerescue.fi\/index.php?rest_route=\/wp\/v2\/pages\/220\/revisions"}],"predecessor-version":[{"id":4876,"href":"https:\/\/www.secondchancerescue.fi\/index.php?rest_route=\/wp\/v2\/pages\/220\/revisions\/4876"}],"wp:attachment":[{"href":"https:\/\/www.secondchancerescue.fi\/index.php?rest_route=%2Fwp%2Fv2%2Fmedia&parent=220"}],"curies":[{"name":"wp","href":"https:\/\/api.w.org\/{rel}","templated":true}]}}