{"id":223,"date":"2018-06-23T17:40:58","date_gmt":"2018-06-23T17:40:58","guid":{"rendered":"http:\/\/www.secondchancerescue.fi\/?page_id=223"},"modified":"2018-06-23T18:30:33","modified_gmt":"2018-06-23T18:30:33","slug":"kotiselvityslomake","status":"publish","type":"page","link":"https:\/\/www.secondchancerescue.fi\/?page_id=223","title":{"rendered":"Kotiselvityslomake"},"content":{"rendered":"\n<div class=\"wpcf7 no-js\" id=\"wpcf7-f262-o1\" lang=\"fi\" dir=\"ltr\" data-wpcf7-id=\"262\">\n<div class=\"screen-reader-response\"><p role=\"status\" aria-live=\"polite\" aria-atomic=\"true\"><\/p> <ul><\/ul><\/div>\n<form action=\"\/index.php?rest_route=%2Fwp%2Fv2%2Fpages%2F223#wpcf7-f262-o1\" method=\"post\" class=\"wpcf7-form init\" aria-label=\"Yhteydenottolomake\" novalidate=\"novalidate\" data-status=\"init\">\n<fieldset class=\"hidden-fields-container\"><input type=\"hidden\" name=\"_wpcf7\" value=\"262\" \/><input type=\"hidden\" name=\"_wpcf7_version\" value=\"6.1.5\" \/><input type=\"hidden\" name=\"_wpcf7_locale\" value=\"fi\" \/><input type=\"hidden\" name=\"_wpcf7_unit_tag\" value=\"wpcf7-f262-o1\" \/><input type=\"hidden\" name=\"_wpcf7_container_post\" value=\"0\" \/><input type=\"hidden\" name=\"_wpcf7_posted_data_hash\" value=\"\" \/>\n<\/fieldset>\n<p><label> Nimi<br \/>\n<span class=\"wpcf7-form-control-wrap\" data-name=\"your-name\"><input size=\"40\" maxlength=\"400\" class=\"wpcf7-form-control wpcf7-text wpcf7-validates-as-required\" aria-required=\"true\" aria-invalid=\"false\" value=\"\" type=\"text\" name=\"your-name\" \/><\/span> <\/label>\n<\/p>\n<p><label> Osoite<br \/>\n<span class=\"wpcf7-form-control-wrap\" data-name=\"Osoite\"><input size=\"40\" maxlength=\"400\" class=\"wpcf7-form-control wpcf7-text wpcf7-validates-as-required\" aria-required=\"true\" aria-invalid=\"false\" value=\"\" type=\"text\" name=\"Osoite\" \/><\/span> <\/label>\n<\/p>\n<p><label> Postinumero ja toimipaikka<br \/>\n<span class=\"wpcf7-form-control-wrap\" data-name=\"Postinumero\"><input size=\"40\" maxlength=\"400\" class=\"wpcf7-form-control wpcf7-text wpcf7-validates-as-required\" aria-required=\"true\" aria-invalid=\"false\" value=\"\" type=\"text\" name=\"Postinumero\" \/><\/span> <\/label>\n<\/p>\n<p><label> Puhelinnumero<br \/>\n<span class=\"wpcf7-form-control-wrap\" data-name=\"Puh\"><input size=\"40\" maxlength=\"400\" class=\"wpcf7-form-control wpcf7-text wpcf7-validates-as-required\" aria-required=\"true\" aria-invalid=\"false\" value=\"\" type=\"text\" name=\"Puh\" \/><\/span> <\/label>\n<\/p>\n<p><label> S\u00e4hk\u00f6posti<br \/>\n<span class=\"wpcf7-form-control-wrap\" data-name=\"your-email\"><input size=\"40\" maxlength=\"400\" class=\"wpcf7-form-control wpcf7-email wpcf7-validates-as-required wpcf7-text wpcf7-validates-as-email\" aria-required=\"true\" aria-invalid=\"false\" value=\"\" type=\"email\" name=\"your-email\" \/><\/span> <\/label>\n<\/p>\n<p><label> Syntym\u00e4aika<br \/>\n<span class=\"wpcf7-form-control-wrap\" data-name=\"Syntymaaika\"><input size=\"40\" maxlength=\"400\" class=\"wpcf7-form-control wpcf7-text wpcf7-validates-as-required\" aria-required=\"true\" aria-invalid=\"false\" value=\"\" type=\"text\" name=\"Syntymaaika\" \/><\/span> <\/label>\n<\/p>\n<p><label> Perhe<br \/>\n<span class=\"wpcf7-form-control-wrap\" data-name=\"Perhe\"><input size=\"40\" maxlength=\"400\" class=\"wpcf7-form-control wpcf7-text wpcf7-validates-as-required\" aria-required=\"true\" aria-invalid=\"false\" value=\"\" type=\"text\" name=\"Perhe\" \/><\/span> <\/label>\n<\/p>\n<p><label> Asumismuoto<br \/>\n<span class=\"wpcf7-form-control-wrap\" data-name=\"Asumismuoto\"><input size=\"40\" maxlength=\"400\" class=\"wpcf7-form-control wpcf7-text wpcf7-validates-as-required\" aria-required=\"true\" aria-invalid=\"false\" value=\"\" type=\"text\" name=\"Asumismuoto\" \/><\/span> <\/label>\n<\/p>\n<p><label> Ty\u00f6tilanne<br \/>\n<span class=\"wpcf7-form-control-wrap\" data-name=\"Tyotilanne\"><input size=\"40\" maxlength=\"400\" class=\"wpcf7-form-control wpcf7-text wpcf7-validates-as-required\" aria-required=\"true\" aria-invalid=\"false\" value=\"\" type=\"text\" name=\"Tyotilanne\" \/><\/span> <\/label>\n<\/p>\n<p><label> El\u00e4m\u00e4ntilanne t\u00e4ll\u00e4 hetkell\u00e4 ja l\u00e4hitulevaisuudessa (muutot, matkat, perheenlis\u00e4ys tms.):<br \/>\n<span class=\"wpcf7-form-control-wrap\" data-name=\"Elamantilanne\"><textarea cols=\"40\" rows=\"10\" maxlength=\"2000\" class=\"wpcf7-form-control wpcf7-textarea wpcf7-validates-as-required\" aria-required=\"true\" aria-invalid=\"false\" name=\"Elamantilanne\"><\/textarea><\/span> <\/label>\n<\/p>\n<p><label> Muut lemmikit:<br \/>\n<span class=\"wpcf7-form-control-wrap\" data-name=\"Muut\"><textarea cols=\"40\" rows=\"10\" maxlength=\"2000\" class=\"wpcf7-form-control wpcf7-textarea wpcf7-validates-as-required\" aria-required=\"true\" aria-invalid=\"false\" name=\"Muut\"><\/textarea><\/span> <\/label>\n<\/p>\n<p><label> Koirakokemus ja aiemmat koirat:<br \/>\n<span class=\"wpcf7-form-control-wrap\" data-name=\"Koirakokemus\"><textarea cols=\"40\" rows=\"10\" maxlength=\"2000\" class=\"wpcf7-form-control wpcf7-textarea wpcf7-validates-as-required\" aria-required=\"true\" aria-invalid=\"false\" name=\"Koirakokemus\"><\/textarea><\/span> <\/label>\n<\/p>\n<p><label> Miksi juuri rescue Espanjasta?<br \/>\n<span class=\"wpcf7-form-control-wrap\" data-name=\"Miksi\"><textarea cols=\"40\" rows=\"10\" maxlength=\"2000\" class=\"wpcf7-form-control wpcf7-textarea wpcf7-validates-as-required\" aria-required=\"true\" aria-invalid=\"false\" name=\"Miksi\"><\/textarea><\/span> <\/label>\n<\/p>\n<p><label> Oletko ottanut selv\u00e4\u00e4 adoptiokoirista ja varautunut mahdollisiin ongelmiin?<br \/>\n<span class=\"wpcf7-form-control-wrap\" data-name=\"Oletkoottanutselvaaadoptiokoirista\"><textarea cols=\"40\" rows=\"10\" maxlength=\"2000\" class=\"wpcf7-form-control wpcf7-textarea wpcf7-validates-as-required\" aria-required=\"true\" aria-invalid=\"false\" name=\"Oletkoottanutselvaaadoptiokoirista\"><\/textarea><\/span> <\/label>\n<\/p>\n<p><label> Oletko varautunut taloudellisesti koiran yll\u00e4pit\u00e4miseen? (mm. ruoka- ja l\u00e4\u00e4k\u00e4rikuluihin sek\u00e4 mahdollisiin yll\u00e4tt\u00e4viin kuluihin)<br \/>\n<span class=\"wpcf7-form-control-wrap\" data-name=\"Oletko\"><textarea cols=\"40\" rows=\"10\" maxlength=\"2000\" class=\"wpcf7-form-control wpcf7-textarea wpcf7-validates-as-required\" aria-required=\"true\" aria-invalid=\"false\" name=\"Oletko\"><\/textarea><\/span> <\/label>\n<\/p>\n<p><label> Kuinka paljon koirasi joutuisi olemaan yksin p\u00e4ivisin?<br \/>\n<span class=\"wpcf7-form-control-wrap\" data-name=\"Kuinkapaljonkoirasijoutuisi\"><textarea cols=\"40\" rows=\"10\" maxlength=\"2000\" class=\"wpcf7-form-control wpcf7-textarea wpcf7-validates-as-required\" aria-required=\"true\" aria-invalid=\"false\" name=\"Kuinkapaljonkoirasijoutuisi\"><\/textarea><\/span> <\/label>\n<\/p>\n<p><label> Kuinka pitki\u00e4 lenkkej\u00e4 ja kuinka useasti olette suunnitelleet koiran kanssa tekev\u00e4nne?<br \/>\n<span class=\"wpcf7-form-control-wrap\" data-name=\"Kuinka\"><textarea cols=\"40\" rows=\"10\" maxlength=\"2000\" class=\"wpcf7-form-control wpcf7-textarea wpcf7-validates-as-required\" aria-required=\"true\" aria-invalid=\"false\" name=\"Kuinka\"><\/textarea><\/span> <\/label>\n<\/p>\n<p><label> Miten toimitte mahdollisissa ongelmatilanteissa?<br \/>\n<span class=\"wpcf7-form-control-wrap\" data-name=\"Miten\"><textarea cols=\"40\" rows=\"10\" maxlength=\"2000\" class=\"wpcf7-form-control wpcf7-textarea wpcf7-validates-as-required\" aria-required=\"true\" aria-invalid=\"false\" name=\"Miten\"><\/textarea><\/span> <\/label>\n<\/p>\n<p><label> Onko teill\u00e4 taloudellisesti varaa, sek\u00e4 aikaa ja sitoutumista esimerkiksi koirankouluttajan kanssa toimiseen?<br \/>\n<span class=\"wpcf7-form-control-wrap\" data-name=\"Onko\"><textarea cols=\"40\" rows=\"10\" maxlength=\"2000\" class=\"wpcf7-form-control wpcf7-textarea wpcf7-validates-as-required\" aria-required=\"true\" aria-invalid=\"false\" name=\"Onko\"><\/textarea><\/span> <\/label>\n<\/p>\n<p><label> Jos l\u00e4hdet lomamatkalle tai esim.sairastut, onko sinulla tiedossa jo kuka voi toimia hoitajana?<br \/>\n<span class=\"wpcf7-form-control-wrap\" data-name=\"Jos\"><textarea cols=\"40\" rows=\"10\" maxlength=\"2000\" class=\"wpcf7-form-control wpcf7-textarea wpcf7-validates-as-required\" aria-required=\"true\" aria-invalid=\"false\" name=\"Jos\"><\/textarea><\/span> <\/label>\n<\/p>\n<p><label> Oletko kiinnostunut jostakin tietyst\u00e4 koirasta?<br \/>\n<span class=\"wpcf7-form-control-wrap\" data-name=\"Oletko\"><textarea cols=\"40\" rows=\"10\" maxlength=\"2000\" class=\"wpcf7-form-control wpcf7-textarea wpcf7-validates-as-required\" aria-required=\"true\" aria-invalid=\"false\" name=\"Oletko\"><\/textarea><\/span> <\/label>\n<\/p>\n<p><label> Lis\u00e4tietoja<br \/>\n<span class=\"wpcf7-form-control-wrap\" data-name=\"Lisatietoja\"><textarea cols=\"40\" rows=\"10\" maxlength=\"2000\" class=\"wpcf7-form-control wpcf7-textarea\" aria-invalid=\"false\" name=\"Lisatietoja\"><\/textarea><\/span> <\/label>\n<\/p>\n<p><span class=\"wpcf7-form-control-wrap\" data-name=\"acceptance-918\"><span class=\"wpcf7-form-control wpcf7-acceptance optional\"><span class=\"wpcf7-list-item\"><label><input type=\"checkbox\" name=\"acceptance-918\" value=\"1\" aria-invalid=\"false\" \/><span class=\"wpcf7-list-item-label\">Vakuutan antamani tiedot oikeiksi ja hyv\u00e4ksyn, ett\u00e4 tietojani k\u00e4ytet\u00e4\u00e4n adoptioprosessissa.<\/span><\/label><\/span><\/span><\/span>\n<\/p>\n<p><input class=\"wpcf7-form-control wpcf7-submit has-spinner\" type=\"submit\" value=\"L\u00e4het\u00e4\" \/>\n<\/p><div class=\"wpcf7-response-output\" aria-hidden=\"true\"><\/div>\n<\/form>\n<\/div>\n\n","protected":false},"excerpt":{"rendered":"","protected":false},"author":1,"featured_media":0,"parent":0,"menu_order":0,"comment_status":"closed","ping_status":"closed","template":"","meta":{"ngg_post_thumbnail":0,"footnotes":""},"class_list":["post-223","page","type-page","status-publish","hentry"],"_links":{"self":[{"href":"https:\/\/www.secondchancerescue.fi\/index.php?rest_route=\/wp\/v2\/pages\/223","targetHints":{"allow":["GET"]}}],"collection":[{"href":"https:\/\/www.secondchancerescue.fi\/index.php?rest_route=\/wp\/v2\/pages"}],"about":[{"href":"https:\/\/www.secondchancerescue.fi\/index.php?rest_route=\/wp\/v2\/types\/page"}],"author":[{"embeddable":true,"href":"https:\/\/www.secondchancerescue.fi\/index.php?rest_route=\/wp\/v2\/users\/1"}],"replies":[{"embeddable":true,"href":"https:\/\/www.secondchancerescue.fi\/index.php?rest_route=%2Fwp%2Fv2%2Fcomments&post=223"}],"version-history":[{"count":4,"href":"https:\/\/www.secondchancerescue.fi\/index.php?rest_route=\/wp\/v2\/pages\/223\/revisions"}],"predecessor-version":[{"id":263,"href":"https:\/\/www.secondchancerescue.fi\/index.php?rest_route=\/wp\/v2\/pages\/223\/revisions\/263"}],"wp:attachment":[{"href":"https:\/\/www.secondchancerescue.fi\/index.php?rest_route=%2Fwp%2Fv2%2Fmedia&parent=223"}],"curies":[{"name":"wp","href":"https:\/\/api.w.org\/{rel}","templated":true}]}}