{"id":226,"date":"2018-06-23T17:41:11","date_gmt":"2018-06-23T17:41:11","guid":{"rendered":"http:\/\/www.secondchancerescue.fi\/?page_id=226"},"modified":"2024-12-31T16:20:47","modified_gmt":"2024-12-31T16:20:47","slug":"ohjeita-kotiutumiseen","status":"publish","type":"page","link":"https:\/\/www.secondchancerescue.fi\/?page_id=226","title":{"rendered":"Ohjeita kotiutumiseen"},"content":{"rendered":"<p>Tulo perheeseen on suuri muutos sek\u00e4 koiralle, ett\u00e4 perheelle ja haluamme<br \/>\nyhdistyksen\u00e4 auttaa kaikessa mahdollisessa. Toivomme, ett\u00e4 adoptoijat ovat<br \/>\noma-aloitteisia ja pit\u00e4v\u00e4t yhteytt\u00e4 kertoen koiran voinnista, arjen kulusta ja<br \/>\nennen kaikkea mahdollisista ongelmista.<\/p>\n<p><strong>Saapuminen<\/strong><\/p>\n<p>Koirat luovutetaan ennaltasovitulla luovutuspaikalla, joko Helsingiss\u00e4 tai<br \/>\nAkaassa. Luovutustilanteessa tehd\u00e4\u00e4n my\u00f6s koiran adoptiosopimus,<br \/>\ntarkastetaan sirunumero sek\u00e4 k\u00e4yd\u00e4\u00e4n l\u00e4pi passin tiedot.<br \/>\nMit\u00e4 tarvitset mukaan;<br \/>\n\u2013 talviaikana takki\/loimi tai vastaava<br \/>\n\u2013 vesikuppi ja vett\u00e4<br \/>\n\u2013 koiran makupaloja<br \/>\n\u2013 pyyhkeit\u00e4, viltti\u00e4 tms. matkan varalle<\/p>\n<p><strong>Kotiutuminen<\/strong><\/p>\n<p>Koiran tulo perheeseen on suuri muutos sek\u00e4 koiralle, ett\u00e4 perheelle eli<br \/>\nkoiralle tulee antaa aikaa tutustua uuteen kotiin ja perheenj\u00e4seniin.<br \/>\nLentomatka ja uusi ymp\u00e4rist\u00f6 on koiralle todella iso stressi ja koirat voivat<br \/>\nreagoida siihen eri tavoin. Osa voi olla todella rauhallisia ja vain nukkua, kun<br \/>\ntaas osa voi olla ylikierroksilla. Koira ei ensimm\u00e4isin\u00e4 viikkoina ole t\u00e4ysin oma<br \/>\nitsens\u00e4 stressist\u00e4 johtuen, joten t\u00e4st\u00e4kin syyst\u00e4 on t\u00e4rke\u00e4 antaa aikaa tutustua<br \/>\nuuteen el\u00e4m\u00e4\u00e4n ja kotiin rauhassa. Osa koirista sopeutuu uuteen kotiin jo<br \/>\nparissa p\u00e4iv\u00e4ss\u00e4, kun taas osalla voi menn\u00e4 pitki\u00e4kin aikoja, koiran persoona<br \/>\nvaikuttaa t\u00e4h\u00e4n paljon eli k\u00e4rsiv\u00e4llisyytt\u00e4 tarvitaan.<\/p>\n<p><strong>Arkiel\u00e4m\u00e4<\/strong><\/p>\n<p>Kaikki tarhalta tulevat koirat eiv\u00e4t v\u00e4ltt\u00e4m\u00e4tt\u00e4 koskaan ole olleet kotioloissa;<br \/>\nosa koirista on tullut tarhalle jo pentuina ja Espanjassa on my\u00f6s hyvin<br \/>\ntavallista pit\u00e4\u00e4 koiria ulkokoirina. Monet itselle arkip\u00e4iv\u00e4iset ja normaalit<br \/>\nasiat, kuten imurointi, laatikoiden\/kaappien avaaminen ja sulkeminen, tv,<br \/>\npeilit jne. voivat olla koiralle todella pelottavia alkuunsa. Koira tottuu n\u00e4ihin<br \/>\narkip\u00e4iv\u00e4isiin asioihin ajan kanssa eli n\u00e4ist\u00e4 ei tarvitse olla huolissaan.<br \/>\nKoirilta ei voi olettaa tai odottaa sis\u00e4siisteytt\u00e4, joten matot ym. kannattaa<br \/>\nker\u00e4t\u00e4 lattioilta pois. Joissain tapauksissa sis\u00e4siisteysharjoitukset tulee<br \/>\naloittaa samoin kuin pennun kanssa eli useita ulkoiluk\u00e4yntej\u00e4 tihe\u00e4\u00e4n tahtiin<br \/>\nja tarvittaessa sanomalehti\u00e4 sis\u00e4lle. Varsinkin lumisena aikana koirilla voi<br \/>\nilmet\u00e4 ongelmia tehd\u00e4 tarpeitaan ulos, koska pohja on heille t\u00e4ysin vieras.<\/p>\n<p>My\u00f6s muuton ja matkan aiheuttama stressi voi saada osan koirista<br \/>\npid\u00e4tt\u00e4m\u00e4\u00e4n asioiden tekoa jopa vuorokaudeksi. T\u00e4st\u00e4 ei kannata huolestua,<br \/>\nvaan normaaliin tapaan k\u00e4ytt\u00e4\u00e4 koiraa ulkona ja antaa aikaa haistella muiden<br \/>\nkoirien merkkauksia. Jos tarpeiden teossa ulos on ongelmia, suosittelen<br \/>\nottamaan herkkuja mukaan lenkille ja palkitsemaan koiran aina asioiden teon<br \/>\nj\u00e4lkeen.<\/p>\n<p><strong>Yksinolo<\/strong><\/p>\n<p>Yksinoloharjoitukset on hyv\u00e4 aloittaa pikkuhiljaa, jotta v\u00e4ltyt\u00e4\u00e4n<br \/>\nmahdolliselta eroahdistukselta ja asunnon tuhoilta. Harjoitukset voi aloittaa<br \/>\nesimerkiksi poistumalla itse ulko-oven toiselle puolelle vain hetkellisesti ja<br \/>\nkuuntelemalla kuuluuko sis\u00e4lt\u00e4 \u00e4\u00e4ni\u00e4. Poissaolon aikaa voi pident\u00e4\u00e4<br \/>\nv\u00e4hitellen, kun katsoo, ett\u00e4 koira on p\u00e4rj\u00e4nnyt hyvin yksinolosta. Mik\u00e4li on<br \/>\nmahdollista, voi asuntoa esimerkiksi rajata koiraportilla, mutta koiran<br \/>\nh\u00e4kityst\u00e4 emme hyv\u00e4ksy ja muistutan sen olevan kielletty\u00e4 my\u00f6s<br \/>\nlains\u00e4\u00e4d\u00e4nn\u00f6ss\u00e4. Rajatussa tilassa monet koirista pysyv\u00e4t rauhallisempina<br \/>\nkuin koko asunnossa. Mahdollisia merkkej\u00e4 eroahdistuksesta on<br \/>\nvinkuminen\/haukkuminen, tavaroiden tai asunnon ylip\u00e4\u00e4t\u00e4\u00e4n tuhoaminen,<br \/>\ntarpeiden teko sis\u00e4lle (Huom! Voi olla my\u00f6s merkki, ett\u00e4 sis\u00e4siisteys ei<br \/>\nolekaan viel\u00e4 opittu t\u00e4ysin) tai koiran rauhattomuus kun tulet takaisin kotiin.<br \/>\nMik\u00e4li yksinolon kanssa ilmenee ongelmia, \u00e4l\u00e4 ep\u00e4r\u00f6i ottaa yhteytt\u00e4<br \/>\nyhdistykseen, autamme mielell\u00e4mme. Suosittelemme j\u00e4tt\u00e4m\u00e4\u00e4n koiralle<br \/>\nesimerkiksi kest\u00e4v\u00e4n ja turvallisen lelun, jossa ei ole tukehtumisvaaraa,<br \/>\najanvietteeksi yksinolon ajaksi.<\/p>\n<p><strong>Lapset<\/strong><\/p>\n<p>Jos perheess\u00e4 on lapsia, on heille hyv\u00e4 etuk\u00e4teen kertoa, ettei koiran luo voi<br \/>\nrynn\u00e4t\u00e4, ei tehd\u00e4 \u00e4kkin\u00e4isi\u00e4 liikkeit\u00e4 tai \u00e4\u00e4ni\u00e4 koiran l\u00e4hettyvill\u00e4 tai l\u00e4hesty\u00e4<br \/>\nmuutenkaan yht\u00e4kkisesti. Koiran tulee saada tutustua lapsiin omaa tahtiaan,<br \/>\nei pakottamalla, jotta kokemuksesta saadaan hyv\u00e4 molemmille osapuolille.<br \/>\nKoiraa ei saa alkaa v\u00e4kisin nostelemaan tai halailemaan, koska koirat eiv\u00e4t<br \/>\ntarhalla ole t\u00e4llaiseen tottuneet. Emme hyv\u00e4ksy lasten ulkoiluttavan koiria,<br \/>\nkoska koiran k\u00e4yt\u00f6s lenkeill\u00e4 ei v\u00e4ltt\u00e4m\u00e4tt\u00e4 ole ennakoitavissa. Alkuun tulee<br \/>\nmy\u00f6s v\u00e4ltt\u00e4\u00e4 j\u00e4tt\u00e4m\u00e4st\u00e4 lasta yksin koiran kanssa, varsinkin mik\u00e4li kotona on<br \/>\nmuitakin el\u00e4imi\u00e4 tai kyseess\u00e4 on ensimm\u00e4inen koira lapsen aikana.<\/p>\n<p><strong>Perheen muut el\u00e4imet<\/strong><\/p>\n<p>Mik\u00e4li kotona on toisia koiria, on hyv\u00e4 tutustuttaa koirat ulkona toisiinsa. Jos<br \/>\nkotona on jo monta koiraa, on hyv\u00e4 tehd\u00e4 tutustutus ensimm\u00e4isell\u00e4 kerralla<br \/>\nyksitellen. Tutustutus on hyv\u00e4 tehd\u00e4 ymp\u00e4rist\u00f6ss\u00e4, joka perheen aiemmalle<br \/>\nkoiralle tutuimmasta p\u00e4\u00e4st\u00e4, jotta h\u00e4n ei koe tarvetta puolustaa reviiri\u00e4\u00e4n.<br \/>\nTutustumistilanteessa suositellaan ainakin kahden aikuisen l\u00e4sn\u00e4oloa, jolloin<br \/>\ntoinen pit\u00e4\u00e4 toista koiraa ja toinen toista. Lenkitt\u00e4minen n\u00e4in on hyv\u00e4 keino<br \/>\nantaa koirien tutustua toisiinsa. Mik\u00e4li tunnet oman koirasi tai uuden koiran<br \/>\nep\u00e4varmaksi, voi tutustuttamisessa k\u00e4ytt\u00e4\u00e4 kuonokoppia. Kotoa tulee ker\u00e4t\u00e4<br \/>\npois luut, lelut ja muut resurssit, joita koirat voivat omia ja suojella. N\u00e4in v\u00e4ltyt\u00e4\u00e4n turhilta konflikteilta. Leluja voi koirille alkaa antamaan valvotusti,<br \/>\njotta kukaan ei koe tarvetta puolustaa omaa leluaan toiselta\/toisilta. T\u00e4st\u00e4<br \/>\njohtuen on my\u00f6s suositeltavaa ruokkia koirat aluksi eri puolilla huonetta ja<br \/>\nruoka-agressiivisten kohdalla jopa eri huoneissa mahdollisuuksien mukaan.<br \/>\nEmme suosittele j\u00e4tt\u00e4m\u00e4\u00e4n uutta koiraa kesken\u00e4\u00e4n aiempien koirien kanssa<br \/>\nensimm\u00e4isten viikkojen aikana, jos perheen ihmiset eiv\u00e4t ole paikalla.<br \/>\nKesken\u00e4\u00e4n j\u00e4tt\u00e4minen tulisi aloittaa pikkuhiljaa harjoitellen, aivan kuten<br \/>\nyksinolo ylip\u00e4\u00e4t\u00e4\u00e4n.<\/p>\n<p><strong>Hoitotoimenpiteet<\/strong><\/p>\n<p>Koira kannattaa pest\u00e4 heti Suomeen saapumisen j\u00e4lkeen, shampooksi eritt\u00e4in<br \/>\nhyv\u00e4 vaihtoehto on esimerkiksi Hexocil, joka sis\u00e4lt\u00e4\u00e4 koiran ihoa rauhoittavia<br \/>\nainesosia. Vaihtoehtoisesti joku muu herk\u00e4lle iholle tarkoitettu koirashampoo.<br \/>\nMik\u00e4li koiran iho ja karva on hyv\u00e4ss\u00e4 kunnossa, ei ole tarvetta s\u00e4\u00e4nn\u00f6llisille<br \/>\npesuille. Koiran ihoa kylmyydelt\u00e4 ja kuumuudelta suojaa parhaiten karvan<br \/>\noma rasvoittuminen, josta johtuen liiallista pesemist\u00e4 tulee v\u00e4ltt\u00e4\u00e4.<br \/>\nKurakeleill\u00e4 riitt\u00e4\u00e4 koiran huuhtelu kuraisilta alueilta haalealla vedell\u00e4.<br \/>\nVarpaiden ja anturoiden v\u00e4lit tulee muistaa kuivata eritt\u00e4in huolellisesti, jottei<br \/>\nkosteus j\u00e4\u00e4 niihin muhimaan. Koirilla on usein pitk\u00e4t kynnet saapuessaan,<br \/>\nmutta koiraa kannattaa ensin totuttaa tassujen k\u00e4sittelyyn ja leikata vasta n.<br \/>\nparin viikon kuluttua saapumisesta koiran ehdoilla. Jos koira antaa leikata<br \/>\nvain yhden kynnen kerrallaan, niin silloin on paras tehd\u00e4 niin.<\/p>\n<p><strong>Loish\u00e4\u00e4t\u00f6<\/strong><\/p>\n<p>Tarhalla annettava madotus ei aina riit\u00e4 ja koirat on hyv\u00e4 madottaa uudelleen,<br \/>\nkun ne saapuvat Suomeen. Suosittelemme madottamaan koiran Suomeen<br \/>\ntulosta kahden viikon kuluttua esim. Drontal tai Dronbits- nimisell\u00e4<br \/>\nl\u00e4\u00e4kkeell\u00e4 (tai muu pratsikvanteli). T\u00e4st\u00e4 madotuksesta viel\u00e4 kahden viikon<br \/>\np\u00e4\u00e4st\u00e4 my\u00f6s Axilur-nimisell\u00e4 matol\u00e4\u00e4kkell\u00e4, kolmen p\u00e4iv\u00e4n kuurilla. Axilur<br \/>\ntappaa mahdollisen giardialoisen tehokkaasti. Giardiaa esiintyy my\u00f6s<br \/>\nSuomessa. Mik\u00e4li perheess\u00e4 on muita koiria, tulisi my\u00f6s heid\u00e4t madottaa<br \/>\nsamanaikaisesti. Koiralle on annettu tarhalla Bravecto \u2013ulkoloish\u00e4\u00e4t\u00f6, jonka<br \/>\nvaikutus kest\u00e4\u00e4 3kk tai Nexgard -ulkoloish\u00e4\u00e4t\u00f6, jonka vaikutus kest\u00e4\u00e4<br \/>\nkuukauden.<\/p>\n<p><strong>Yleisesti<\/strong><\/p>\n<p>Koira kannattaa saapuessaan tarkastaa huolellisesti, sill\u00e4 monilla koirilla voi<br \/>\nilmet\u00e4 silm\u00e4- ja korvatulehduksia tai ysk\u00e4\u00e4. Koirien hampaat voivat olla my\u00f6s<br \/>\nhuonossa kunnossa, koska tarhalla ei ole mahdollisuuksia hammashuoltoja<br \/>\ntehd\u00e4 koirille. Hampaiden tarkastusta kannattaa kuitenkin odottaa siihen, ett\u00e4<br \/>\nkoira on kotiutunut rauhassa. Tarhalla k\u00e4ytet\u00e4\u00e4n kastraatiossa ja<br \/>\nsterilioinnissa itsest\u00e4\u00e4n sulavia tikkej\u00e4, mutta n\u00e4m\u00e4 kannattaa tarkastaa ja<br \/>\nmik\u00e4li on j\u00e4\u00e4nyt sulamattomia tikkej\u00e4, tulee ne poistattaa el\u00e4inl\u00e4\u00e4k\u00e4rill\u00e4.<\/p>\n<p><strong>Ruokinta<\/strong><\/p>\n<p>Tarhalla koirat sy\u00f6v\u00e4t kuivamuonaa, joita tarha saa lahjoituksena eli merkki<br \/>\nsaattaa vaihdella l\u00e4hes p\u00e4ivitt\u00e4in. T\u00e4st\u00e4, madotuksesta ja matkan<br \/>\naiheuttamasta stressist\u00e4 johtuen koirilla voi usein olla ripulia heid\u00e4n<br \/>\nsaapuessaan. Vatsan tasapainon l\u00f6ytymisen nopeuttamiseksi voi antaa koirille<br \/>\ntarkoitettua maitohappobakteeria, joita voi ostaa apteekeista tai<br \/>\nlemmikkitarvikeliikkeist\u00e4. Yhdistys suosittelee aina antamaan koirille<br \/>\nviljatonta ruokaa, koska useat koirat ovat viljalle yliherkki\u00e4. Suosittelemme<br \/>\naloittamaan ruokinnan yhdell\u00e4 proteiinilla, jotta makupalat ja ruoka olisivat<br \/>\nsamaa. Kun n\u00e4hd\u00e4\u00e4n, ettei t\u00e4h\u00e4n proteiininl\u00e4hteeseen tule huonoja reaktioita,<br \/>\nvoi proteiinej\u00e4 l\u00e4hte\u00e4 testaamaan yksitellen. Mik\u00e4li haluat vinkkej\u00e4<br \/>\nruokintaan tai ruoan valintaan, yhdistys auttaa mielell\u00e4\u00e4n. On hyv\u00e4 varautua,<br \/>\nett\u00e4 sopivaa ruokaa voi joutua etsim\u00e4\u00e4n pitk\u00e4\u00e4nkin.<\/p>\n<p><strong>Liikunta<\/strong><\/p>\n<p>Tarhalla koirat p\u00e4\u00e4sev\u00e4t lenkille kerran viikossa ja muuten ovat suljettuina<br \/>\naitauksiinsa\/kenneleihins\u00e4, t\u00e4st\u00e4 johtuen alkuun koiran yleiskunto ja lihakset<br \/>\nvoivat olla huonossa kunnossa. Alkuun suositeltavaa on l\u00e4hte\u00e4 liikkeelle<br \/>\nrauhallisesti ja lyhyin k\u00e4velylenkein, josta asteittain lenkin pituutta tai<br \/>\nrasittavuutta voi lis\u00e4t\u00e4. Koiraa ei tulisi p\u00e4\u00e4st\u00e4\u00e4 miss\u00e4\u00e4n nimess\u00e4 vapaaksi<br \/>\naitaamattomalla tai matala-aitaisella alueella alkuaikoina, kun koira ei viel\u00e4<br \/>\ntunne ymp\u00e4rist\u00f6\u00e4\u00e4n eik\u00e4 ole luonut viel\u00e4 luottamussidett\u00e4 omistajaansa.<br \/>\nEdellyt\u00e4mme ulkoilutusta alkuun turvavaljailla, sek\u00e4 tarvittaessa viel\u00e4<br \/>\npantaan kiinnitetyll\u00e4 erillisell\u00e4 hihnalla. Juuri saapuneella koiralla ei miss\u00e4\u00e4n<br \/>\nnimess\u00e4 saa k\u00e4ytt\u00e4\u00e4 flexi\u00e4 eik\u00e4 sit\u00e4 saa p\u00e4\u00e4st\u00e4\u00e4 vapaaksi aitaamattomalla<br \/>\nalueella.<\/p>\n","protected":false},"excerpt":{"rendered":"<p>Tulo perheeseen on suuri muutos sek\u00e4 koiralle, ett\u00e4 perheelle ja haluamme yhdistyksen\u00e4 auttaa kaikessa mahdollisessa. Toivomme, ett\u00e4 adoptoijat ovat oma-aloitteisia ja pit\u00e4v\u00e4t yhteytt\u00e4 kertoen koiran voinnista, arjen kulusta ja ennen kaikkea mahdollisista ongelmista. Saapuminen Koirat luovutetaan ennaltasovitulla luovutuspaikalla, joko Helsingiss\u00e4 &hellip; <a href=\"https:\/\/www.secondchancerescue.fi\/?page_id=226\">Lue loppuun <span class=\"meta-nav\">&rarr;<\/span><\/a><\/p>\n","protected":false},"author":1,"featured_media":0,"parent":0,"menu_order":0,"comment_status":"closed","ping_status":"closed","template":"","meta":{"ngg_post_thumbnail":0,"footnotes":""},"class_list":["post-226","page","type-page","status-publish","hentry"],"_links":{"self":[{"href":"https:\/\/www.secondchancerescue.fi\/index.php?rest_route=\/wp\/v2\/pages\/226","targetHints":{"allow":["GET"]}}],"collection":[{"href":"https:\/\/www.secondchancerescue.fi\/index.php?rest_route=\/wp\/v2\/pages"}],"about":[{"href":"https:\/\/www.secondchancerescue.fi\/index.php?rest_route=\/wp\/v2\/types\/page"}],"author":[{"embeddable":true,"href":"https:\/\/www.secondchancerescue.fi\/index.php?rest_route=\/wp\/v2\/users\/1"}],"replies":[{"embeddable":true,"href":"https:\/\/www.secondchancerescue.fi\/index.php?rest_route=%2Fwp%2Fv2%2Fcomments&post=226"}],"version-history":[{"count":5,"href":"https:\/\/www.secondchancerescue.fi\/index.php?rest_route=\/wp\/v2\/pages\/226\/revisions"}],"predecessor-version":[{"id":5255,"href":"https:\/\/www.secondchancerescue.fi\/index.php?rest_route=\/wp\/v2\/pages\/226\/revisions\/5255"}],"wp:attachment":[{"href":"https:\/\/www.secondchancerescue.fi\/index.php?rest_route=%2Fwp%2Fv2%2Fmedia&parent=226"}],"curies":[{"name":"wp","href":"https:\/\/api.w.org\/{rel}","templated":true}]}}