{"id":2812,"date":"2021-07-12T14:26:23","date_gmt":"2021-07-12T14:26:23","guid":{"rendered":"https:\/\/www.secondchancerescue.fi\/?page_id=2812"},"modified":"2024-01-08T16:50:28","modified_gmt":"2024-01-08T16:50:28","slug":"jenny","status":"publish","type":"page","link":"https:\/\/www.secondchancerescue.fi\/?page_id=2812","title":{"rendered":"Jenny"},"content":{"rendered":"\n<p>Jenny t\u00e4ytt\u00e4\u00e4 pian 8v ja ollut tarhalla jo helmikuusta -19 l\u00e4htien eli ansaitsisi jo p\u00e4\u00e4st\u00e4 viett\u00e4m\u00e4\u00e4n el\u00e4kep\u00e4ivi\u00e4 omaan, rauhalliseen kotiin. Jenny on tarhalla hyvin tasaisen ja melko rauhallisen oloinen rouva. H\u00e4n nauttii lenkkeilyst\u00e4, mutta ei kuitenkaan vaadi en\u00e4\u00e4 \u00e4lytt\u00f6m\u00e4sti muita aktiviteetteja eli viihtyisi varmasti mainiosti lenkkikaverina! Jenny jakaa tarhalla h\u00e4kin uroksen kanssa ongelmitta, mutta p\u00e4rj\u00e4isi varmasti my\u00f6s hyvin ainoana koirana. Jos perheess\u00e4 on jo koira, tulisi sen olla uros ja mielell\u00e4\u00e4n rauhallisempi yksil\u00f6.Jenny on n.50cm korkea ja painaa n.25kg. H\u00e4n on syntynyt lokakuussa -13. Emme sijoita Jenny\u00e4 alle kouluik\u00e4isten lasten kanssa. Kissoja ei testattu.<\/p>\n\n\n\n<p>Arvioitu syntym\u00e4aika: lokakuu 2013<br>Syntym\u00e4maa: Espanja <br>Sijainti: Espanja, Triple A Marbella -tarha <br>Adoptoiva yhdistys: Second Chance Rescue ry <br>Tunnus: 24039471<\/p>\n\n\n\nngg_shortcode_0_placeholder\n","protected":false},"excerpt":{"rendered":"<p>Jenny t\u00e4ytt\u00e4\u00e4 pian 8v ja ollut tarhalla jo helmikuusta -19 l\u00e4htien eli ansaitsisi jo p\u00e4\u00e4st\u00e4 viett\u00e4m\u00e4\u00e4n el\u00e4kep\u00e4ivi\u00e4 omaan, rauhalliseen kotiin. Jenny on tarhalla hyvin tasaisen ja melko rauhallisen oloinen rouva. H\u00e4n nauttii lenkkeilyst\u00e4, mutta ei kuitenkaan vaadi en\u00e4\u00e4 \u00e4lytt\u00f6m\u00e4sti muita &hellip; <a href=\"https:\/\/www.secondchancerescue.fi\/?page_id=2812\">Lue loppuun <span class=\"meta-nav\">&rarr;<\/span><\/a><\/p>\n","protected":false},"author":1,"featured_media":0,"parent":0,"menu_order":0,"comment_status":"closed","ping_status":"closed","template":"","meta":{"ngg_post_thumbnail":0,"footnotes":""},"class_list":["post-2812","page","type-page","status-publish","hentry"],"_links":{"self":[{"href":"https:\/\/www.secondchancerescue.fi\/index.php?rest_route=\/wp\/v2\/pages\/2812","targetHints":{"allow":["GET"]}}],"collection":[{"href":"https:\/\/www.secondchancerescue.fi\/index.php?rest_route=\/wp\/v2\/pages"}],"about":[{"href":"https:\/\/www.secondchancerescue.fi\/index.php?rest_route=\/wp\/v2\/types\/page"}],"author":[{"embeddable":true,"href":"https:\/\/www.secondchancerescue.fi\/index.php?rest_route=\/wp\/v2\/users\/1"}],"replies":[{"embeddable":true,"href":"https:\/\/www.secondchancerescue.fi\/index.php?rest_route=%2Fwp%2Fv2%2Fcomments&post=2812"}],"version-history":[{"count":3,"href":"https:\/\/www.secondchancerescue.fi\/index.php?rest_route=\/wp\/v2\/pages\/2812\/revisions"}],"predecessor-version":[{"id":4466,"href":"https:\/\/www.secondchancerescue.fi\/index.php?rest_route=\/wp\/v2\/pages\/2812\/revisions\/4466"}],"wp:attachment":[{"href":"https:\/\/www.secondchancerescue.fi\/index.php?rest_route=%2Fwp%2Fv2%2Fmedia&parent=2812"}],"curies":[{"name":"wp","href":"https:\/\/api.w.org\/{rel}","templated":true}]}}