{"id":3149,"date":"2022-01-30T17:11:36","date_gmt":"2022-01-30T17:11:36","guid":{"rendered":"https:\/\/www.secondchancerescue.fi\/?page_id=3149"},"modified":"2024-01-08T16:44:36","modified_gmt":"2024-01-08T16:44:36","slug":"yuma","status":"publish","type":"page","link":"https:\/\/www.secondchancerescue.fi\/?page_id=3149","title":{"rendered":"Yuma"},"content":{"rendered":"\n<p>Yuma on narttu, h\u00e4n on syntynyt arviolta toukokuussa -19 ja tuotu tarhalle 11.11.21. H\u00e4nell\u00e4 ei ollut l\u00f6ydett\u00e4ess\u00e4 sirua eik\u00e4 h\u00e4nen taustoistaan tiedet\u00e4 mit\u00e4\u00e4n. Yuma saattaa h\u00e4kist\u00e4 haukkua uusille ihmisille, mutta tottuu pian. Hihnassa h\u00e4n voi vet\u00e4\u00e4 innostuksissaan, mutta pyydett\u00e4ess\u00e4 ottaa kontaktia. Tulevan perheen tulee olla liikunnallisuuden lis\u00e4ksi halukas ja valmistautunut panostamaan arkitaitojen opetteluun. Yuma ei oikein tule toimeen muiden koirien kanssa ja siksi h\u00e4net sijoitetaan vain ainoaksi koiraksi. H\u00e4n on n.54cm korkea.<\/p>\n\n\n\n<p>Arvioitu syntym\u00e4aika: toukokuu 2019<br>Syntym\u00e4maa: Espanja <br>Sijainti: Espanja,Triple A Marbella -tarha <br>Adoptoiva yhdistys: Second Chance Rescue ry <br>Tunnus: 24039471<\/p>\n\n\n\n<p><\/p>\n\n\n\nngg_shortcode_0_placeholder\n","protected":false},"excerpt":{"rendered":"<p>Yuma on narttu, h\u00e4n on syntynyt arviolta toukokuussa -19 ja tuotu tarhalle 11.11.21. H\u00e4nell\u00e4 ei ollut l\u00f6ydett\u00e4ess\u00e4 sirua eik\u00e4 h\u00e4nen taustoistaan tiedet\u00e4 mit\u00e4\u00e4n. Yuma saattaa h\u00e4kist\u00e4 haukkua uusille ihmisille, mutta tottuu pian. Hihnassa h\u00e4n voi vet\u00e4\u00e4 innostuksissaan, mutta pyydett\u00e4ess\u00e4 ottaa &hellip; <a href=\"https:\/\/www.secondchancerescue.fi\/?page_id=3149\">Lue loppuun <span class=\"meta-nav\">&rarr;<\/span><\/a><\/p>\n","protected":false},"author":1,"featured_media":0,"parent":0,"menu_order":0,"comment_status":"closed","ping_status":"closed","template":"","meta":{"ngg_post_thumbnail":0,"footnotes":""},"class_list":["post-3149","page","type-page","status-publish","hentry"],"_links":{"self":[{"href":"https:\/\/www.secondchancerescue.fi\/index.php?rest_route=\/wp\/v2\/pages\/3149","targetHints":{"allow":["GET"]}}],"collection":[{"href":"https:\/\/www.secondchancerescue.fi\/index.php?rest_route=\/wp\/v2\/pages"}],"about":[{"href":"https:\/\/www.secondchancerescue.fi\/index.php?rest_route=\/wp\/v2\/types\/page"}],"author":[{"embeddable":true,"href":"https:\/\/www.secondchancerescue.fi\/index.php?rest_route=\/wp\/v2\/users\/1"}],"replies":[{"embeddable":true,"href":"https:\/\/www.secondchancerescue.fi\/index.php?rest_route=%2Fwp%2Fv2%2Fcomments&post=3149"}],"version-history":[{"count":3,"href":"https:\/\/www.secondchancerescue.fi\/index.php?rest_route=\/wp\/v2\/pages\/3149\/revisions"}],"predecessor-version":[{"id":4461,"href":"https:\/\/www.secondchancerescue.fi\/index.php?rest_route=\/wp\/v2\/pages\/3149\/revisions\/4461"}],"wp:attachment":[{"href":"https:\/\/www.secondchancerescue.fi\/index.php?rest_route=%2Fwp%2Fv2%2Fmedia&parent=3149"}],"curies":[{"name":"wp","href":"https:\/\/api.w.org\/{rel}","templated":true}]}}