{"id":3166,"date":"2022-01-30T17:13:39","date_gmt":"2022-01-30T17:13:39","guid":{"rendered":"https:\/\/www.secondchancerescue.fi\/?page_id=3166"},"modified":"2025-04-27T13:41:56","modified_gmt":"2025-04-27T13:41:56","slug":"gizmo","status":"publish","type":"page","link":"https:\/\/www.secondchancerescue.fi\/?page_id=3166","title":{"rendered":"Gizmo"},"content":{"rendered":"\n<p>Gizmo etsii kotia, jossa olisi reipas ja leikkis\u00e4 koirakaveri odottamassa \ud83d\udc99 Gizmo on tuotu tarhalle 28.12.21 todella laihana ja on syntynyt arviolta helmikuussa -21. H\u00e4n on siis k\u00e4yt\u00e4nn\u00f6ss\u00e4 koko el\u00e4m\u00e4ns\u00e4 asunut tarhan h\u00e4kiss\u00e4 \ud83d\ude2a Gizmo tulee p\u00e4\u00e4asiassa hyvin toimeen muiden koirien kanssa ja aran luonteen takia etsimmekin h\u00e4nelle kotia, jossa olisi reipas ja leikkis\u00e4 kaveri, johon tukeutua. H\u00e4n rakastaa juosta muiden koirien kanssa. H\u00e4n etsii kotia maaseudulta tai muuten haja-asutusalueelta, jossa on rauhalliset lenkkimaastot, sill\u00e4 Gizmo voi s\u00e4ikky\u00e4 kovia \u00e4\u00e4ni\u00e4. Gizmo on arka uusia ihmisi\u00e4 kohtaan, joka n\u00e4kyy p\u00e4\u00e4asiassa haukkumisena. H\u00e4nen on t\u00e4rke\u00e4 antaa tutustua uusiin ihmisiin rauhakseen, omaa tahtia. Etsimme h\u00e4nelle kotia, jossa ei k\u00e4y usein vieraita, vaan arki olisi rauhallista ja tasaista. Gizmo voi pel\u00e4sty\u00e4 yht\u00e4kkisi\u00e4 liikkeit\u00e4, jonka takia emme sijoita h\u00e4nt\u00e4 lapsiperheeseen. Kunhan Gizmo tuntee ihmisen ja tuntee olonsa turvalliseksi, h\u00e4n tulee hakemaan huomiota ja rapsutuksia. Jos rapsutukset ovat liian rajuja h\u00e4nen makuunsa, h\u00e4n poistuu ja palaa hetken kuluttua takaisin uuteen yritt\u00e4m\u00e4\u00e4n. Gizmo ansaitsisi l\u00f6yt\u00e4\u00e4 perheen, jossa p\u00e4\u00e4sisi rauhassa opettelemaan arkiel\u00e4m\u00e4n taitoja ja rakentamaan luottamusta ihmisiin<\/p>\n\n\n\n<p>Arvioitu syntym\u00e4aika: helmikuu 2021<br>Syntym\u00e4maa: Espanja <br>Sijainti: Espanja, Triple A Marbella -tarha <br>Adoptoiva yhdistys: Second Chance Rescue ry <br>Tunnus: 24039471<\/p>\n\n\n\n<p>Lis\u00e4\u00e4 kuvia <a href=\"https:\/\/www.facebook.com\/media\/set\/?set=a.663976115901418&amp;type=3\">t\u00e4\u00e4lt\u00e4<\/a><\/p>\n\n\n\n<p><\/p>\n\n\n\nngg_shortcode_0_placeholder\n","protected":false},"excerpt":{"rendered":"<p>Gizmo etsii kotia, jossa olisi reipas ja leikkis\u00e4 koirakaveri odottamassa \ud83d\udc99 Gizmo on tuotu tarhalle 28.12.21 todella laihana ja on syntynyt arviolta helmikuussa -21. H\u00e4n on siis k\u00e4yt\u00e4nn\u00f6ss\u00e4 koko el\u00e4m\u00e4ns\u00e4 asunut tarhan h\u00e4kiss\u00e4 \ud83d\ude2a Gizmo tulee p\u00e4\u00e4asiassa hyvin toimeen muiden &hellip; <a href=\"https:\/\/www.secondchancerescue.fi\/?page_id=3166\">Lue loppuun <span class=\"meta-nav\">&rarr;<\/span><\/a><\/p>\n","protected":false},"author":1,"featured_media":0,"parent":0,"menu_order":0,"comment_status":"closed","ping_status":"closed","template":"","meta":{"ngg_post_thumbnail":0,"footnotes":""},"class_list":["post-3166","page","type-page","status-publish","hentry"],"_links":{"self":[{"href":"https:\/\/www.secondchancerescue.fi\/index.php?rest_route=\/wp\/v2\/pages\/3166","targetHints":{"allow":["GET"]}}],"collection":[{"href":"https:\/\/www.secondchancerescue.fi\/index.php?rest_route=\/wp\/v2\/pages"}],"about":[{"href":"https:\/\/www.secondchancerescue.fi\/index.php?rest_route=\/wp\/v2\/types\/page"}],"author":[{"embeddable":true,"href":"https:\/\/www.secondchancerescue.fi\/index.php?rest_route=\/wp\/v2\/users\/1"}],"replies":[{"embeddable":true,"href":"https:\/\/www.secondchancerescue.fi\/index.php?rest_route=%2Fwp%2Fv2%2Fcomments&post=3166"}],"version-history":[{"count":5,"href":"https:\/\/www.secondchancerescue.fi\/index.php?rest_route=\/wp\/v2\/pages\/3166\/revisions"}],"predecessor-version":[{"id":5362,"href":"https:\/\/www.secondchancerescue.fi\/index.php?rest_route=\/wp\/v2\/pages\/3166\/revisions\/5362"}],"wp:attachment":[{"href":"https:\/\/www.secondchancerescue.fi\/index.php?rest_route=%2Fwp%2Fv2%2Fmedia&parent=3166"}],"curies":[{"name":"wp","href":"https:\/\/api.w.org\/{rel}","templated":true}]}}