{"id":3317,"date":"2022-04-11T19:23:43","date_gmt":"2022-04-11T19:23:43","guid":{"rendered":"https:\/\/www.secondchancerescue.fi\/?page_id=3317"},"modified":"2025-04-27T13:38:44","modified_gmt":"2025-04-27T13:38:44","slug":"spike","status":"publish","type":"page","link":"https:\/\/www.secondchancerescue.fi\/?page_id=3317","title":{"rendered":"Spike"},"content":{"rendered":"\n<p>Spike etsii tasaista arkea el\u00e4v\u00e4\u00e4 perhett\u00e4 rauhallisten lenkkimaastojen l\u00e4heisyydest\u00e4&nbsp;<img decoding=\"async\" height=\"16\" width=\"16\" alt=\"\u2764\ufe0f\" src=\"https:\/\/static.xx.fbcdn.net\/images\/emoji.php\/v9\/t6c\/1\/16\/2764.png\"><\/p>\n\n\n\n<p>Spike on syntynyt arviolta lokakuussa -16 ja h\u00e4net on tuotu tarhalle 9.4.21. H\u00e4net on l\u00f6ydetty kadulta ilman sirua eli h\u00e4nen taustoistaan ennen tarhaa ei ole tietoa. Spike on n.55cm korkea ja painaa noin 25kg.<\/p>\n\n\n\n<p>Spike sopisi mainiosti lenkkikaveriksi perheeseen, jossa tyk\u00e4t\u00e4\u00e4n liikkua luonnossa. H\u00e4n ei ole hyperaktiivinen eli varmasti kunnon lenkkien j\u00e4lkeen nauttii my\u00f6s rauhallisesta oleilusta omien ihmisten kanssa. H\u00e4n on todella stressaantunut tarhaymp\u00e4rist\u00f6ss\u00e4 eik\u00e4 pysty silloin juuri keskittym\u00e4\u00e4n ihmisiin. Tulevan perheen tulee ymm\u00e4rt\u00e4\u00e4 rauhassa keskitty\u00e4 stressitasojen laskuun ja tasapainoisen arjen l\u00f6ytymiseen.<\/p>\n\n\n\n<p>H\u00e4n on tarhalla tullut hyvin toimeen narttukoirien kanssa, mutta uroksien kanssa h\u00e4n ei tule toimeen. Spike ei kuitenkaan pitk\u00e4\u00e4n aikaan ole jakanut h\u00e4kki\u00e4 toisen koiran kanssa, joten mik\u00e4li tulevassa kodissa olisi narttukaveri, on t\u00e4rke\u00e4 varautua rauhalliseen tutustuttamiseen.<\/p>\n\n\n\n<p>Arvioitu syntym\u00e4aika: lokakuu 2016<br>Syntym\u00e4maa: Espanja <br>Sijainti: Espanja, Los Barrios -tarha <br>Adoptoiva yhdistys: Second Chance Rescue ry Tunnus: 24039471<\/p>\n\n\n\n<p>Lis\u00e4\u00e4 kuvia <a href=\"https:\/\/www.facebook.com\/media\/set\/?set=a.1392143791223597&amp;type=3\">t\u00e4\u00e4lt\u00e4<\/a><\/p>\n\n\n\n<p><\/p>\n\n\n\nngg_shortcode_0_placeholder\n","protected":false},"excerpt":{"rendered":"<p>Spike etsii tasaista arkea el\u00e4v\u00e4\u00e4 perhett\u00e4 rauhallisten lenkkimaastojen l\u00e4heisyydest\u00e4&nbsp; Spike on syntynyt arviolta lokakuussa -16 ja h\u00e4net on tuotu tarhalle 9.4.21. H\u00e4net on l\u00f6ydetty kadulta ilman sirua eli h\u00e4nen taustoistaan ennen tarhaa ei ole tietoa. Spike on n.55cm korkea ja &hellip; <a href=\"https:\/\/www.secondchancerescue.fi\/?page_id=3317\">Lue loppuun <span class=\"meta-nav\">&rarr;<\/span><\/a><\/p>\n","protected":false},"author":1,"featured_media":0,"parent":0,"menu_order":0,"comment_status":"closed","ping_status":"closed","template":"","meta":{"ngg_post_thumbnail":0,"footnotes":""},"class_list":["post-3317","page","type-page","status-publish","hentry"],"_links":{"self":[{"href":"https:\/\/www.secondchancerescue.fi\/index.php?rest_route=\/wp\/v2\/pages\/3317","targetHints":{"allow":["GET"]}}],"collection":[{"href":"https:\/\/www.secondchancerescue.fi\/index.php?rest_route=\/wp\/v2\/pages"}],"about":[{"href":"https:\/\/www.secondchancerescue.fi\/index.php?rest_route=\/wp\/v2\/types\/page"}],"author":[{"embeddable":true,"href":"https:\/\/www.secondchancerescue.fi\/index.php?rest_route=\/wp\/v2\/users\/1"}],"replies":[{"embeddable":true,"href":"https:\/\/www.secondchancerescue.fi\/index.php?rest_route=%2Fwp%2Fv2%2Fcomments&post=3317"}],"version-history":[{"count":4,"href":"https:\/\/www.secondchancerescue.fi\/index.php?rest_route=\/wp\/v2\/pages\/3317\/revisions"}],"predecessor-version":[{"id":5358,"href":"https:\/\/www.secondchancerescue.fi\/index.php?rest_route=\/wp\/v2\/pages\/3317\/revisions\/5358"}],"wp:attachment":[{"href":"https:\/\/www.secondchancerescue.fi\/index.php?rest_route=%2Fwp%2Fv2%2Fmedia&parent=3317"}],"curies":[{"name":"wp","href":"https:\/\/api.w.org\/{rel}","templated":true}]}}