{"id":4348,"date":"2023-12-16T16:22:59","date_gmt":"2023-12-16T16:22:59","guid":{"rendered":"https:\/\/www.secondchancerescue.fi\/?page_id=4348"},"modified":"2025-03-16T14:31:50","modified_gmt":"2025-03-16T14:31:50","slug":"thay","status":"publish","type":"page","link":"https:\/\/www.secondchancerescue.fi\/?page_id=4348","title":{"rendered":"Thay"},"content":{"rendered":"\n<p>Thay etsii perhett\u00e4, jossa nautitaan luonnossa liikkumisesta ja koiran kanssa puuhailusta \ud83d\udc99 Thay on syntynyt arviolta huhtikuussa -17 ja h\u00e4net on tuotu tarhalle 3.9.23. H\u00e4n on tarhalla jakanut h\u00e4kki\u00e4 niin narttujen kuin uroksen kanssa, mutta on ajoittain valikoiva koirakavereistaan. T\u00e4m\u00e4n takia h\u00e4nelle etsit\u00e4\u00e4n ensisijaisesti kotia ainoana koirana. Jos perheess\u00e4 on toinen koira, on t\u00e4rke\u00e4 varautua rauhalliseen tutustuttamiseen ja silloin kodista tulee l\u00f6yty\u00e4 hyv\u00e4t erist\u00e4mismahdollisuudet. Thay on l\u00e4hestyv\u00e4st\u00e4 seniori-i\u00e4st\u00e4\u00e4n huolimatta aktiivinen, h\u00e4n nauttii lenkkeilyst\u00e4 ja aidatulla alueella juoksemisesta. H\u00e4n vet\u00e4\u00e4 hihnassa alkulenkist\u00e4, mutta isoimmat energiat purettuaan kulkee rennommin. H\u00e4n tykk\u00e4\u00e4 tutkia ymp\u00e4rist\u00f6\u00e4 itsen\u00e4isesti, mutta ottaa kontaktia kutsuttaessa. Thay on avoin ja sosiaalinen uusiakin ihmisi\u00e4 kohtaan. Thaylta on leikattu polven ristiside, jonka takia kerrostaloon kotiuttaessa tulisi talosta l\u00f6yty\u00e4 hissi. Polvi ei rajoita arkiel\u00e4m\u00e4\u00e4 Thaylla, mutta agilitykoiraksi ei h\u00e4nest\u00e4 ole.<\/p>\n\n\n\n<p>Arvioitu syntym\u00e4aika: huhtikuu 2017<br>Syntym\u00e4maa: Espanja <br>Sijainti: Espanja, Triple A Marbella -tarha <br>Adoptoiva yhdistys: Second Chance Rescue ry <br>Tunnus: 24039471<\/p>\n\n\n\n<p>Lis\u00e4\u00e4 kuvia <a href=\"https:\/\/www.facebook.com\/media\/set\/?set=a.656122216686808&amp;type=3\">t\u00e4\u00e4lt\u00e4<\/a><\/p>\n\n\n\n<p><\/p>\n\n\n\nngg_shortcode_0_placeholder\n","protected":false},"excerpt":{"rendered":"<p>Thay etsii perhett\u00e4, jossa nautitaan luonnossa liikkumisesta ja koiran kanssa puuhailusta \ud83d\udc99 Thay on syntynyt arviolta huhtikuussa -17 ja h\u00e4net on tuotu tarhalle 3.9.23. H\u00e4n on tarhalla jakanut h\u00e4kki\u00e4 niin narttujen kuin uroksen kanssa, mutta on ajoittain valikoiva koirakavereistaan. T\u00e4m\u00e4n &hellip; <a href=\"https:\/\/www.secondchancerescue.fi\/?page_id=4348\">Lue loppuun <span class=\"meta-nav\">&rarr;<\/span><\/a><\/p>\n","protected":false},"author":1,"featured_media":0,"parent":0,"menu_order":0,"comment_status":"closed","ping_status":"closed","template":"","meta":{"ngg_post_thumbnail":0,"footnotes":""},"class_list":["post-4348","page","type-page","status-publish","hentry"],"_links":{"self":[{"href":"https:\/\/www.secondchancerescue.fi\/index.php?rest_route=\/wp\/v2\/pages\/4348","targetHints":{"allow":["GET"]}}],"collection":[{"href":"https:\/\/www.secondchancerescue.fi\/index.php?rest_route=\/wp\/v2\/pages"}],"about":[{"href":"https:\/\/www.secondchancerescue.fi\/index.php?rest_route=\/wp\/v2\/types\/page"}],"author":[{"embeddable":true,"href":"https:\/\/www.secondchancerescue.fi\/index.php?rest_route=\/wp\/v2\/users\/1"}],"replies":[{"embeddable":true,"href":"https:\/\/www.secondchancerescue.fi\/index.php?rest_route=%2Fwp%2Fv2%2Fcomments&post=4348"}],"version-history":[{"count":3,"href":"https:\/\/www.secondchancerescue.fi\/index.php?rest_route=\/wp\/v2\/pages\/4348\/revisions"}],"predecessor-version":[{"id":5305,"href":"https:\/\/www.secondchancerescue.fi\/index.php?rest_route=\/wp\/v2\/pages\/4348\/revisions\/5305"}],"wp:attachment":[{"href":"https:\/\/www.secondchancerescue.fi\/index.php?rest_route=%2Fwp%2Fv2%2Fmedia&parent=4348"}],"curies":[{"name":"wp","href":"https:\/\/api.w.org\/{rel}","templated":true}]}}