{"id":4424,"date":"2023-12-29T11:38:54","date_gmt":"2023-12-29T11:38:54","guid":{"rendered":"https:\/\/www.secondchancerescue.fi\/?page_id=4424"},"modified":"2025-08-31T19:44:57","modified_gmt":"2025-08-31T19:44:57","slug":"sultan","status":"publish","type":"page","link":"https:\/\/www.secondchancerescue.fi\/?page_id=4424","title":{"rendered":"Sultan"},"content":{"rendered":"\n<p>Sultan etsii aktiivista kotia ainoana koirana \ud83e\udde1 <\/p>\n\n\n\n<p>Sultan on tuotu tarhalle 6.5.21, koska sen edellinen omistaja joutui kodittomaksi. H\u00e4n on syntynyt joulukuussa -17. Sultan on melko isokokoinen, n.60cm korkea, mutta t\u00e4st\u00e4 huolimatta pit\u00e4\u00e4 itse\u00e4\u00e4n sylikoirana. H\u00e4n on aktiivinen ja vaikuttaa motivoituvan hyvin nameista. H\u00e4n sopii perheeseen, jossa tyk\u00e4t\u00e4\u00e4n liikkua luonnossa ja arjessa tyk\u00e4t\u00e4\u00e4n aktivoida koiraa esim temppujen opettelulla tai harrastamalla jotain lajia. Sultan rakastaa uimista, joten olisi ihana jos tulevan kodin l\u00e4heisyydest\u00e4 l\u00f6ytyisi j\u00e4rvi kes\u00e4isi\u00e4 uintireissuja varten. <\/p>\n\n\n\n<p>Sultan rakastaa pusutella ihmisi\u00e4 ja h\u00e4n rakastaa leikki- ja rapsutustuokioita. H\u00e4n kuitenkin innostuu jopa liikaakin herk\u00e4sti eik\u00e4 aina tajua omaa kokoaan, joten h\u00e4nt\u00e4 ei sijoiteta perheeseen, jossa on pieni\u00e4 lapsia. Sultan kulkee p\u00e4\u00e4asiassa kivasti hihnassa, mutta vet\u00e4ess\u00e4\u00e4n on hyvin vahva eli hihnak\u00e4yt\u00f6kseen tulee panostaa my\u00f6s tulevassa kodissa. H\u00e4n innostuessaan voi pyrki\u00e4 ottamaan keppej\u00e4 ja kivi\u00e4 suuhunsa leluina, joten luopumisen harjoittelua tulee jatkaa tulevassa kodissa. Sultan ei tule toimeen muiden koirien kanssa eli h\u00e4net sijoitetaan vain ainoaksi koiraksi. <\/p>\n\n\n\n<p>T\u00e4h\u00e4n hurmuriin ei voi olla rakastumatta h\u00e4net tavatessaan \ud83e\udde1<\/p>\n\n\n\n<p>Arvioitu syntym\u00e4aika: joulukuu 2017<br>Syntym\u00e4maa: Espanja <br>Sijainti: Espanja, Triple A Marbella -tarha <br>Adoptoiva yhdistys: Second Chance Rescue ry <br>Tunnus: 24039471<\/p>\n\n\n\n<p>Lis\u00e4\u00e4 kuvia <a href=\"https:\/\/www.facebook.com\/media\/set\/?set=a.663719942593702&amp;type=3\">t\u00e4\u00e4lt\u00e4<\/a><\/p>\n\n\n\n<p><\/p>\n\n\n\nngg_shortcode_0_placeholder\n","protected":false},"excerpt":{"rendered":"<p>Sultan etsii aktiivista kotia ainoana koirana \ud83e\udde1 Sultan on tuotu tarhalle 6.5.21, koska sen edellinen omistaja joutui kodittomaksi. H\u00e4n on syntynyt joulukuussa -17. Sultan on melko isokokoinen, n.60cm korkea, mutta t\u00e4st\u00e4 huolimatta pit\u00e4\u00e4 itse\u00e4\u00e4n sylikoirana. H\u00e4n on aktiivinen ja vaikuttaa &hellip; <a href=\"https:\/\/www.secondchancerescue.fi\/?page_id=4424\">Lue loppuun <span class=\"meta-nav\">&rarr;<\/span><\/a><\/p>\n","protected":false},"author":1,"featured_media":0,"parent":0,"menu_order":0,"comment_status":"closed","ping_status":"closed","template":"","meta":{"ngg_post_thumbnail":0,"footnotes":""},"class_list":["post-4424","page","type-page","status-publish","hentry"],"_links":{"self":[{"href":"https:\/\/www.secondchancerescue.fi\/index.php?rest_route=\/wp\/v2\/pages\/4424","targetHints":{"allow":["GET"]}}],"collection":[{"href":"https:\/\/www.secondchancerescue.fi\/index.php?rest_route=\/wp\/v2\/pages"}],"about":[{"href":"https:\/\/www.secondchancerescue.fi\/index.php?rest_route=\/wp\/v2\/types\/page"}],"author":[{"embeddable":true,"href":"https:\/\/www.secondchancerescue.fi\/index.php?rest_route=\/wp\/v2\/users\/1"}],"replies":[{"embeddable":true,"href":"https:\/\/www.secondchancerescue.fi\/index.php?rest_route=%2Fwp%2Fv2%2Fcomments&post=4424"}],"version-history":[{"count":3,"href":"https:\/\/www.secondchancerescue.fi\/index.php?rest_route=\/wp\/v2\/pages\/4424\/revisions"}],"predecessor-version":[{"id":5500,"href":"https:\/\/www.secondchancerescue.fi\/index.php?rest_route=\/wp\/v2\/pages\/4424\/revisions\/5500"}],"wp:attachment":[{"href":"https:\/\/www.secondchancerescue.fi\/index.php?rest_route=%2Fwp%2Fv2%2Fmedia&parent=4424"}],"curies":[{"name":"wp","href":"https:\/\/api.w.org\/{rel}","templated":true}]}}