{"id":4565,"date":"2024-01-13T18:10:59","date_gmt":"2024-01-13T18:10:59","guid":{"rendered":"https:\/\/www.secondchancerescue.fi\/?page_id=4565"},"modified":"2024-01-13T18:11:00","modified_gmt":"2024-01-13T18:11:00","slug":"eva","status":"publish","type":"page","link":"https:\/\/www.secondchancerescue.fi\/?page_id=4565","title":{"rendered":"Eva"},"content":{"rendered":"\n<p>Eva etsii aktiivista ja liikunnallista kotia ainoana koirana \u2764\ufe0f Eva on tuotu tarhalle 30.12.22 ja on syntynyt joulukuussa -18. H\u00e4nell\u00e4 oli siru jo l\u00f6ydett\u00e4ess\u00e4, mutta siruun rekister\u00f6ity omistaja oli antanut h\u00e4net pois jo vuosi aiemmin eik\u00e4 viimeisest\u00e4 omistajasta ollut tietoja. Eva on energinen koira, josta saisi varmasti mahtavan lenkkikaverin perheelle, joka nauttii ulkoilla. H\u00e4n on sosiaalinen ja avoin uusiakin ihmisi\u00e4 kohtaan. Tarhalla ymp\u00e4rist\u00f6n tutkiminen on h\u00e4nelle palkitsevampaa kuin ihmisten rapsutettavaksi j\u00e4\u00e4minen, mutta nameilla saa houkuteltua hieman malttamaankin. Eva on melko stressaantuneen oloinen ja rauhaton tarhalla, mutta t\u00e4m\u00e4 varmasti helpottaa kun arjessa saa riitt\u00e4v\u00e4sti liikuntaa ja muuta aktivointia. Tarhalla Eva purkaa stressi\u00e4 my\u00f6s k\u00e4pyjen ja keppien tuhoamiseen, joista luopumista joutuu varmasti harjoittelemaan my\u00f6s tulevassa kodissa. T\u00e4ll\u00e4 hetkell\u00e4 Eva vet\u00e4\u00e4 melko paljon hihnassa, joten hihnak\u00e4yt\u00f6kseen tulee panostaa. Eva my\u00f6s hyppii melko paljon, jonka takia emme sijoita h\u00e4nt\u00e4 pienten lasten kanssa. H\u00e4n on valikoiva muista koirista, joten h\u00e4net sijoitetaan vain ainoaksi koiraksi, mutta on tarhalla pystynyt lenkkeilem\u00e4\u00e4n hyvin muiden koirien l\u00e4hettyvill\u00e4. <\/p>\n\n\n\n<p>Lis\u00e4\u00e4 kuvia <a href=\"https:\/\/www.facebook.com\/media\/set\/?set=a.673874008244962&amp;type=3\">t\u00e4\u00e4lt\u00e4<\/a><\/p>\n\n\n\n<p>Arvioitu syntym\u00e4aika: Joulukuu -18 <br>Syntym\u00e4maa: Espanja <br>Sijainti: Espanja, Triple A Marbella -tarha <br>Adoptoiva yhdistys: Second Chance Rescue ry <br>Tunnus: 24039471<\/p>\n\n\n\nngg_shortcode_0_placeholder\n","protected":false},"excerpt":{"rendered":"<p>Eva etsii aktiivista ja liikunnallista kotia ainoana koirana \u2764\ufe0f Eva on tuotu tarhalle 30.12.22 ja on syntynyt joulukuussa -18. H\u00e4nell\u00e4 oli siru jo l\u00f6ydett\u00e4ess\u00e4, mutta siruun rekister\u00f6ity omistaja oli antanut h\u00e4net pois jo vuosi aiemmin eik\u00e4 viimeisest\u00e4 omistajasta ollut tietoja. &hellip; <a href=\"https:\/\/www.secondchancerescue.fi\/?page_id=4565\">Lue loppuun <span class=\"meta-nav\">&rarr;<\/span><\/a><\/p>\n","protected":false},"author":1,"featured_media":0,"parent":0,"menu_order":0,"comment_status":"closed","ping_status":"closed","template":"","meta":{"ngg_post_thumbnail":0,"footnotes":""},"class_list":["post-4565","page","type-page","status-publish","hentry"],"_links":{"self":[{"href":"https:\/\/www.secondchancerescue.fi\/index.php?rest_route=\/wp\/v2\/pages\/4565","targetHints":{"allow":["GET"]}}],"collection":[{"href":"https:\/\/www.secondchancerescue.fi\/index.php?rest_route=\/wp\/v2\/pages"}],"about":[{"href":"https:\/\/www.secondchancerescue.fi\/index.php?rest_route=\/wp\/v2\/types\/page"}],"author":[{"embeddable":true,"href":"https:\/\/www.secondchancerescue.fi\/index.php?rest_route=\/wp\/v2\/users\/1"}],"replies":[{"embeddable":true,"href":"https:\/\/www.secondchancerescue.fi\/index.php?rest_route=%2Fwp%2Fv2%2Fcomments&post=4565"}],"version-history":[{"count":1,"href":"https:\/\/www.secondchancerescue.fi\/index.php?rest_route=\/wp\/v2\/pages\/4565\/revisions"}],"predecessor-version":[{"id":4567,"href":"https:\/\/www.secondchancerescue.fi\/index.php?rest_route=\/wp\/v2\/pages\/4565\/revisions\/4567"}],"wp:attachment":[{"href":"https:\/\/www.secondchancerescue.fi\/index.php?rest_route=%2Fwp%2Fv2%2Fmedia&parent=4565"}],"curies":[{"name":"wp","href":"https:\/\/api.w.org\/{rel}","templated":true}]}}