{"id":4700,"date":"2024-02-11T14:34:17","date_gmt":"2024-02-11T14:34:17","guid":{"rendered":"https:\/\/www.secondchancerescue.fi\/?page_id=4700"},"modified":"2024-08-10T10:35:13","modified_gmt":"2024-08-10T10:35:13","slug":"kotihoitajaksi","status":"publish","type":"page","link":"https:\/\/www.secondchancerescue.fi\/?page_id=4700","title":{"rendered":"Kotihoitajaksi"},"content":{"rendered":"\t\t<div data-elementor-type=\"wp-page\" data-elementor-id=\"4700\" class=\"elementor elementor-4700\">\n\t\t\t\t\t\t<section class=\"elementor-section elementor-top-section elementor-element elementor-element-b230c55 elementor-section-boxed elementor-section-height-default elementor-section-height-default\" data-id=\"b230c55\" data-element_type=\"section\" data-e-type=\"section\">\n\t\t\t\t\t\t<div class=\"elementor-container elementor-column-gap-default\">\n\t\t\t\t\t<div class=\"elementor-column elementor-col-100 elementor-top-column elementor-element elementor-element-a87bb45\" data-id=\"a87bb45\" data-element_type=\"column\" data-e-type=\"column\">\n\t\t\t<div class=\"elementor-widget-wrap\">\n\t\t\t\t\t\t\t<\/div>\n\t\t<\/div>\n\t\t\t\t\t<\/div>\n\t\t<\/section>\n\t\t\t\t<section class=\"elementor-section elementor-top-section elementor-element elementor-element-ac23520 elementor-section-boxed elementor-section-height-default elementor-section-height-default\" data-id=\"ac23520\" data-element_type=\"section\" data-e-type=\"section\">\n\t\t\t\t\t\t<div class=\"elementor-container elementor-column-gap-default\">\n\t\t\t\t\t<div class=\"elementor-column elementor-col-100 elementor-top-column elementor-element elementor-element-17e9df3\" data-id=\"17e9df3\" data-element_type=\"column\" data-e-type=\"column\">\n\t\t\t<div class=\"elementor-widget-wrap elementor-element-populated\">\n\t\t\t\t\t\t<div class=\"elementor-element elementor-element-002696b elementor-widget elementor-widget-text-editor\" data-id=\"002696b\" data-element_type=\"widget\" data-e-type=\"widget\" data-widget_type=\"text-editor.default\">\n\t\t\t\t<div class=\"elementor-widget-container\">\n\t\t\t\t\t\t\t\t\t<p style=\"background-color: #ffffff;\"><span style=\"color: #000000;\">Yhdistyksemme etsii sitoutuneita kotihoitajia, joilla olisi mahdollisuus sijoittaa koira v\u00e4liaikaisesti omaan kotiinsa. P\u00e4\u00e4asiassa koirat saapuvat kotihoitopaikkaan suoraan tarhalta, mutta toisinaan tarvitsemme my\u00f6s kotia vaihtaville koirille kotihoitopaikkoja.<\/span><\/p><p style=\"background-color: #ffffff;\"><span style=\"color: #000000;\">Kotihoitajana toimiminen on vapaaehtoisty\u00f6t\u00e4, josta ei makseta palkkaa, ja jossa syntyy kotihoitajalle jonkin verran kuluja esimerkiksi koiran ruokinnasta. Mahdolliset el\u00e4inl\u00e4\u00e4k\u00e4rikulut ja l\u00e4\u00e4kitykset maksaa yhdistys. Yhdistyksen kautta kotihoitaja saa koiralle tarvikkeet kuten valjaat, pannan, talutushihnan ja takkeja. Koirat saapuvat Helsinki-Vantaan lentokent\u00e4lle, josta ne kuljetetaan yhdistyksen j\u00e4senten toimesta luovutuspaikkaan Akaalle tai Espooseen. Kotihoitaja hakee koiran sovitusti luovutuspaikasta.\u00a0<\/span><\/p><p style=\"background-color: #ffffff;\"><span style=\"color: #000000;\">Koira viett\u00e4\u00e4 hoitopaikassa normaalia kotiel\u00e4m\u00e4\u00e4, kunnes sopiva koti sille l\u00f6ytyy. Adoptioehdokkaat t\u00e4ytt\u00e4v\u00e4t normaalien toimintaohjeisen mukaisesti ensin kotiselvityksen, jonka j\u00e4lkeen yhdistys haastattelee heid\u00e4t. Kotihoitaja sitoutuu tapaamaan potentiaaliset adoptioehdokkaat yhdistyksen haastattelun j\u00e4lkeen. Koira saattaa toisinaan l\u00f6yt\u00e4\u00e4 kodin nopeasti, mutta useimmiten voi kulua useita kuukausia, ennen kuin sopiva koti l\u00f6ytyy. Tarkkaa kotihoidossa vietetty\u00e4 aikaa on mahdotonta ennustaa, mutta koska yhdistyksemme on verrattain pieni ja tuomme adoptioon vain tietyn tyyppisi\u00e4 koiria, on kotihoitajien varauduttava pitkiin kotihoitojaksoihin.\u00a0<\/span><\/p><p style=\"background-color: #ffffff;\"><span style=\"color: #000000;\">Koirien k\u00e4yt\u00f6st\u00e4 kotioloissa on mahdoton tiet\u00e4\u00e4 etuk\u00e4teen, koska niihin on k\u00e4yty tutustumassa tarhaolosuhteissa. Kotona k\u00e4yt\u00f6s voi muuttua, ja usein ainakin ensimm\u00e4isin\u00e4 p\u00e4ivin\u00e4 koirat eiv\u00e4t viel\u00e4 ole edes sis\u00e4siistej\u00e4. Koirille tulee opettaa monia muitakin perusasioita ja k\u00e4ytt\u00e4ytymiss\u00e4\u00e4nt\u00f6j\u00e4, kuten yksinoloa, hihnak\u00e4yt\u00f6st\u00e4 ja hoitotoimenpiteit\u00e4. Kotihoitaja sitoutuu tarvittaessa viem\u00e4\u00e4n koiraa ns. lapsi- tai kissatesteihin, sek\u00e4 esimerkiksi maaseudulta kaupunkialueelle lenkille jos koiran k\u00e4ytt\u00e4ytymisest\u00e4 tietyiss\u00e4 tilanteissa tarvitaan lis\u00e4tietoja. Kyseess\u00e4 on k\u00e4rsiv\u00e4llisyytt\u00e4 ja sitoutumista vaativa vapaaehtoishomma, joka toisaalta on my\u00f6s eritt\u00e4in palkitsevaa. Yhdistys on kotihoitajan tukena ja turvana kaikissa hoitolaiseen liittyviss\u00e4 tilanteissa.<\/span><\/p><p style=\"background-color: #ffffff;\"><span style=\"color: #000000;\">Yhdistys haastattelee kotihoitoehdokkaat ennen mahdollista koiran saapumista kotihoitoon. Kotihoitajan on oltava t\u00e4ysi-ik\u00e4inen ja h\u00e4nell\u00e4 tulee olla aiempaa koirakokemusta. Emme juurikaan adoptoi koiria alle kouluik\u00e4isten perheisiin, joten emme my\u00f6sk\u00e4\u00e4n sijoita kotihoitokoiria pienten lasten perheisiin. Yhdistys tekee hoitajan kanssa kotihoitosopimuksen koiran saapuessa. Kotihoitajan odotetaan kertovan mielipiteens\u00e4 siit\u00e4, millaiseen kotiin koira sopisi el\u00e4m\u00e4\u00e4n. Kodin etsimisest\u00e4 ja sijoitusp\u00e4\u00e4t\u00f6ksest\u00e4 vastaa yhdistys, joka ilmoittaa nettisivuillaan ja sosiaalisessa mediassa koirista.<\/span><\/p><p style=\"background-color: #ffffff;\"><span style=\"color: #000000;\">Kotihoitajan edellytet\u00e4\u00e4n pit\u00e4v\u00e4n aktiivisesti yhteytt\u00e4 yhdistykseen ja kertovan koiran kuulumisia oma-aloitteisesti. Lis\u00e4ksi odotetaan, ett\u00e4 kotihoitaja l\u00e4hett\u00e4\u00e4 koirasta aktiivisesti kuvia ja videoita. Yhdistyksemme on moniin muihin rescueyhdistyksiin verrattuna pieni ja seuraajam\u00e4\u00e4r\u00e4mme vain murto-osa suurien yhdistysten m\u00e4\u00e4rist\u00e4, joten kotihoitokoirien n\u00e4kyvyys sosiaalisessa mediassa on t\u00e4rke\u00e4\u00e4.\u00a0<\/span><\/p>\t\t\t\t\t\t\t\t<\/div>\n\t\t\t\t<\/div>\n\t\t\t\t\t<\/div>\n\t\t<\/div>\n\t\t\t\t\t<\/div>\n\t\t<\/section>\n\t\t\t\t<\/div>\n\t\t","protected":false},"excerpt":{"rendered":"<p>Yhdistyksemme etsii sitoutuneita kotihoitajia, joilla olisi mahdollisuus sijoittaa koira v\u00e4liaikaisesti omaan kotiinsa. P\u00e4\u00e4asiassa koirat saapuvat kotihoitopaikkaan suoraan tarhalta, mutta toisinaan tarvitsemme my\u00f6s kotia vaihtaville koirille kotihoitopaikkoja. Kotihoitajana toimiminen on vapaaehtoisty\u00f6t\u00e4, josta ei makseta palkkaa, ja jossa syntyy kotihoitajalle jonkin verran &hellip; <a href=\"https:\/\/www.secondchancerescue.fi\/?page_id=4700\">Lue loppuun <span class=\"meta-nav\">&rarr;<\/span><\/a><\/p>\n","protected":false},"author":1,"featured_media":0,"parent":0,"menu_order":0,"comment_status":"closed","ping_status":"closed","template":"","meta":{"ngg_post_thumbnail":0,"footnotes":""},"class_list":["post-4700","page","type-page","status-publish","hentry"],"_links":{"self":[{"href":"https:\/\/www.secondchancerescue.fi\/index.php?rest_route=\/wp\/v2\/pages\/4700","targetHints":{"allow":["GET"]}}],"collection":[{"href":"https:\/\/www.secondchancerescue.fi\/index.php?rest_route=\/wp\/v2\/pages"}],"about":[{"href":"https:\/\/www.secondchancerescue.fi\/index.php?rest_route=\/wp\/v2\/types\/page"}],"author":[{"embeddable":true,"href":"https:\/\/www.secondchancerescue.fi\/index.php?rest_route=\/wp\/v2\/users\/1"}],"replies":[{"embeddable":true,"href":"https:\/\/www.secondchancerescue.fi\/index.php?rest_route=%2Fwp%2Fv2%2Fcomments&post=4700"}],"version-history":[{"count":10,"href":"https:\/\/www.secondchancerescue.fi\/index.php?rest_route=\/wp\/v2\/pages\/4700\/revisions"}],"predecessor-version":[{"id":4996,"href":"https:\/\/www.secondchancerescue.fi\/index.php?rest_route=\/wp\/v2\/pages\/4700\/revisions\/4996"}],"wp:attachment":[{"href":"https:\/\/www.secondchancerescue.fi\/index.php?rest_route=%2Fwp%2Fv2%2Fmedia&parent=4700"}],"curies":[{"name":"wp","href":"https:\/\/api.w.org\/{rel}","templated":true}]}}