{"id":4844,"date":"2024-04-09T17:17:48","date_gmt":"2024-04-09T17:17:48","guid":{"rendered":"https:\/\/www.secondchancerescue.fi\/?page_id=4844"},"modified":"2024-04-09T17:18:18","modified_gmt":"2024-04-09T17:18:18","slug":"guera-2","status":"publish","type":"page","link":"https:\/\/www.secondchancerescue.fi\/?page_id=4844","title":{"rendered":"Guera"},"content":{"rendered":"\n<p>Guera etsii koirakokenutta ja rauhallisessa ymp\u00e4rist\u00f6ss\u00e4 sijaitsevaa kotia ainoaksi koiraksi \ud83d\udc9b Guera on ensimm\u00e4isen kerran tuotu tarhalle -17, jolloin h\u00e4net adoptoitiin. H\u00e4nell\u00e4 kuitenkin ilmeni ohitusvaikeuksia eik\u00e4 omistajalla ollut jaksamista panostaa koulutukseen. Omistaja vei Gueran koulutuskeskukseen, jossa ohitushaasteita saatiin koulutettua hienosti, mutta omistaja ei en\u00e4\u00e4 halunnut h\u00e4nt\u00e4. Gueralle alettiin etsim\u00e4\u00e4n uutta kotia koulutuskeskuksesta k\u00e4sin toukokuussa -22 ja huhtikuussa -23 h\u00e4n palautui takaisin tarhalle. Guera tarvitsee koirakokeneen perheen rauhalliselta asuinseudulta, jotta mahdollisesti ilmenevi\u00e4 ohitushaasteita pystyt\u00e4\u00e4n ty\u00f6st\u00e4m\u00e4\u00e4n v\u00e4hitellen. Hihnassa h\u00e4n kulkee muutoin hienosti ja nauttii lenkkeilyst\u00e4. H\u00e4n on tullut vaihtelevasti toimeen muiden koirien kanssa, joten h\u00e4net sijoitetaan vain ainoaksi koiraksi. Ihmisi\u00e4 kohtaan h\u00e4n on avoin. H\u00e4n nauttii yhdess\u00e4 tekemisest\u00e4 ja motivoituu hyvin. Gueralla on hallussa monet perusk\u00e4skyt. Ihmisi\u00e4 kohtaan h\u00e4n on avoin ja yst\u00e4v\u00e4llinen. Guera on n.53cm korkea ja painaa ideaalipainossa noin 25kg, mutta h\u00e4nell\u00e4 on taipumusta lihoa herk\u00e4sti. <\/p>\n\n\n\n<p>Arvioitu syntym\u00e4aika: joulukuu 2015 <br>Syntym\u00e4maa: Espanja <br>Sijainti: Espanja, Triple A Marbella -tarha <br>Adoptoiva yhdistys: Second Chance Rescue ry <br>Tunnus: 24039471<\/p>\n\n\n\n<p>Lis\u00e4\u00e4 kuvia <a href=\"https:\/\/www.facebook.com\/media\/set\/?set=a.719785616987134&amp;type=3\">t\u00e4\u00e4lt\u00e4<\/a><\/p>\n\n\n\n<p><\/p>\n\n\n\nngg_shortcode_0_placeholder\n","protected":false},"excerpt":{"rendered":"<p>Guera etsii koirakokenutta ja rauhallisessa ymp\u00e4rist\u00f6ss\u00e4 sijaitsevaa kotia ainoaksi koiraksi \ud83d\udc9b Guera on ensimm\u00e4isen kerran tuotu tarhalle -17, jolloin h\u00e4net adoptoitiin. H\u00e4nell\u00e4 kuitenkin ilmeni ohitusvaikeuksia eik\u00e4 omistajalla ollut jaksamista panostaa koulutukseen. Omistaja vei Gueran koulutuskeskukseen, jossa ohitushaasteita saatiin koulutettua hienosti, &hellip; <a href=\"https:\/\/www.secondchancerescue.fi\/?page_id=4844\">Lue loppuun <span class=\"meta-nav\">&rarr;<\/span><\/a><\/p>\n","protected":false},"author":1,"featured_media":0,"parent":0,"menu_order":0,"comment_status":"closed","ping_status":"closed","template":"","meta":{"ngg_post_thumbnail":0,"footnotes":""},"class_list":["post-4844","page","type-page","status-publish","hentry"],"_links":{"self":[{"href":"https:\/\/www.secondchancerescue.fi\/index.php?rest_route=\/wp\/v2\/pages\/4844","targetHints":{"allow":["GET"]}}],"collection":[{"href":"https:\/\/www.secondchancerescue.fi\/index.php?rest_route=\/wp\/v2\/pages"}],"about":[{"href":"https:\/\/www.secondchancerescue.fi\/index.php?rest_route=\/wp\/v2\/types\/page"}],"author":[{"embeddable":true,"href":"https:\/\/www.secondchancerescue.fi\/index.php?rest_route=\/wp\/v2\/users\/1"}],"replies":[{"embeddable":true,"href":"https:\/\/www.secondchancerescue.fi\/index.php?rest_route=%2Fwp%2Fv2%2Fcomments&post=4844"}],"version-history":[{"count":2,"href":"https:\/\/www.secondchancerescue.fi\/index.php?rest_route=\/wp\/v2\/pages\/4844\/revisions"}],"predecessor-version":[{"id":4846,"href":"https:\/\/www.secondchancerescue.fi\/index.php?rest_route=\/wp\/v2\/pages\/4844\/revisions\/4846"}],"wp:attachment":[{"href":"https:\/\/www.secondchancerescue.fi\/index.php?rest_route=%2Fwp%2Fv2%2Fmedia&parent=4844"}],"curies":[{"name":"wp","href":"https:\/\/api.w.org\/{rel}","templated":true}]}}