{"id":5054,"date":"2024-08-10T11:07:01","date_gmt":"2024-08-10T11:07:01","guid":{"rendered":"https:\/\/www.secondchancerescue.fi\/?page_id=5054"},"modified":"2024-08-10T11:25:57","modified_gmt":"2024-08-10T11:25:57","slug":"bazil","status":"publish","type":"page","link":"https:\/\/www.secondchancerescue.fi\/?page_id=5054","title":{"rendered":"Bazil"},"content":{"rendered":"\n<p>Bazil etsii aktiivista kotia ainoana koirana \ud83d\udc9c Bazil on arviolta maaliskuussa -18 syntynyt narttu, joka on tuotu tarhalle 5.3.22. H\u00e4nen taustoistaan ennen tarhaa ei ole tietoa, mutta h\u00e4n oli huonokuntoisen ja hoitamattoman n\u00e4k\u00f6inen tarhalle tullessaan. Hyv\u00e4ll\u00e4 hoidolla h\u00e4n onneksi alkoi voimaan paljon paremmin! Bazil nauttii rapsutuksista ja on oikea sylikoira tuntiessaan ihmisen, mutta h\u00e4kist\u00e4 voi haukkua voimakkaasti ohikulkeville ihmisille. Alkulenkist\u00e4 h\u00e4n vet\u00e4\u00e4 hihnassa paljon, mutta rauhoittuu matkan edetess\u00e4. H\u00e4n reagoi ohituksissa muihin koiriin, mutta taluttajan ollessa ajoissa tilanteissa, pystyy h\u00e4n my\u00f6s ohittamaan n\u00e4tisti. Bazil motivoituu hyvin niin nami- kuin lelupalkasta ja on selv\u00e4sti innokas puuhaamaan ihmisen kanssa. Tulevan kodin tulee varautua panostamaan hihnak\u00e4yt\u00f6ksen harjoitteluun ja kotiymp\u00e4rist\u00f6st\u00e4 olisi t\u00e4rke\u00e4 l\u00f6yty\u00e4 rauhallisia lenkkimaastoja, jottei lenkit kuormittaisi h\u00e4nt\u00e4 liikaa. Bazil ei tule toimeen muiden koirien kanssa eli h\u00e4net sijoitetaan vain ainoaksi koiraksi. <\/p>\n\n\n\n<p>Arvioitu syntym\u00e4aika: maaliskuu 2018 <br>Syntym\u00e4maa: Espanja <br>Sijainti: Espanja, Triple A Marbella -tarha <br>Adoptoiva yhdistys: Second Chance Rescue ry <br>Tunnus: 24039471<\/p>\n\n\n\n<p>Lis\u00e4\u00e4 kuvia <a href=\"https:\/\/www.facebook.com\/media\/set\/?set=a.768947675404261&amp;type=3\">t\u00e4\u00e4lt\u00e4<\/a><\/p>\n\n\n\n<p><\/p>\n\n\n\nngg_shortcode_0_placeholder\n","protected":false},"excerpt":{"rendered":"<p>Bazil etsii aktiivista kotia ainoana koirana \ud83d\udc9c Bazil on arviolta maaliskuussa -18 syntynyt narttu, joka on tuotu tarhalle 5.3.22. H\u00e4nen taustoistaan ennen tarhaa ei ole tietoa, mutta h\u00e4n oli huonokuntoisen ja hoitamattoman n\u00e4k\u00f6inen tarhalle tullessaan. Hyv\u00e4ll\u00e4 hoidolla h\u00e4n onneksi alkoi &hellip; <a href=\"https:\/\/www.secondchancerescue.fi\/?page_id=5054\">Lue loppuun <span class=\"meta-nav\">&rarr;<\/span><\/a><\/p>\n","protected":false},"author":1,"featured_media":0,"parent":0,"menu_order":0,"comment_status":"closed","ping_status":"closed","template":"","meta":{"ngg_post_thumbnail":0,"footnotes":""},"class_list":["post-5054","page","type-page","status-publish","hentry"],"_links":{"self":[{"href":"https:\/\/www.secondchancerescue.fi\/index.php?rest_route=\/wp\/v2\/pages\/5054","targetHints":{"allow":["GET"]}}],"collection":[{"href":"https:\/\/www.secondchancerescue.fi\/index.php?rest_route=\/wp\/v2\/pages"}],"about":[{"href":"https:\/\/www.secondchancerescue.fi\/index.php?rest_route=\/wp\/v2\/types\/page"}],"author":[{"embeddable":true,"href":"https:\/\/www.secondchancerescue.fi\/index.php?rest_route=\/wp\/v2\/users\/1"}],"replies":[{"embeddable":true,"href":"https:\/\/www.secondchancerescue.fi\/index.php?rest_route=%2Fwp%2Fv2%2Fcomments&post=5054"}],"version-history":[{"count":2,"href":"https:\/\/www.secondchancerescue.fi\/index.php?rest_route=\/wp\/v2\/pages\/5054\/revisions"}],"predecessor-version":[{"id":5084,"href":"https:\/\/www.secondchancerescue.fi\/index.php?rest_route=\/wp\/v2\/pages\/5054\/revisions\/5084"}],"wp:attachment":[{"href":"https:\/\/www.secondchancerescue.fi\/index.php?rest_route=%2Fwp%2Fv2%2Fmedia&parent=5054"}],"curies":[{"name":"wp","href":"https:\/\/api.w.org\/{rel}","templated":true}]}}