{"id":5069,"date":"2024-08-10T11:17:23","date_gmt":"2024-08-10T11:17:23","guid":{"rendered":"https:\/\/www.secondchancerescue.fi\/?page_id=5069"},"modified":"2024-08-10T11:17:23","modified_gmt":"2024-08-10T11:17:23","slug":"halley","status":"publish","type":"page","link":"https:\/\/www.secondchancerescue.fi\/?page_id=5069","title":{"rendered":"Halley"},"content":{"rendered":"\n<p>Halley etsii tasaista arkea el\u00e4v\u00e4\u00e4 kotia ainoana koirana tai leikkis\u00e4n uroksen kaverina \ud83d\udc9c Halley on tuotu tarhalle 13.3.24 ja on syntynyt arviolta maaliskuussa -23. Halleyn taustoista ennen tarhaa ei ole tietoa. H\u00e4n on osittain kuuro, joka tulevan kodin tulee huomioida koulutuksessa. Halley painaa noin 27kg. Halley on iloinen ja sosiaalinen neiti, joka nauttii huomiosta ja tulee hakemaan rapsutuksia. Nuoresta i\u00e4st\u00e4\u00e4n huolimatta h\u00e4n on yleisluonteeltaan melko rauhallinen, mutta intoutuu my\u00f6s leikkim\u00e4\u00e4n koirakavereiden kanssa. Mik\u00e4li tulevassa perheess\u00e4 ei ole koirakaveria valmiina, tulee perheen l\u00e4hipiirist\u00e4 l\u00f6yty\u00e4 sopivia leikkikavereita h\u00e4nelle. Tarhaymp\u00e4rist\u00f6ss\u00e4 h\u00e4n kulkee hihnassa p\u00e4\u00e4asiassa kivasti. Uusissa tilanteissa Halley voi kuitenkin hieman j\u00e4nnitt\u00e4\u00e4, jonka takia tulevan kodin ymp\u00e4rist\u00f6st\u00e4 tulisi l\u00f6yty\u00e4 rauhallisia lenkkimaastoja. Osittaisen kuurouden takia emme sijoita h\u00e4nt\u00e4 lapsiperheeseen. <\/p>\n\n\n\n<p>Arvioitu syntym\u00e4aika: maaliskuu -23 <br>Syntym\u00e4maa: Espanja <br>Sijainti: Espanja, Los Barrios -tarha <br>Adoptoiva yhdistys: Second Chance Rescue ry <br>Tunnus: 24039471<\/p>\n\n\n\n<p>Lis\u00e4\u00e4 kuvia <a href=\"https:\/\/www.facebook.com\/media\/set\/?set=a.768945482071147&amp;type=3\">t\u00e4\u00e4lt\u00e4<\/a><\/p>\n\n\n\n<p><\/p>\n\n\n\nngg_shortcode_0_placeholder\n","protected":false},"excerpt":{"rendered":"<p>Halley etsii tasaista arkea el\u00e4v\u00e4\u00e4 kotia ainoana koirana tai leikkis\u00e4n uroksen kaverina \ud83d\udc9c Halley on tuotu tarhalle 13.3.24 ja on syntynyt arviolta maaliskuussa -23. Halleyn taustoista ennen tarhaa ei ole tietoa. H\u00e4n on osittain kuuro, joka tulevan kodin tulee huomioida &hellip; <a href=\"https:\/\/www.secondchancerescue.fi\/?page_id=5069\">Lue loppuun <span class=\"meta-nav\">&rarr;<\/span><\/a><\/p>\n","protected":false},"author":1,"featured_media":0,"parent":0,"menu_order":0,"comment_status":"closed","ping_status":"closed","template":"","meta":{"ngg_post_thumbnail":0,"footnotes":""},"class_list":["post-5069","page","type-page","status-publish","hentry"],"_links":{"self":[{"href":"https:\/\/www.secondchancerescue.fi\/index.php?rest_route=\/wp\/v2\/pages\/5069","targetHints":{"allow":["GET"]}}],"collection":[{"href":"https:\/\/www.secondchancerescue.fi\/index.php?rest_route=\/wp\/v2\/pages"}],"about":[{"href":"https:\/\/www.secondchancerescue.fi\/index.php?rest_route=\/wp\/v2\/types\/page"}],"author":[{"embeddable":true,"href":"https:\/\/www.secondchancerescue.fi\/index.php?rest_route=\/wp\/v2\/users\/1"}],"replies":[{"embeddable":true,"href":"https:\/\/www.secondchancerescue.fi\/index.php?rest_route=%2Fwp%2Fv2%2Fcomments&post=5069"}],"version-history":[{"count":1,"href":"https:\/\/www.secondchancerescue.fi\/index.php?rest_route=\/wp\/v2\/pages\/5069\/revisions"}],"predecessor-version":[{"id":5070,"href":"https:\/\/www.secondchancerescue.fi\/index.php?rest_route=\/wp\/v2\/pages\/5069\/revisions\/5070"}],"wp:attachment":[{"href":"https:\/\/www.secondchancerescue.fi\/index.php?rest_route=%2Fwp%2Fv2%2Fmedia&parent=5069"}],"curies":[{"name":"wp","href":"https:\/\/api.w.org\/{rel}","templated":true}]}}