{"id":5158,"date":"2024-10-03T18:51:31","date_gmt":"2024-10-03T18:51:31","guid":{"rendered":"https:\/\/www.secondchancerescue.fi\/?page_id=5158"},"modified":"2024-10-03T18:55:46","modified_gmt":"2024-10-03T18:55:46","slug":"cassie","status":"publish","type":"page","link":"https:\/\/www.secondchancerescue.fi\/?page_id=5158","title":{"rendered":"Cassie"},"content":{"rendered":"\n<p>Cassie etsii aktiivista ja koirakokenutta kotia ainoana koirana \ud83d\udc9c Cassie on l\u00f6ydetty nelj\u00e4n pentunsa kanssa roskas\u00e4ili\u00f6\u00f6n sidottuna. H\u00e4n on arviolta hein\u00e4kuussa -20 syntynyt narttu, joka on tuotu tarhalle 26.9.22. H\u00e4n on n.55cm korkea. Cassie on hyvin aktiivinen neiti, joka on reipas ja avoin uusiakin ihmisi\u00e4 kohtaan. Yleisluonteeltaan h\u00e4n vaikuttaa melko itsen\u00e4iselle ja tutkii mielell\u00e4\u00e4n ymp\u00e4rist\u00f6\u00e4. H\u00e4n tarvitsee perheen, jossa on aikaa ja kiinnostusta koiran kanssa touhuamiseen niin liikunnan kuin aivojumpan osalta. Cassie kiihtyy tarhalla esimerkiksi ulosl\u00e4ht\u00f6tilanteissa paljon, jolloin alkaa vet\u00e4m\u00e4\u00e4n hihnaa todella voimakkaasti ja rajusti. H\u00e4n tarvitsee k\u00e4rsiv\u00e4llist\u00e4 koulutusta ja paljon luopumis- ja malttiharjoituksia, t\u00e4st\u00e4 johtuen emme sijoita h\u00e4nt\u00e4 ensimm\u00e4iseksi koiraksi. Hihnassa Cassie k\u00e4velee p\u00e4\u00e4asiassa kivasti, mutta tulevasta kodista tulisi l\u00f6yty\u00e4 rauhallisia lenkkimaastoja, jotta ohituksia p\u00e4\u00e4see harjoittelemaan v\u00e4hitellen. H\u00e4nt\u00e4 on tarhalla k\u00e4ytetty lenkeill\u00e4 toisten koirien kanssa, mutta ei pysty jakamaan h\u00e4kki\u00e4 toisen koiran kanssa kiihtyv\u00e4n k\u00e4yt\u00f6ksens\u00e4 takia. T\u00e4st\u00e4 johtuen h\u00e4net sijoitetaan vain ainoaksi koiraksi. <\/p>\n\n\n\n<p>Arvioitu syntym\u00e4aika: hein\u00e4kuu 2020 <br>Syntym\u00e4maa: Espanja <br>Sijainti: Espanja, Triple A Marbella -tarha <br>Adoptoiva yhdistys: Second Chance Rescue ry <br>Tunnus: 24039471<\/p>\n\n\n\n<p>Lis\u00e4\u00e4 kuvia <a href=\"https:\/\/www.facebook.com\/media\/set\/?set=a.818760073756354&amp;type=3\">t\u00e4\u00e4lt\u00e4<\/a><\/p>\n\n\n\nngg_shortcode_0_placeholder\n","protected":false},"excerpt":{"rendered":"<p>Cassie etsii aktiivista ja koirakokenutta kotia ainoana koirana \ud83d\udc9c Cassie on l\u00f6ydetty nelj\u00e4n pentunsa kanssa roskas\u00e4ili\u00f6\u00f6n sidottuna. H\u00e4n on arviolta hein\u00e4kuussa -20 syntynyt narttu, joka on tuotu tarhalle 26.9.22. H\u00e4n on n.55cm korkea. Cassie on hyvin aktiivinen neiti, joka on &hellip; <a href=\"https:\/\/www.secondchancerescue.fi\/?page_id=5158\">Lue loppuun <span class=\"meta-nav\">&rarr;<\/span><\/a><\/p>\n","protected":false},"author":1,"featured_media":0,"parent":0,"menu_order":0,"comment_status":"closed","ping_status":"closed","template":"","meta":{"ngg_post_thumbnail":0,"footnotes":""},"class_list":["post-5158","page","type-page","status-publish","hentry"],"_links":{"self":[{"href":"https:\/\/www.secondchancerescue.fi\/index.php?rest_route=\/wp\/v2\/pages\/5158","targetHints":{"allow":["GET"]}}],"collection":[{"href":"https:\/\/www.secondchancerescue.fi\/index.php?rest_route=\/wp\/v2\/pages"}],"about":[{"href":"https:\/\/www.secondchancerescue.fi\/index.php?rest_route=\/wp\/v2\/types\/page"}],"author":[{"embeddable":true,"href":"https:\/\/www.secondchancerescue.fi\/index.php?rest_route=\/wp\/v2\/users\/1"}],"replies":[{"embeddable":true,"href":"https:\/\/www.secondchancerescue.fi\/index.php?rest_route=%2Fwp%2Fv2%2Fcomments&post=5158"}],"version-history":[{"count":2,"href":"https:\/\/www.secondchancerescue.fi\/index.php?rest_route=\/wp\/v2\/pages\/5158\/revisions"}],"predecessor-version":[{"id":5180,"href":"https:\/\/www.secondchancerescue.fi\/index.php?rest_route=\/wp\/v2\/pages\/5158\/revisions\/5180"}],"wp:attachment":[{"href":"https:\/\/www.secondchancerescue.fi\/index.php?rest_route=%2Fwp%2Fv2%2Fmedia&parent=5158"}],"curies":[{"name":"wp","href":"https:\/\/api.w.org\/{rel}","templated":true}]}}