{"id":5245,"date":"2024-12-30T16:15:12","date_gmt":"2024-12-30T16:15:12","guid":{"rendered":"https:\/\/www.secondchancerescue.fi\/?page_id=5245"},"modified":"2024-12-30T16:15:12","modified_gmt":"2024-12-30T16:15:12","slug":"bully","status":"publish","type":"page","link":"https:\/\/www.secondchancerescue.fi\/?page_id=5245","title":{"rendered":"Bully"},"content":{"rendered":"\n<p>Bully etsii aktiivista kotia ainoana koirana rauhallisten lenkkimaastojen l\u00e4heisyydest\u00e4 \ud83d\udc99 Bully on tuotu tarhalle 24.6.22 ja on arvioitu syntyneeksi kes\u00e4kuussa -19. H\u00e4net tuotiin tarhalle hyvin huonokuntoisena, mutta on kuntoutunut tarhalla hienosti. Tarhaymp\u00e4rist\u00f6n aiheuttama stressi saa kuitenkin Bullyn hermostuneeksi, joka n\u00e4kyy etenkin reaktiivisuutena toisia koiria kohtaan hihnassa. Bully on aktiivinen ja vilkas uros, joka tarvitsee riitt\u00e4v\u00e4sti niin liikuntaa kuin aivoty\u00f6skentely\u00e4kin. T\u00e4ll\u00e4 hetkell\u00e4 intoa ja vauhtia riitt\u00e4\u00e4 huomattavasti enemm\u00e4n kuin malttia, joten sit\u00e4 tuleekin harjoitella paljon. Hihnassa Bully k\u00e4velee p\u00e4\u00e4asiassa n\u00e4tisti, mutta koirien ohitukset ovat usein haastavia ja silloin Bully vet\u00e4\u00e4 toista kohti haukkuen. T\u00e4st\u00e4 johtuen h\u00e4nelle etsit\u00e4\u00e4nkin kotia, jossa on rauhalliset lenkkimaastot ja mahdollisuus ottaa tilaa ohituksiin. Bully on avoin ja sosiaalinen uusienkin ihmisten kanssa. H\u00e4n nauttii yhdess\u00e4 tekemisest\u00e4 ja on hyvin leikkis\u00e4. H\u00e4n vaikuttaa olevan my\u00f6s hyvin motivoitavissa nameilla lelujen lis\u00e4ksi. Bully ei tule toimeen muiden koirien kanssa, joten h\u00e4net sijoitetaan vain ainoaksi koiraksi. Emme sijoita Bullya perheeseen, jossa on alakouluik\u00e4isi\u00e4 tai sit\u00e4 nuorempia lapsia tai kissoja. H\u00e4nt\u00e4 ei my\u00f6sk\u00e4\u00e4n sijoiteta ensimm\u00e4iseksi koiraksi, vaan perheelt\u00e4 tulee l\u00f6yty\u00e4 aiempaa koirakokemusta ja halua sitoutua kouluttamaan ohitushaastetta eettisin koulutusmenetelmin. Bully ansaitsisi perheen, jossa p\u00e4\u00e4sisi nauttimaan arkiel\u00e4m\u00e4n rauhallisuudesta ja yhdess\u00e4 tekemisest\u00e4 \ud83d\udc99 <\/p>\n\n\n\n<p>Arvioitu syntym\u00e4aika: kes\u00e4kuu 2019 <br>Syntym\u00e4maa: Espanja <br>Sijainti: Espanja, Triple A Marbella -tarha <br>Adoptoiva yhdistys: Second Chance Rescue ry <br>Tunnus: 24039471<\/p>\n\n\n\n<p>Lis\u00e4\u00e4 kuvia <a href=\"https:\/\/www.facebook.com\/media\/set\/?set=a.878802454418782&amp;type=3\">t\u00e4\u00e4lt\u00e4<\/a><\/p>\n\n\n\n<p><\/p>\n\n\n\nngg_shortcode_0_placeholder\n","protected":false},"excerpt":{"rendered":"<p>Bully etsii aktiivista kotia ainoana koirana rauhallisten lenkkimaastojen l\u00e4heisyydest\u00e4 \ud83d\udc99 Bully on tuotu tarhalle 24.6.22 ja on arvioitu syntyneeksi kes\u00e4kuussa -19. H\u00e4net tuotiin tarhalle hyvin huonokuntoisena, mutta on kuntoutunut tarhalla hienosti. Tarhaymp\u00e4rist\u00f6n aiheuttama stressi saa kuitenkin Bullyn hermostuneeksi, joka n\u00e4kyy &hellip; <a href=\"https:\/\/www.secondchancerescue.fi\/?page_id=5245\">Lue loppuun <span class=\"meta-nav\">&rarr;<\/span><\/a><\/p>\n","protected":false},"author":1,"featured_media":0,"parent":0,"menu_order":0,"comment_status":"closed","ping_status":"closed","template":"","meta":{"ngg_post_thumbnail":0,"footnotes":""},"class_list":["post-5245","page","type-page","status-publish","hentry"],"_links":{"self":[{"href":"https:\/\/www.secondchancerescue.fi\/index.php?rest_route=\/wp\/v2\/pages\/5245","targetHints":{"allow":["GET"]}}],"collection":[{"href":"https:\/\/www.secondchancerescue.fi\/index.php?rest_route=\/wp\/v2\/pages"}],"about":[{"href":"https:\/\/www.secondchancerescue.fi\/index.php?rest_route=\/wp\/v2\/types\/page"}],"author":[{"embeddable":true,"href":"https:\/\/www.secondchancerescue.fi\/index.php?rest_route=\/wp\/v2\/users\/1"}],"replies":[{"embeddable":true,"href":"https:\/\/www.secondchancerescue.fi\/index.php?rest_route=%2Fwp%2Fv2%2Fcomments&post=5245"}],"version-history":[{"count":1,"href":"https:\/\/www.secondchancerescue.fi\/index.php?rest_route=\/wp\/v2\/pages\/5245\/revisions"}],"predecessor-version":[{"id":5246,"href":"https:\/\/www.secondchancerescue.fi\/index.php?rest_route=\/wp\/v2\/pages\/5245\/revisions\/5246"}],"wp:attachment":[{"href":"https:\/\/www.secondchancerescue.fi\/index.php?rest_route=%2Fwp%2Fv2%2Fmedia&parent=5245"}],"curies":[{"name":"wp","href":"https:\/\/api.w.org\/{rel}","templated":true}]}}