{"id":5430,"date":"2025-06-05T17:38:57","date_gmt":"2025-06-05T17:38:57","guid":{"rendered":"https:\/\/www.secondchancerescue.fi\/?page_id=5430"},"modified":"2026-01-25T19:09:46","modified_gmt":"2026-01-25T19:09:46","slug":"toni","status":"publish","type":"page","link":"https:\/\/www.secondchancerescue.fi\/?page_id=5430","title":{"rendered":"Toni"},"content":{"rendered":"\n<p>Toni etsii aktiivista ja k\u00e4rsiv\u00e4llist\u00e4 kotia narttukoiran kaveriksi tai harkiten ainoaksi koiraksi \ud83d\udc99 <\/p>\n\n\n\n<p>Toni on arviolta maaliskuussa -24 syntynyt uros, joka on tuotu tarhalle alunperin 29.12.24. H\u00e4n oli tuolloin l\u00f6ydett\u00e4ess\u00e4 huonosti hoidetun n\u00e4k\u00f6inen eik\u00e4 h\u00e4nell\u00e4 ollut sirua. Toni on saapunut Suomeen kotihoitoon 18.1.26 ja asuu t\u00e4ll\u00e4 hetkell\u00e4 Jyv\u00e4skyl\u00e4ss\u00e4 kerrostalossa ainoana koirana. <\/p>\n\n\n\n<p>Toni on luonteeltaan hyvin staffimainen vipelt\u00e4j\u00e4, jolla mopo meinaa l\u00e4hte\u00e4 herk\u00e4sti keulimaan. H\u00e4n hyppii paljon ja kiihtyess\u00e4\u00e4n voi repi\u00e4 my\u00f6s hihnaa. Alkulenkist\u00e4 h\u00e4n vet\u00e4\u00e4 hihnassa todella paljon ja ulosl\u00e4ht\u00f6tilanne on aika kaoottinen, mutta rauhoittuu matkan edetess\u00e4 ja silloin kulkee n\u00e4tisti hihnassa. Ulosl\u00e4ht\u00f6tilanne varmasti helpottaa arjessa, kun maltin harjoitteluun p\u00e4\u00e4st\u00e4\u00e4n panostamaan ja h\u00e4n saa muutenkin enemm\u00e4n virikkeit\u00e4 ja aktivointia. H\u00e4n ei sovellu pelk\u00e4ksi sohvaperunaksi ja lenkkikaveriksi pienille lenkeille, vaan vaatii paljon liikuntaa ja lis\u00e4ksi erilaisia virikkeit\u00e4 p\u00e4\u00e4n aktivointiin. <\/p>\n\n\n\n<p>Toni adoptoitiin Espanjassa jo tammikuussa -25, mutta tuotiin takaisin tarhalle jo huhtikuussa, koska perhe ei p\u00e4rj\u00e4nnyt h\u00e4nen kanssaan. Toni k\u00e4vi tuolloin yleisesti hyvin ylikierroksilla, koska h\u00e4nelle ei mahdollistettu riitt\u00e4v\u00e4sti lepoa ja t\u00e4m\u00e4 n\u00e4kyi voimakkaana hammasteluna ihmisi\u00e4 kohtaan ja haukkumisena. <\/p>\n\n\n\n<p>Toni on avoin uusiakin ihmisi\u00e4 kohtaan, nauttii rapsutuksista ja mielell\u00e4\u00e4n kiipe\u00e4isi syliin nauttimaan niist\u00e4. H\u00e4n jakaa h\u00e4kin uros- ja narttukoiran kanssa ongelmitta, mutta on todella raju leikeiss\u00e4\u00e4n etenkin uusien koirien kanssa. N\u00e4in ollen tulevan kodin koirakaverin tulisi olla k\u00e4rsiv\u00e4llinen ja perheest\u00e4 tulee l\u00f6yty\u00e4 mahdollisuus erist\u00e4miseen alkuun, jotta lep\u00e4\u00e4minen mahdollistetaan. H\u00e4net voidaan sijoittaa my\u00f6s ainoaksi koiraksi, kunhan perheess\u00e4 on riitt\u00e4v\u00e4sti aikaa koiran kanssa touhuamiselle. Tonia ei sijoiteta perheeseen, jossa on alle 12v lapsia eik\u00e4 h\u00e4nt\u00e4 sijoiteta koirakokemattomaan kotiin. <\/p>\n\n\n\n<p>Toni on noin 50cm korkea, mutta raskasrakenteinen. <\/p>\n\n\n\n<p>Toni ansaitsisi l\u00f6yt\u00e4\u00e4 perheen, jossa h\u00e4neen sitoudutaan ja h\u00e4n p\u00e4\u00e4see n\u00e4ytt\u00e4m\u00e4\u00e4n miten mahtava tyyppi h\u00e4n on \ud83d\udc99 <\/p>\n\n\n\n<p>Arvioitu syntym\u00e4aika: maaliskuu 2024 <br>Syntym\u00e4maa: Espanja <br>Sijainti: Jyv\u00e4skyl\u00e4 <br>Adoptoiva yhdistys: Second Chance Rescue ry <br>Tunnus: 24039471<br><\/p>\n\n\n\n<p>Lis\u00e4\u00e4 kuvia <a href=\"https:\/\/www.facebook.com\/media\/set\/?set=a.994748672824159&amp;type=3\">t\u00e4\u00e4lt\u00e4<\/a><\/p>\n\n\n\n<p><\/p>\n\n\n\nngg_shortcode_0_placeholder\n","protected":false},"excerpt":{"rendered":"<p>Toni etsii aktiivista ja k\u00e4rsiv\u00e4llist\u00e4 kotia narttukoiran kaveriksi tai harkiten ainoaksi koiraksi \ud83d\udc99 Toni on arviolta maaliskuussa -24 syntynyt uros, joka on tuotu tarhalle alunperin 29.12.24. H\u00e4n oli tuolloin l\u00f6ydett\u00e4ess\u00e4 huonosti hoidetun n\u00e4k\u00f6inen eik\u00e4 h\u00e4nell\u00e4 ollut sirua. Toni on saapunut &hellip; <a href=\"https:\/\/www.secondchancerescue.fi\/?page_id=5430\">Lue loppuun <span class=\"meta-nav\">&rarr;<\/span><\/a><\/p>\n","protected":false},"author":1,"featured_media":0,"parent":0,"menu_order":0,"comment_status":"closed","ping_status":"closed","template":"","meta":{"ngg_post_thumbnail":0,"footnotes":""},"class_list":["post-5430","page","type-page","status-publish","hentry"],"_links":{"self":[{"href":"https:\/\/www.secondchancerescue.fi\/index.php?rest_route=\/wp\/v2\/pages\/5430","targetHints":{"allow":["GET"]}}],"collection":[{"href":"https:\/\/www.secondchancerescue.fi\/index.php?rest_route=\/wp\/v2\/pages"}],"about":[{"href":"https:\/\/www.secondchancerescue.fi\/index.php?rest_route=\/wp\/v2\/types\/page"}],"author":[{"embeddable":true,"href":"https:\/\/www.secondchancerescue.fi\/index.php?rest_route=\/wp\/v2\/users\/1"}],"replies":[{"embeddable":true,"href":"https:\/\/www.secondchancerescue.fi\/index.php?rest_route=%2Fwp%2Fv2%2Fcomments&post=5430"}],"version-history":[{"count":2,"href":"https:\/\/www.secondchancerescue.fi\/index.php?rest_route=\/wp\/v2\/pages\/5430\/revisions"}],"predecessor-version":[{"id":5762,"href":"https:\/\/www.secondchancerescue.fi\/index.php?rest_route=\/wp\/v2\/pages\/5430\/revisions\/5762"}],"wp:attachment":[{"href":"https:\/\/www.secondchancerescue.fi\/index.php?rest_route=%2Fwp%2Fv2%2Fmedia&parent=5430"}],"curies":[{"name":"wp","href":"https:\/\/api.w.org\/{rel}","templated":true}]}}