{"id":5442,"date":"2025-06-05T17:44:39","date_gmt":"2025-06-05T17:44:39","guid":{"rendered":"https:\/\/www.secondchancerescue.fi\/?page_id=5442"},"modified":"2025-06-05T17:44:39","modified_gmt":"2025-06-05T17:44:39","slug":"cora","status":"publish","type":"page","link":"https:\/\/www.secondchancerescue.fi\/?page_id=5442","title":{"rendered":"Cora"},"content":{"rendered":"\n<p>Cora etsii tasaista arkea el\u00e4v\u00e4\u00e4 kotia rauhalliselta asuinalueelta ensisijaisesti uroskoiran kaverina \ud83d\udc9c Cora on tuotu tarhalle entisen omistajansa toimesta huhtikuussa -25 yhdeks\u00e4n pennun kanssa. H\u00e4n on arviolta huhtikuussa -23 syntynyt narttu. Cora oli tullessaan hyvin laihassa kunnossa. Cora vaikuttaa hyvin herk\u00e4lle neidille, joka selv\u00e4sti hieman j\u00e4nnitt\u00e4\u00e4 yksin lenkkeily\u00e4. H\u00e4n on uusia ihmisi\u00e4 kohtaan hieman pid\u00e4ttyv\u00e4inen, mutta uteliaisuus vie voiton nopeasti. Tuttujen ihmisten kanssa h\u00e4n nauttii rapsutuksista ja pusujen antamisesta. Cora on aiemmassa kodissa asunut lasten kanssa, joten h\u00e4net voidaan sijoittaa yl\u00e4kouluik\u00e4isten tai sit\u00e4 vanhempien lasten kanssa. Cora tulee hyvin toimeen muiden koirien kanssa, mutta viihtyy paremmin hieman yleisluonteeltaan rauhallisempien yksil\u00f6iden seurassa. T\u00e4st\u00e4 johtuen olisi toiveena, ett\u00e4 tulevasta kodista l\u00f6ytyisi yleisluonteeltaan rauhallinen, mutta leikkis\u00e4 ja reipas uroskoira kaveriksi. Voidaan harkita sijoitusta ainoaksi koiraksi, jos perheen l\u00e4hipiiriss\u00e4 on sopivia koirakavereita. <br><br><br>Arvioitu syntym\u00e4aika: huhtikuu 2023 <br>Syntym\u00e4maa: Espanja <br>Sijainti: Espanja, Los Barrios -tarha <br>Adoptoiva yhdistys: Second Chance Rescue ry <br>Tunnus: 24039471<\/p>\n\n\n\n<p>Lis\u00e4\u00e4 kuvia <a href=\"https:\/\/www.facebook.com\/media\/set\/?set=a.999934382305588&amp;type=3\">t\u00e4\u00e4lt\u00e4<\/a><\/p>\n\n\n\n<p><\/p>\n\n\n\nngg_shortcode_0_placeholder\n","protected":false},"excerpt":{"rendered":"<p>Cora etsii tasaista arkea el\u00e4v\u00e4\u00e4 kotia rauhalliselta asuinalueelta ensisijaisesti uroskoiran kaverina \ud83d\udc9c Cora on tuotu tarhalle entisen omistajansa toimesta huhtikuussa -25 yhdeks\u00e4n pennun kanssa. H\u00e4n on arviolta huhtikuussa -23 syntynyt narttu. Cora oli tullessaan hyvin laihassa kunnossa. Cora vaikuttaa hyvin &hellip; <a href=\"https:\/\/www.secondchancerescue.fi\/?page_id=5442\">Lue loppuun <span class=\"meta-nav\">&rarr;<\/span><\/a><\/p>\n","protected":false},"author":1,"featured_media":0,"parent":0,"menu_order":0,"comment_status":"closed","ping_status":"closed","template":"","meta":{"ngg_post_thumbnail":0,"footnotes":""},"class_list":["post-5442","page","type-page","status-publish","hentry"],"_links":{"self":[{"href":"https:\/\/www.secondchancerescue.fi\/index.php?rest_route=\/wp\/v2\/pages\/5442","targetHints":{"allow":["GET"]}}],"collection":[{"href":"https:\/\/www.secondchancerescue.fi\/index.php?rest_route=\/wp\/v2\/pages"}],"about":[{"href":"https:\/\/www.secondchancerescue.fi\/index.php?rest_route=\/wp\/v2\/types\/page"}],"author":[{"embeddable":true,"href":"https:\/\/www.secondchancerescue.fi\/index.php?rest_route=\/wp\/v2\/users\/1"}],"replies":[{"embeddable":true,"href":"https:\/\/www.secondchancerescue.fi\/index.php?rest_route=%2Fwp%2Fv2%2Fcomments&post=5442"}],"version-history":[{"count":1,"href":"https:\/\/www.secondchancerescue.fi\/index.php?rest_route=\/wp\/v2\/pages\/5442\/revisions"}],"predecessor-version":[{"id":5443,"href":"https:\/\/www.secondchancerescue.fi\/index.php?rest_route=\/wp\/v2\/pages\/5442\/revisions\/5443"}],"wp:attachment":[{"href":"https:\/\/www.secondchancerescue.fi\/index.php?rest_route=%2Fwp%2Fv2%2Fmedia&parent=5442"}],"curies":[{"name":"wp","href":"https:\/\/api.w.org\/{rel}","templated":true}]}}