{"id":5483,"date":"2025-07-23T17:45:56","date_gmt":"2025-07-23T17:45:56","guid":{"rendered":"https:\/\/www.secondchancerescue.fi\/?page_id=5483"},"modified":"2025-07-23T17:49:04","modified_gmt":"2025-07-23T17:49:04","slug":"bosco","status":"publish","type":"page","link":"https:\/\/www.secondchancerescue.fi\/?page_id=5483","title":{"rendered":"Bosco"},"content":{"rendered":"\n<p>Bosco etsii kotia ensisijaisesti leikkis\u00e4n, mutta k\u00e4rsiv\u00e4llisen nartun kaveriksi \ud83e\udde1 Bosco on arviolta huhtikuussa -23 syntynyt uros, joka on tuotu tarhalle huhtikuussa -25. Bosco on melko pienikokoinen ja painaa vain n.20kg. H\u00e4net l\u00f6ydettiin yhdess\u00e4 toisen uroksen kanssa, mutta taustoista ennen tarhaa ei ole muuta tietoa. Bosco jakaa t\u00e4ll\u00e4 hetkell\u00e4 h\u00e4kin tarhalla tuon kyseisen uroksen sek\u00e4 narttukoiran kanssa. Bosco vaikuttaa avoimelle uusiakin ihmisi\u00e4 kohtaan ja nauttii rapsutuksista. H\u00e4n jopa heitt\u00e4ytyy sel\u00e4lleen vastaanottamaan rapsutuksia \ud83e\udde1 H\u00e4net voidaan sijoittaa yli 10v rauhallisten lasten kanssa. <\/p>\n\n\n\n<p>Yleisluonteeltaan h\u00e4n on hyvin aktiivinen, joten kaipaa perheen, jossa on riitt\u00e4v\u00e4sti kiinnostusta ja aikaa koiran kanssa touhuamiselle lenkkien lis\u00e4ksi. Hihnassa Bosco k\u00e4velee p\u00e4\u00e4asiassa hyvin, mutta ajoittain voi olla koirakohtaamisissa ep\u00e4varma. H\u00e4n on onneksi kuitenkin hyvin namimotivoitavissa, joten varmasti koulutuksella saa tilanteita helpottamaan. Lenkill\u00e4 Bosco v\u00e4lill\u00e4 kiihtyy, jolloin voi l\u00e4hte\u00e4 h\u00e4rkkim\u00e4\u00e4n toista koiraa eli malttia tulee harjoitella paljon. Ep\u00e4varmoissa tilanteissa h\u00e4n turvautuu paljon toiseen koiraan, jonka takia olisi hyv\u00e4, ett\u00e4 tulevasta kodista l\u00f6ytyy reipas, mutta k\u00e4rsiv\u00e4llinen koirakaveri. Koska h\u00e4n voi j\u00e4nnitt\u00e4\u00e4 uusia tilanteita, on kuitenkin eritt\u00e4in t\u00e4rke\u00e4\u00e4, ett\u00e4 tulevassa kodissa on alkuun mahdollisuus erist\u00e4\u00e4 koirakaverista. Sijoitusta ainoaksi koiraksi rauhalliseen ymp\u00e4rist\u00f6\u00f6n voidaan my\u00f6s harkita. Vaikka yleisesti Bosco vaikuttaakin hyvin reippaalle, h\u00e4nelle etsit\u00e4\u00e4n kotia rauhalliselta asuinalueelta tai maaseudulta, jotta p\u00e4\u00e4see lenkkeilem\u00e4\u00e4n ilman liiallisia h\u00e4iri\u00f6it\u00e4. <br><br>Arvioitu syntym\u00e4aika: huhtikuu 2023 <br>Syntym\u00e4maa: Espanja <br>Sijainti: Espanja, Los Barrios -tarha <br>Adoptoiva yhdistys: Second Chance Rescue ry <br>Tunnus: 24039471<\/p>\n\n\n\n<p>Lis\u00e4\u00e4 kuvia <a href=\"https:\/\/www.facebook.com\/media\/set\/?set=a.1026540426311650&amp;type=3\">t\u00e4\u00e4lt\u00e4<\/a><\/p>\n\n\n\nngg_shortcode_0_placeholder\n","protected":false},"excerpt":{"rendered":"<p>Bosco etsii kotia ensisijaisesti leikkis\u00e4n, mutta k\u00e4rsiv\u00e4llisen nartun kaveriksi \ud83e\udde1 Bosco on arviolta huhtikuussa -23 syntynyt uros, joka on tuotu tarhalle huhtikuussa -25. Bosco on melko pienikokoinen ja painaa vain n.20kg. H\u00e4net l\u00f6ydettiin yhdess\u00e4 toisen uroksen kanssa, mutta taustoista ennen &hellip; <a href=\"https:\/\/www.secondchancerescue.fi\/?page_id=5483\">Lue loppuun <span class=\"meta-nav\">&rarr;<\/span><\/a><\/p>\n","protected":false},"author":1,"featured_media":0,"parent":0,"menu_order":0,"comment_status":"closed","ping_status":"closed","template":"","meta":{"ngg_post_thumbnail":0,"footnotes":""},"class_list":["post-5483","page","type-page","status-publish","hentry"],"_links":{"self":[{"href":"https:\/\/www.secondchancerescue.fi\/index.php?rest_route=\/wp\/v2\/pages\/5483","targetHints":{"allow":["GET"]}}],"collection":[{"href":"https:\/\/www.secondchancerescue.fi\/index.php?rest_route=\/wp\/v2\/pages"}],"about":[{"href":"https:\/\/www.secondchancerescue.fi\/index.php?rest_route=\/wp\/v2\/types\/page"}],"author":[{"embeddable":true,"href":"https:\/\/www.secondchancerescue.fi\/index.php?rest_route=\/wp\/v2\/users\/1"}],"replies":[{"embeddable":true,"href":"https:\/\/www.secondchancerescue.fi\/index.php?rest_route=%2Fwp%2Fv2%2Fcomments&post=5483"}],"version-history":[{"count":2,"href":"https:\/\/www.secondchancerescue.fi\/index.php?rest_route=\/wp\/v2\/pages\/5483\/revisions"}],"predecessor-version":[{"id":5487,"href":"https:\/\/www.secondchancerescue.fi\/index.php?rest_route=\/wp\/v2\/pages\/5483\/revisions\/5487"}],"wp:attachment":[{"href":"https:\/\/www.secondchancerescue.fi\/index.php?rest_route=%2Fwp%2Fv2%2Fmedia&parent=5483"}],"curies":[{"name":"wp","href":"https:\/\/api.w.org\/{rel}","templated":true}]}}