{"id":5546,"date":"2025-08-31T20:12:19","date_gmt":"2025-08-31T20:12:19","guid":{"rendered":"https:\/\/www.secondchancerescue.fi\/?page_id=5546"},"modified":"2025-08-31T20:12:19","modified_gmt":"2025-08-31T20:12:19","slug":"toby","status":"publish","type":"page","link":"https:\/\/www.secondchancerescue.fi\/?page_id=5546","title":{"rendered":"Toby"},"content":{"rendered":"\n<p>Toby etsii tasaista arkea el\u00e4v\u00e4\u00e4 kotia ainoana koirana tai harkiten rauhallisen nartun kaveriksi \ud83e\udde1 <\/p>\n\n\n\n<p>Toby on arviolta tammikuussa -17 syntynyt uros, joka on tuotu tarhalle maaliskuussa -25. H\u00e4nen taustoistaan ennen tarhalle tuloa ei ole tietoa. Toby painaa noin 30kg. <\/p>\n\n\n\n<p>Toby on yleisluonteeltaan melko rauhallisen ja tasapainoisen oloinen, h\u00e4n vaikuttaa my\u00f6s leikkis\u00e4lle. H\u00e4n on avoin ja sosiaalinen uusiakin ihmisi\u00e4 kohtaan ja nauttii paljon rapsutuksista. Toby kulkee p\u00e4\u00e4asiassa hyvin hihnassa, mutta ohituksissa olisi mielell\u00e4\u00e4n menossa moikkaamaan kaikkia eli ohitustreenit tulevat tarpeeseen tulevassa kodissa. Ruohikossa py\u00f6riminen on selv\u00e4sti h\u00e4nen mielipuuhaa lenkkeilyn lomassa. <\/p>\n\n\n\n<p>Toby on t\u00e4ll\u00e4 hetkell\u00e4 tarhalla yksin h\u00e4kiss\u00e4, mutta on aiemmin jakanut h\u00e4kin ongelmitta toisen koiran kanssa. H\u00e4net voidaan sijoittaa ainoaksi koiraksi tai yleisluonteeltaan rauhallisen nartun kaveriksi. <\/p>\n\n\n\n<p>Arvioitu syntym\u00e4aika: tammikuu 2017 <br>Syntym\u00e4maa: Espanja <br>Sijainti: Espanja, Los Barrios -tarha <br>Adoptoiva yhdistys: Second Chance Rescue ry <br>Tunnus: 24039471<\/p>\n\n\n\n<p>Lis\u00e4\u00e4 kuvia <a href=\"https:\/\/www.facebook.com\/media\/set\/?set=a.1057998766499149&amp;type=3\">t\u00e4\u00e4lt\u00e4<\/a><\/p>\n\n\n\nngg_shortcode_0_placeholder\n","protected":false},"excerpt":{"rendered":"<p>Toby etsii tasaista arkea el\u00e4v\u00e4\u00e4 kotia ainoana koirana tai harkiten rauhallisen nartun kaveriksi \ud83e\udde1 Toby on arviolta tammikuussa -17 syntynyt uros, joka on tuotu tarhalle maaliskuussa -25. H\u00e4nen taustoistaan ennen tarhalle tuloa ei ole tietoa. Toby painaa noin 30kg. Toby &hellip; <a href=\"https:\/\/www.secondchancerescue.fi\/?page_id=5546\">Lue loppuun <span class=\"meta-nav\">&rarr;<\/span><\/a><\/p>\n","protected":false},"author":1,"featured_media":0,"parent":0,"menu_order":0,"comment_status":"closed","ping_status":"closed","template":"","meta":{"ngg_post_thumbnail":0,"footnotes":""},"class_list":["post-5546","page","type-page","status-publish","hentry"],"_links":{"self":[{"href":"https:\/\/www.secondchancerescue.fi\/index.php?rest_route=\/wp\/v2\/pages\/5546","targetHints":{"allow":["GET"]}}],"collection":[{"href":"https:\/\/www.secondchancerescue.fi\/index.php?rest_route=\/wp\/v2\/pages"}],"about":[{"href":"https:\/\/www.secondchancerescue.fi\/index.php?rest_route=\/wp\/v2\/types\/page"}],"author":[{"embeddable":true,"href":"https:\/\/www.secondchancerescue.fi\/index.php?rest_route=\/wp\/v2\/users\/1"}],"replies":[{"embeddable":true,"href":"https:\/\/www.secondchancerescue.fi\/index.php?rest_route=%2Fwp%2Fv2%2Fcomments&post=5546"}],"version-history":[{"count":1,"href":"https:\/\/www.secondchancerescue.fi\/index.php?rest_route=\/wp\/v2\/pages\/5546\/revisions"}],"predecessor-version":[{"id":5547,"href":"https:\/\/www.secondchancerescue.fi\/index.php?rest_route=\/wp\/v2\/pages\/5546\/revisions\/5547"}],"wp:attachment":[{"href":"https:\/\/www.secondchancerescue.fi\/index.php?rest_route=%2Fwp%2Fv2%2Fmedia&parent=5546"}],"curies":[{"name":"wp","href":"https:\/\/api.w.org\/{rel}","templated":true}]}}