{"id":5556,"date":"2025-08-31T20:21:52","date_gmt":"2025-08-31T20:21:52","guid":{"rendered":"https:\/\/www.secondchancerescue.fi\/?page_id=5556"},"modified":"2025-08-31T20:21:53","modified_gmt":"2025-08-31T20:21:53","slug":"logan","status":"publish","type":"page","link":"https:\/\/www.secondchancerescue.fi\/?page_id=5556","title":{"rendered":"Logan"},"content":{"rendered":"\n<p>Logan etsii aktiivista kotia rauhalliselta asuinalueelta ainoaksi koiraksi \ud83d\udc9b <\/p>\n\n\n\n<p>Logan on arviolta toukokuussa -24 syntynyt uros, joka on tuotu tarhalle helmikuussa -25. Tarhan vapaaehtoinen on pelastanut h\u00e4net, koska h\u00e4nt\u00e4 pidettiin jatkuvasti kytkettyn\u00e4 huonoissa oloissa. Kev\u00e4\u00e4ll\u00e4 tarhan tulvariskist\u00e4 johtuen Logan vietti noin kuukauden kotihoidossa. <\/p>\n\n\n\n<p>Tarhaymp\u00e4rist\u00f6ss\u00e4 lenkkeilless\u00e4 Logan on stressaantuneen oloinen, h\u00e4n vet\u00e4\u00e4 paljon hihnassa eik\u00e4 h\u00e4neen saa oikein kontaktia kun namitkaan ei maistu. Kotihoidossa ollessaan kotihoitajat kuitenkin kertoivat h\u00e4nen olevan nopea oppimaan ja motivoituvan hyvin nameista, joten koulutettavuus varmasti helpottuu h\u00e4nen p\u00e4\u00e4stess\u00e4 el\u00e4m\u00e4\u00e4n rauhallista arkea. Kotihoidossa h\u00e4n nautti auringon palvonnasta ja koulutushetkist\u00e4 lenkkien lis\u00e4ksi. <\/p>\n\n\n\n<p>Logan on avoin uusiakin ihmisi\u00e4 kohtaan, mutta yleisluonteeltaan vaikuttaa melko itsen\u00e4iselle. Emme sijoita h\u00e4nt\u00e4 perheeseen, jossa on alakouluik\u00e4isi\u00e4 lapsia. Logan ei ole ollut tarhalla tekemisiss\u00e4 muiden koirien kanssa, jonka takia h\u00e4net sijoitetaan toistaiseksi vain ainoaksi koiraksi. <\/p>\n\n\n\n<p>Logan on aktiivinen nuori herra, joka tarvitsee liikunnallisen kodin, jossa jaksetaan k\u00e4rsiv\u00e4llisesti panostaa arkitaitojen ja hihnak\u00e4yt\u00f6ksen opetteluun, sill\u00e4 h\u00e4n on hyvin vahva vet\u00e4ess\u00e4\u00e4n. H\u00e4n tarvitsee kodin, jossa on mahdollista p\u00e4\u00e4st\u00e4 harjoittelemaan hihnak\u00e4yt\u00f6st\u00e4 ilman suuria ymp\u00e4rist\u00f6n h\u00e4iri\u00f6it\u00e4. <\/p>\n\n\n\n<p>Arvioitu syntym\u00e4aika: toukokuu 2024 <br>Syntym\u00e4maa: Espanja <br>Sijainti: Espanja, Los Barrios -tarha <br>Adoptoiva yhdistys: Second Chance Rescue ry <br>Tunnus: 24039471<\/p>\n\n\n\n<p>Lis\u00e4\u00e4 kuvia <a href=\"https:\/\/www.facebook.com\/media\/set\/?set=a.1064940085805017&amp;type=3\">t\u00e4\u00e4lt\u00e4<\/a><\/p>\n\n\n\nngg_shortcode_0_placeholder\n","protected":false},"excerpt":{"rendered":"<p>Logan etsii aktiivista kotia rauhalliselta asuinalueelta ainoaksi koiraksi \ud83d\udc9b Logan on arviolta toukokuussa -24 syntynyt uros, joka on tuotu tarhalle helmikuussa -25. Tarhan vapaaehtoinen on pelastanut h\u00e4net, koska h\u00e4nt\u00e4 pidettiin jatkuvasti kytkettyn\u00e4 huonoissa oloissa. Kev\u00e4\u00e4ll\u00e4 tarhan tulvariskist\u00e4 johtuen Logan vietti &hellip; <a href=\"https:\/\/www.secondchancerescue.fi\/?page_id=5556\">Lue loppuun <span class=\"meta-nav\">&rarr;<\/span><\/a><\/p>\n","protected":false},"author":1,"featured_media":0,"parent":0,"menu_order":0,"comment_status":"closed","ping_status":"closed","template":"","meta":{"ngg_post_thumbnail":0,"footnotes":""},"class_list":["post-5556","page","type-page","status-publish","hentry"],"_links":{"self":[{"href":"https:\/\/www.secondchancerescue.fi\/index.php?rest_route=\/wp\/v2\/pages\/5556","targetHints":{"allow":["GET"]}}],"collection":[{"href":"https:\/\/www.secondchancerescue.fi\/index.php?rest_route=\/wp\/v2\/pages"}],"about":[{"href":"https:\/\/www.secondchancerescue.fi\/index.php?rest_route=\/wp\/v2\/types\/page"}],"author":[{"embeddable":true,"href":"https:\/\/www.secondchancerescue.fi\/index.php?rest_route=\/wp\/v2\/users\/1"}],"replies":[{"embeddable":true,"href":"https:\/\/www.secondchancerescue.fi\/index.php?rest_route=%2Fwp%2Fv2%2Fcomments&post=5556"}],"version-history":[{"count":1,"href":"https:\/\/www.secondchancerescue.fi\/index.php?rest_route=\/wp\/v2\/pages\/5556\/revisions"}],"predecessor-version":[{"id":5557,"href":"https:\/\/www.secondchancerescue.fi\/index.php?rest_route=\/wp\/v2\/pages\/5556\/revisions\/5557"}],"wp:attachment":[{"href":"https:\/\/www.secondchancerescue.fi\/index.php?rest_route=%2Fwp%2Fv2%2Fmedia&parent=5556"}],"curies":[{"name":"wp","href":"https:\/\/api.w.org\/{rel}","templated":true}]}}