{"id":5622,"date":"2025-10-15T20:48:34","date_gmt":"2025-10-15T20:48:34","guid":{"rendered":"https:\/\/www.secondchancerescue.fi\/?page_id=5622"},"modified":"2026-01-04T17:06:47","modified_gmt":"2026-01-04T17:06:47","slug":"raton","status":"publish","type":"page","link":"https:\/\/www.secondchancerescue.fi\/?page_id=5622","title":{"rendered":"Rat\u00f3n\u00a0"},"content":{"rendered":"\n<p>Rat\u00f3n etsii aktiivista kotia ainoana koirana tai harkiten nartun kaverina \ud83d\udc99 <\/p>\n\n\n\n<p>Rat\u00f3n on arviolta huhtikuussa -24 syntynyt uros, joka on tuotu tarhalle maaliskuussa -25. H\u00e4n on melko sirorakenteinen ja painaa noin 20kg. <\/p>\n\n\n\n<p>Rat\u00f3n on avoin uusiakin ihmisi\u00e4 kohtaan ja vaikuttaa nauttivan rapsutuksista. H\u00e4n kuitenkin hyppii herk\u00e4sti ja raapii herk\u00e4sti hyp\u00e4tess\u00e4\u00e4n vasten, joten maltin harjoittelua on hyv\u00e4 harjoitella. H\u00e4n kulkee p\u00e4\u00e4asiassa hyvin hihnassa ohituksia lukuunottamatta, mutta keskittyy ennemmin etenemiseen kuin kontaktin ottamiseen namien toivossa. Rat\u00f3n reagoi todella voimakkaasti koirien ohituksissa, jonka johdosta tarvitsee rauhallisen asuinymp\u00e4rist\u00f6n, jossa pystyy v\u00e4lttelem\u00e4\u00e4n kohtaamisia koulutusvaiheessa. Emme sijoita Rat\u00f3nia ensimm\u00e4iseksi koiraksi. <\/p>\n\n\n\n<p>Rat\u00f3n on tullut tarhalla p\u00e4\u00e4asiassa hyvin toimeen muiden koirien kanssa, mutta ei oikein osaa malttaa niiden seurassa ja siksi h\u00e4n on monelle koiralle liian \u201draskas\u201d seuralainen. Jos tulevassa kodissa l\u00f6ytyy koirakaveri, tulee perheen panostaa my\u00f6s yhdess\u00e4 rauhoittumiseen ja koirakaverin tulee olla luonteeltaan k\u00e4rsiv\u00e4llinen. <\/p>\n\n\n\n<p>Emme sijoita Rat\u00f3nia alle yl\u00e4kouluik\u00e4isten lasten kanssa. <\/p>\n\n\n\n<p>Arvioitu syntym\u00e4aika: huhtikuu 2024 <br>Syntym\u00e4maa: Espanja <br>Sijainti: Espanja, Los Barrios -tarha <br>Adoptoiva yhdistys: Second Chance Rescue ry <br>Tunnus: 24039471<\/p>\n\n\n\n<p>Lis\u00e4\u00e4 kuvia <a href=\"https:\/\/www.facebook.com\/media\/set\/?set=a.1100486265583732&amp;type=3\">t\u00e4\u00e4lt\u00e4<\/a><\/p>\n\n\n\n<p><\/p>\n\n\n\nngg_shortcode_0_placeholder\n","protected":false},"excerpt":{"rendered":"<p>Rat\u00f3n etsii aktiivista kotia ainoana koirana tai harkiten nartun kaverina \ud83d\udc99 Rat\u00f3n on arviolta huhtikuussa -24 syntynyt uros, joka on tuotu tarhalle maaliskuussa -25. H\u00e4n on melko sirorakenteinen ja painaa noin 20kg. Rat\u00f3n on avoin uusiakin ihmisi\u00e4 kohtaan ja vaikuttaa &hellip; <a href=\"https:\/\/www.secondchancerescue.fi\/?page_id=5622\">Lue loppuun <span class=\"meta-nav\">&rarr;<\/span><\/a><\/p>\n","protected":false},"author":1,"featured_media":0,"parent":0,"menu_order":0,"comment_status":"closed","ping_status":"closed","template":"","meta":{"ngg_post_thumbnail":0,"footnotes":""},"class_list":["post-5622","page","type-page","status-publish","hentry"],"_links":{"self":[{"href":"https:\/\/www.secondchancerescue.fi\/index.php?rest_route=\/wp\/v2\/pages\/5622","targetHints":{"allow":["GET"]}}],"collection":[{"href":"https:\/\/www.secondchancerescue.fi\/index.php?rest_route=\/wp\/v2\/pages"}],"about":[{"href":"https:\/\/www.secondchancerescue.fi\/index.php?rest_route=\/wp\/v2\/types\/page"}],"author":[{"embeddable":true,"href":"https:\/\/www.secondchancerescue.fi\/index.php?rest_route=\/wp\/v2\/users\/1"}],"replies":[{"embeddable":true,"href":"https:\/\/www.secondchancerescue.fi\/index.php?rest_route=%2Fwp%2Fv2%2Fcomments&post=5622"}],"version-history":[{"count":2,"href":"https:\/\/www.secondchancerescue.fi\/index.php?rest_route=\/wp\/v2\/pages\/5622\/revisions"}],"predecessor-version":[{"id":5685,"href":"https:\/\/www.secondchancerescue.fi\/index.php?rest_route=\/wp\/v2\/pages\/5622\/revisions\/5685"}],"wp:attachment":[{"href":"https:\/\/www.secondchancerescue.fi\/index.php?rest_route=%2Fwp%2Fv2%2Fmedia&parent=5622"}],"curies":[{"name":"wp","href":"https:\/\/api.w.org\/{rel}","templated":true}]}}