{"id":5625,"date":"2025-10-15T20:53:20","date_gmt":"2025-10-15T20:53:20","guid":{"rendered":"https:\/\/www.secondchancerescue.fi\/?page_id=5625"},"modified":"2025-10-15T20:53:21","modified_gmt":"2025-10-15T20:53:21","slug":"raven","status":"publish","type":"page","link":"https:\/\/www.secondchancerescue.fi\/?page_id=5625","title":{"rendered":"Raven"},"content":{"rendered":"\n<p>Raven etsii tasaista arkea el\u00e4v\u00e4\u00e4 kotia ainoana koirana \u2764\ufe0f <\/p>\n\n\n\n<p>Raven on arviolta marraskuussa -20 syntynyt narttu, joka on tuotu tarhalle marraskuussa -24. H\u00e4nen taustoistaan ennen tarhaa ei ole tietoa, mutta h\u00e4n on ollut l\u00f6ydett\u00e4ess\u00e4 hyv\u00e4ss\u00e4 kunnossa. Raven painaa noin 25kg. <\/p>\n\n\n\n<p>Raven on avoin ja sosiaalinen uusiakin ihmisi\u00e4 kohtaan. H\u00e4n vaikuttaa nauttivan huomiosta ja rapsutuksista, sek\u00e4 on todella namimotivoitunut. Yleisluonteeltaan h\u00e4n vaikuttaa melko rauhalliselle, mutta innostuu aika ajoin. Jos Raven joutuu odottamaan liian pitk\u00e4\u00e4n namejaan, voi h\u00e4n turhautuessa alkaa haukkumaan ja hyppim\u00e4\u00e4n eli malttia on hyv\u00e4 harjoitella arjessa. <\/p>\n\n\n\n<p>Raven jakoi alkuun h\u00e4kin tarhalla uroskoiran kanssa, mutta alkoi kiusaamaan t\u00e4t\u00e4 h\u00e4kiss\u00e4 turhautuessaan ja on sen j\u00e4lkeen ollut yksin. T\u00e4m\u00e4n johdosta h\u00e4net sijoitetaan vain ainoaksi koiraksi, mutta pystyisi varmasti esimerkiksi lenkkeilem\u00e4\u00e4n uroksen kanssa ongelmitta. <\/p>\n\n\n\n<p>Raven sopisi t\u00e4ydellisesti perheeseen, jossa nautitaan luonnossa liikkumisesta, temppujen opettelusta ja muiden aivojumppien keksimisest\u00e4 \u2764\ufe0f <\/p>\n\n\n\n<p>Arvioitu syntym\u00e4aika: marraskuu 2020 <br>Syntym\u00e4maa: Espanja <br>Sijainti: Espanja, Los Barrios -tarha <br>Adoptoiva yhdistys: Second Chance Rescue ry <br>Tunnus: 24039471<\/p>\n\n\n\n<p>Lis\u00e4\u00e4 kuvia <a href=\"https:\/\/www.facebook.com\/media\/set\/?set=a.878800591085635&amp;type=3\">t\u00e4\u00e4lt\u00e4<\/a><\/p>\n\n\n\n<p><\/p>\n\n\n\nngg_shortcode_0_placeholder\n","protected":false},"excerpt":{"rendered":"<p>Raven etsii tasaista arkea el\u00e4v\u00e4\u00e4 kotia ainoana koirana \u2764\ufe0f Raven on arviolta marraskuussa -20 syntynyt narttu, joka on tuotu tarhalle marraskuussa -24. H\u00e4nen taustoistaan ennen tarhaa ei ole tietoa, mutta h\u00e4n on ollut l\u00f6ydett\u00e4ess\u00e4 hyv\u00e4ss\u00e4 kunnossa. Raven painaa noin 25kg. &hellip; <a href=\"https:\/\/www.secondchancerescue.fi\/?page_id=5625\">Lue loppuun <span class=\"meta-nav\">&rarr;<\/span><\/a><\/p>\n","protected":false},"author":1,"featured_media":0,"parent":0,"menu_order":0,"comment_status":"closed","ping_status":"closed","template":"","meta":{"ngg_post_thumbnail":0,"footnotes":""},"class_list":["post-5625","page","type-page","status-publish","hentry"],"_links":{"self":[{"href":"https:\/\/www.secondchancerescue.fi\/index.php?rest_route=\/wp\/v2\/pages\/5625","targetHints":{"allow":["GET"]}}],"collection":[{"href":"https:\/\/www.secondchancerescue.fi\/index.php?rest_route=\/wp\/v2\/pages"}],"about":[{"href":"https:\/\/www.secondchancerescue.fi\/index.php?rest_route=\/wp\/v2\/types\/page"}],"author":[{"embeddable":true,"href":"https:\/\/www.secondchancerescue.fi\/index.php?rest_route=\/wp\/v2\/users\/1"}],"replies":[{"embeddable":true,"href":"https:\/\/www.secondchancerescue.fi\/index.php?rest_route=%2Fwp%2Fv2%2Fcomments&post=5625"}],"version-history":[{"count":1,"href":"https:\/\/www.secondchancerescue.fi\/index.php?rest_route=\/wp\/v2\/pages\/5625\/revisions"}],"predecessor-version":[{"id":5626,"href":"https:\/\/www.secondchancerescue.fi\/index.php?rest_route=\/wp\/v2\/pages\/5625\/revisions\/5626"}],"wp:attachment":[{"href":"https:\/\/www.secondchancerescue.fi\/index.php?rest_route=%2Fwp%2Fv2%2Fmedia&parent=5625"}],"curies":[{"name":"wp","href":"https:\/\/api.w.org\/{rel}","templated":true}]}}