{"id":5658,"date":"2025-11-24T17:30:18","date_gmt":"2025-11-24T17:30:18","guid":{"rendered":"https:\/\/www.secondchancerescue.fi\/?page_id=5658"},"modified":"2025-11-24T17:30:18","modified_gmt":"2025-11-24T17:30:18","slug":"kalifa","status":"publish","type":"page","link":"https:\/\/www.secondchancerescue.fi\/?page_id=5658","title":{"rendered":"Kalifa"},"content":{"rendered":"\n<p>Kalifa etsii tasaista arkea el\u00e4v\u00e4\u00e4 aikuiskotia ainoana koirana \ud83d\udc99<\/p>\n\n\n\n<p>Kalifa on arviolta helmikuussa -17 syntynyt uros, joka on tuotu tarhalle elokuussa -23. H\u00e4n etsii perhett\u00e4, jossa nautitaan luonnossa liikkumisesta ja lenkkeilyst\u00e4. H\u00e4n on yleisluonteeltaan rauhallinen ja ansaitsisi l\u00f6yt\u00e4\u00e4 oman kodin el\u00e4kep\u00e4ivilleen \ud83d\udc99 <\/p>\n\n\n\n<p>Kalifa on avoin ja sosiaalinen ihmisi\u00e4 kohtaan, mutta on tarhalla kovin stressaantunut eik\u00e4 lenkeill\u00e4 malta j\u00e4\u00e4d\u00e4 nauttimaan rapsutuksista. H\u00e4n kulkee p\u00e4\u00e4asiassa hyvin hihnassa ja ottaa itsen\u00e4isesti kontaktia. Ohituksissa h\u00e4n j\u00e4\u00e4 usein katselemaan ohittavia, mutta on my\u00f6s motivoitunut nameista ja luopuu toisista hyvin pyydett\u00e4ess\u00e4. <\/p>\n\n\n\n<p>Kalifa ei tule toimeen muiden koirien tai kissojen kanssa, joten h\u00e4net sijoitetaan vain ainoaksi koiraksi. <\/p>\n\n\n\n<p>Arvioitu syntym\u00e4aika: helmikuu 2017 <br>Syntym\u00e4maa: Espanja <br>Sijainti: Espanja, Los Barrios -tarha <br>Adoptoiva yhdistys: Second Chance Rescue ry <br>Tunnus: 24039471<\/p>\n\n\n\n<p>Lis\u00e4\u00e4 kuvia <a href=\"https:\/\/www.facebook.com\/media\/set\/?set=a.878801284418899&amp;type=3\">t\u00e4\u00e4lt\u00e4<\/a><\/p>\n\n\n\nngg_shortcode_0_placeholder\n","protected":false},"excerpt":{"rendered":"<p>Kalifa etsii tasaista arkea el\u00e4v\u00e4\u00e4 aikuiskotia ainoana koirana \ud83d\udc99 Kalifa on arviolta helmikuussa -17 syntynyt uros, joka on tuotu tarhalle elokuussa -23. H\u00e4n etsii perhett\u00e4, jossa nautitaan luonnossa liikkumisesta ja lenkkeilyst\u00e4. H\u00e4n on yleisluonteeltaan rauhallinen ja ansaitsisi l\u00f6yt\u00e4\u00e4 oman kodin &hellip; <a href=\"https:\/\/www.secondchancerescue.fi\/?page_id=5658\">Lue loppuun <span class=\"meta-nav\">&rarr;<\/span><\/a><\/p>\n","protected":false},"author":1,"featured_media":0,"parent":0,"menu_order":0,"comment_status":"closed","ping_status":"closed","template":"","meta":{"ngg_post_thumbnail":0,"footnotes":""},"class_list":["post-5658","page","type-page","status-publish","hentry"],"_links":{"self":[{"href":"https:\/\/www.secondchancerescue.fi\/index.php?rest_route=\/wp\/v2\/pages\/5658","targetHints":{"allow":["GET"]}}],"collection":[{"href":"https:\/\/www.secondchancerescue.fi\/index.php?rest_route=\/wp\/v2\/pages"}],"about":[{"href":"https:\/\/www.secondchancerescue.fi\/index.php?rest_route=\/wp\/v2\/types\/page"}],"author":[{"embeddable":true,"href":"https:\/\/www.secondchancerescue.fi\/index.php?rest_route=\/wp\/v2\/users\/1"}],"replies":[{"embeddable":true,"href":"https:\/\/www.secondchancerescue.fi\/index.php?rest_route=%2Fwp%2Fv2%2Fcomments&post=5658"}],"version-history":[{"count":1,"href":"https:\/\/www.secondchancerescue.fi\/index.php?rest_route=\/wp\/v2\/pages\/5658\/revisions"}],"predecessor-version":[{"id":5659,"href":"https:\/\/www.secondchancerescue.fi\/index.php?rest_route=\/wp\/v2\/pages\/5658\/revisions\/5659"}],"wp:attachment":[{"href":"https:\/\/www.secondchancerescue.fi\/index.php?rest_route=%2Fwp%2Fv2%2Fmedia&parent=5658"}],"curies":[{"name":"wp","href":"https:\/\/api.w.org\/{rel}","templated":true}]}}