{"id":5661,"date":"2025-11-24T17:34:06","date_gmt":"2025-11-24T17:34:06","guid":{"rendered":"https:\/\/www.secondchancerescue.fi\/?page_id=5661"},"modified":"2025-11-24T17:34:06","modified_gmt":"2025-11-24T17:34:06","slug":"biggie-2","status":"publish","type":"page","link":"https:\/\/www.secondchancerescue.fi\/?page_id=5661","title":{"rendered":"Biggie"},"content":{"rendered":"\n<p>Biggie etsii aktiivista kotia nartun kaveriksi tai harkiten ainoaksi koiraksi \ud83d\udc99 <\/p>\n\n\n\n<p>Biggie on tuotu tarhalle 25.9.25 ja on arviolta syyskuussa -20 syntynyt uros. H\u00e4net on pelastettu Triplen tarhalle laittomalta tarhalta, jossa koirista ei pidetty huolta ja se jouduttiin sulkemaan. Kell\u00e4\u00e4n ei ole tietoa kuinka kauan Biggie tuolla aiemmalla tarhalla asui. <\/p>\n\n\n\n<p>Biggie rakastaa ihmisi\u00e4 ja h\u00e4n heiluu koko koiran mitalta maailman onnellisimpana saadessaan huomiota. H\u00e4n on melko isokokoinen (noin 57cm korkea) ja raskasrakenteinen, muttei aina ymm\u00e4rr\u00e4 t\u00e4t\u00e4 itse, joten ei sovellu pienten lasten kanssa. H\u00e4n kulkee hihnassa p\u00e4\u00e4asiassa melko kivasti, mutta on todella vahva mik\u00e4li keksii paikan minne haluaa eli ei sovellu heikompien ulkoilutettavaksi. Biggie on melko aktiivinen energiatasoltaan eli tarvitsee perheen, jossa on aikaa lenkkeilyn lis\u00e4ksi my\u00f6s muuhun virikkeist\u00e4miseen. <\/p>\n\n\n\n<p>Biggie jakaa t\u00e4ll\u00e4 hetkell\u00e4 h\u00e4kin narttukoiran kanssa ongelmitta ja on tarhalla testeiss\u00e4 tullut toimeen my\u00f6s uroksen kanssa. H\u00e4n on raju ja innokas leikeiss\u00e4\u00e4n, joten ei sovellu pienten koirien kaveriksi. Jos tulevassa kodissa ei ole h\u00e4nelle tytt\u00f6yst\u00e4v\u00e4\u00e4 valmiiksi, tulisi perheen l\u00e4hipiirist\u00e4 l\u00f6yty\u00e4 Biggielle sopivia leikkikavereita. <\/p>\n\n\n\n<p>Arvioitu syntym\u00e4aika: syyskuu 2020 <br>Syntym\u00e4maa: Espanja <br>Sijainti: Espanja, Triple A Marbella -tarha <br>Adoptoiva yhdistys: Second Chance Rescue ry <br>Tunnus: 24039471<\/p>\n\n\n\n<p>Lis\u00e4\u00e4 kuvia <a href=\"https:\/\/www.facebook.com\/media\/set\/?set=a.1129129919386033&amp;type=3\">t\u00e4\u00e4lt\u00e4<\/a><\/p>\n\n\n\nngg_shortcode_0_placeholder\n","protected":false},"excerpt":{"rendered":"<p>Biggie etsii aktiivista kotia nartun kaveriksi tai harkiten ainoaksi koiraksi \ud83d\udc99 Biggie on tuotu tarhalle 25.9.25 ja on arviolta syyskuussa -20 syntynyt uros. H\u00e4net on pelastettu Triplen tarhalle laittomalta tarhalta, jossa koirista ei pidetty huolta ja se jouduttiin sulkemaan. Kell\u00e4\u00e4n &hellip; <a href=\"https:\/\/www.secondchancerescue.fi\/?page_id=5661\">Lue loppuun <span class=\"meta-nav\">&rarr;<\/span><\/a><\/p>\n","protected":false},"author":1,"featured_media":0,"parent":0,"menu_order":0,"comment_status":"closed","ping_status":"closed","template":"","meta":{"ngg_post_thumbnail":0,"footnotes":""},"class_list":["post-5661","page","type-page","status-publish","hentry"],"_links":{"self":[{"href":"https:\/\/www.secondchancerescue.fi\/index.php?rest_route=\/wp\/v2\/pages\/5661","targetHints":{"allow":["GET"]}}],"collection":[{"href":"https:\/\/www.secondchancerescue.fi\/index.php?rest_route=\/wp\/v2\/pages"}],"about":[{"href":"https:\/\/www.secondchancerescue.fi\/index.php?rest_route=\/wp\/v2\/types\/page"}],"author":[{"embeddable":true,"href":"https:\/\/www.secondchancerescue.fi\/index.php?rest_route=\/wp\/v2\/users\/1"}],"replies":[{"embeddable":true,"href":"https:\/\/www.secondchancerescue.fi\/index.php?rest_route=%2Fwp%2Fv2%2Fcomments&post=5661"}],"version-history":[{"count":1,"href":"https:\/\/www.secondchancerescue.fi\/index.php?rest_route=\/wp\/v2\/pages\/5661\/revisions"}],"predecessor-version":[{"id":5662,"href":"https:\/\/www.secondchancerescue.fi\/index.php?rest_route=\/wp\/v2\/pages\/5661\/revisions\/5662"}],"wp:attachment":[{"href":"https:\/\/www.secondchancerescue.fi\/index.php?rest_route=%2Fwp%2Fv2%2Fmedia&parent=5661"}],"curies":[{"name":"wp","href":"https:\/\/api.w.org\/{rel}","templated":true}]}}