{"id":5731,"date":"2026-01-04T17:19:48","date_gmt":"2026-01-04T17:19:48","guid":{"rendered":"https:\/\/www.secondchancerescue.fi\/?page_id=5731"},"modified":"2026-01-04T17:19:48","modified_gmt":"2026-01-04T17:19:48","slug":"drago","status":"publish","type":"page","link":"https:\/\/www.secondchancerescue.fi\/?page_id=5731","title":{"rendered":"Drago"},"content":{"rendered":"\n<p>Drago etsii tasaista arkea el\u00e4v\u00e4\u00e4 kotia ainoana koirana \ud83d\udda4 <\/p>\n\n\n\n<p>Drago on tuotu tarhalle 30.4.25 ja h\u00e4n on arviolta toukokuussa -22 syntynyt uros. H\u00e4net on tuotu tarhalle perheest\u00e4, joka ei halunnut h\u00e4nt\u00e4 en\u00e4\u00e4 ja h\u00e4n oli tarhalle saapuessaan hyvin sulkeutunut. H\u00e4n ei halunnut menn\u00e4 takaisin h\u00e4kkiin ja sinne joutuessaan pyrki karkaamaan oven raosta. V\u00e4hitellen Drago kuitenkin tottui uuteen arkeensa ja alkoi n\u00e4ytt\u00e4m\u00e4\u00e4n enemm\u00e4n omaa luonnettaan. H\u00e4n osaa muutamia perustaitoja ja alkaakin h\u00f6p\u00f6ttelem\u00e4\u00e4n, jos joutuu liian pitk\u00e4\u00e4n odottamaan namipalkkiota tempusta. <\/p>\n\n\n\n<p>Drago on yleisluonteeltaan melko rauhallinen, mutta kaipaa toki runsaasti liikuntaa ja muutakin virikkeist\u00e4mist\u00e4 kuten kuka tahansa nuori koira. H\u00e4n on melko itsen\u00e4inen luonteeltaan eik\u00e4 sovellukaan todellisesta sylikoirasta haaveilevalle. Ajoittain h\u00e4n tulee kuitenkin hakemaan rapsutuksia ja silloin selv\u00e4sti nauttii etenkin tuttujen ihmisten huomiosta. Drago vaikuttaa motivoituvan hyvin nameista ja innostuu tempuista. <\/p>\n\n\n\n<p>Drago pelk\u00e4\u00e4 pannan pukemista, joten h\u00e4nelle saattaa olla sattunut jotain sen kanssa. Valjaat voi pukea h\u00e4nelle ongelmitta ja niiden kanssa kulkeekin p\u00e4\u00e4asiassa kivasti hihnassa. Ajoittain h\u00e4n voi reagoida koirien ohituksissa eli n\u00e4it\u00e4 tulee tulevan perheen varautua harjoittelemaan. <\/p>\n\n\n\n<p>Dragolle etsit\u00e4\u00e4n kotia rauhallisten lenkkimaastojen l\u00e4heisyydest\u00e4 ja tulevan perheen arjen tulisi olla yleisesti tasaista. Drago ei sovellu perheeseen, jossa on muita koiria tai kissoja. Voidaan sijoittaa yl\u00e4asteik\u00e4isten lasten kanssa, jotka ovat yleisluonteeltaan rauhallisia ja ovat tottuneita koiriin. <\/p>\n\n\n\n<p>Arvioitu syntym\u00e4aika: toukokuu 2022 <br>Syntym\u00e4maa: Espanja <br>Sijainti: Espanja, Triple A Marbella -tarha <br>Adoptoiva yhdistys: Second Chance Rescue ry <br>Tunnus: 24039471<\/p>\n\n\n\n<p>Lis\u00e4\u00e4 kuvia <a href=\"https:\/\/www.facebook.com\/media\/set\/?set=a.1130176892614669&amp;type=3\">t\u00e4\u00e4lt\u00e4<\/a><\/p>\n\n\n\nngg_shortcode_0_placeholder\n","protected":false},"excerpt":{"rendered":"<p>Drago etsii tasaista arkea el\u00e4v\u00e4\u00e4 kotia ainoana koirana \ud83d\udda4 Drago on tuotu tarhalle 30.4.25 ja h\u00e4n on arviolta toukokuussa -22 syntynyt uros. H\u00e4net on tuotu tarhalle perheest\u00e4, joka ei halunnut h\u00e4nt\u00e4 en\u00e4\u00e4 ja h\u00e4n oli tarhalle saapuessaan hyvin sulkeutunut. H\u00e4n &hellip; <a href=\"https:\/\/www.secondchancerescue.fi\/?page_id=5731\">Lue loppuun <span class=\"meta-nav\">&rarr;<\/span><\/a><\/p>\n","protected":false},"author":1,"featured_media":0,"parent":0,"menu_order":0,"comment_status":"closed","ping_status":"closed","template":"","meta":{"ngg_post_thumbnail":0,"footnotes":""},"class_list":["post-5731","page","type-page","status-publish","hentry"],"_links":{"self":[{"href":"https:\/\/www.secondchancerescue.fi\/index.php?rest_route=\/wp\/v2\/pages\/5731","targetHints":{"allow":["GET"]}}],"collection":[{"href":"https:\/\/www.secondchancerescue.fi\/index.php?rest_route=\/wp\/v2\/pages"}],"about":[{"href":"https:\/\/www.secondchancerescue.fi\/index.php?rest_route=\/wp\/v2\/types\/page"}],"author":[{"embeddable":true,"href":"https:\/\/www.secondchancerescue.fi\/index.php?rest_route=\/wp\/v2\/users\/1"}],"replies":[{"embeddable":true,"href":"https:\/\/www.secondchancerescue.fi\/index.php?rest_route=%2Fwp%2Fv2%2Fcomments&post=5731"}],"version-history":[{"count":1,"href":"https:\/\/www.secondchancerescue.fi\/index.php?rest_route=\/wp\/v2\/pages\/5731\/revisions"}],"predecessor-version":[{"id":5732,"href":"https:\/\/www.secondchancerescue.fi\/index.php?rest_route=\/wp\/v2\/pages\/5731\/revisions\/5732"}],"wp:attachment":[{"href":"https:\/\/www.secondchancerescue.fi\/index.php?rest_route=%2Fwp%2Fv2%2Fmedia&parent=5731"}],"curies":[{"name":"wp","href":"https:\/\/api.w.org\/{rel}","templated":true}]}}