{"id":5733,"date":"2026-01-04T17:22:50","date_gmt":"2026-01-04T17:22:50","guid":{"rendered":"https:\/\/www.secondchancerescue.fi\/?page_id=5733"},"modified":"2026-01-04T17:22:50","modified_gmt":"2026-01-04T17:22:50","slug":"tana","status":"publish","type":"page","link":"https:\/\/www.secondchancerescue.fi\/?page_id=5733","title":{"rendered":"Tana"},"content":{"rendered":"\n<p>Tana etsii aktiivista kotia rauhallisesta asuinymp\u00e4rist\u00f6st\u00e4 ensisijaisesti ainoana koirana \ud83e\udde1 <\/p>\n\n\n\n<p>Tana on syyskuussa -22 syntynyt narttu, joka on tuotu tarhalle 16.5.25 yhdess\u00e4 toisen koiran kanssa. Tana on noin 59cm korkea, mutta melko hoikkarakenteinen. <\/p>\n\n\n\n<p>Tana on alkuun ujo uusia ihmisi\u00e4 kohtaan ja oli tarhalle tullessaan hyvin h\u00e4mmentynyt kaikesta uudesta, joten tulevassa kodissa tulee varautua rauhalliseen totutteluun alkuun. H\u00e4nelle etsit\u00e4\u00e4n kotia, jossa arki olisi tasaista ja rutiininomaista eik\u00e4 perheess\u00e4 olisi nuoria lapsia. Tarhalla jo yhteisen k\u00e4velylenkin aikana Tana alkaa avautumaan ja n\u00e4ytt\u00e4m\u00e4\u00e4n leikkis\u00e4\u00e4 puoltaan. H\u00e4n rakastaa vesileikkej\u00e4 ja juosta aidatulla alueella. J\u00e4nnitt\u00e4viss\u00e4 tilanteissa h\u00e4n vaikuttaa tukeutuvan ihmiseen. H\u00e4n kulkee hyvin hihnassa, mutta ohitustilanteista on v\u00e4h\u00e4n j\u00e4nnitt\u00e4vi\u00e4 &#8211; Tana onneksi vaikuttaa kuitenkin motivoituvan nameista hyvin! <\/p>\n\n\n\n<p>Tana jakaa t\u00e4ll\u00e4 hetkell\u00e4 h\u00e4kin uroskoiran kanssa, mutta h\u00e4nen leikkityylins\u00e4 voi olla provosoivaa joidenkin koirien mielest\u00e4. T\u00e4st\u00e4 syyst\u00e4 h\u00e4nelle etsit\u00e4\u00e4nkin ensisijaisesti kotia ainoana koirana, mutta sijoitusta uroskoiran kaveriksi voidaan harkita. Jos perheess\u00e4 on entuudestaan koira, tulee siell\u00e4 olla my\u00f6s erist\u00e4mismahdollisuus alkuun. <\/p>\n\n\n\n<p>Arvioitu syntym\u00e4aika: syyskuu 2022 <br>Syntym\u00e4maa: Espanja <br>Sijainti: Espanja, Triple A Marbella -tarha <br>Adoptoiva yhdistys: Second Chance Rescue ry <br>Tunnus: 24039471<\/p>\n\n\n\n<p>Lis\u00e4\u00e4 kuvia <a href=\"https:\/\/www.facebook.com\/media\/set\/?set=a.1130176459281379&amp;type=3\">t\u00e4\u00e4lt\u00e4<\/a><\/p>\n\n\n\nngg_shortcode_0_placeholder\n","protected":false},"excerpt":{"rendered":"<p>Tana etsii aktiivista kotia rauhallisesta asuinymp\u00e4rist\u00f6st\u00e4 ensisijaisesti ainoana koirana \ud83e\udde1 Tana on syyskuussa -22 syntynyt narttu, joka on tuotu tarhalle 16.5.25 yhdess\u00e4 toisen koiran kanssa. Tana on noin 59cm korkea, mutta melko hoikkarakenteinen. Tana on alkuun ujo uusia ihmisi\u00e4 kohtaan &hellip; <a href=\"https:\/\/www.secondchancerescue.fi\/?page_id=5733\">Lue loppuun <span class=\"meta-nav\">&rarr;<\/span><\/a><\/p>\n","protected":false},"author":1,"featured_media":0,"parent":0,"menu_order":0,"comment_status":"closed","ping_status":"closed","template":"","meta":{"ngg_post_thumbnail":0,"footnotes":""},"class_list":["post-5733","page","type-page","status-publish","hentry"],"_links":{"self":[{"href":"https:\/\/www.secondchancerescue.fi\/index.php?rest_route=\/wp\/v2\/pages\/5733","targetHints":{"allow":["GET"]}}],"collection":[{"href":"https:\/\/www.secondchancerescue.fi\/index.php?rest_route=\/wp\/v2\/pages"}],"about":[{"href":"https:\/\/www.secondchancerescue.fi\/index.php?rest_route=\/wp\/v2\/types\/page"}],"author":[{"embeddable":true,"href":"https:\/\/www.secondchancerescue.fi\/index.php?rest_route=\/wp\/v2\/users\/1"}],"replies":[{"embeddable":true,"href":"https:\/\/www.secondchancerescue.fi\/index.php?rest_route=%2Fwp%2Fv2%2Fcomments&post=5733"}],"version-history":[{"count":1,"href":"https:\/\/www.secondchancerescue.fi\/index.php?rest_route=\/wp\/v2\/pages\/5733\/revisions"}],"predecessor-version":[{"id":5734,"href":"https:\/\/www.secondchancerescue.fi\/index.php?rest_route=\/wp\/v2\/pages\/5733\/revisions\/5734"}],"wp:attachment":[{"href":"https:\/\/www.secondchancerescue.fi\/index.php?rest_route=%2Fwp%2Fv2%2Fmedia&parent=5733"}],"curies":[{"name":"wp","href":"https:\/\/api.w.org\/{rel}","templated":true}]}}