{"id":5735,"date":"2026-01-04T17:25:56","date_gmt":"2026-01-04T17:25:56","guid":{"rendered":"https:\/\/www.secondchancerescue.fi\/?page_id=5735"},"modified":"2026-01-04T17:25:56","modified_gmt":"2026-01-04T17:25:56","slug":"madison","status":"publish","type":"page","link":"https:\/\/www.secondchancerescue.fi\/?page_id=5735","title":{"rendered":"Madison"},"content":{"rendered":"\n<p>Madison etsii aktiivista kotia uroskoiran kaverina tai ainoaksi koiraksi \ud83d\udc9c <\/p>\n\n\n\n<p>Madison on tuotu tarhalle 5.11.25 ja on arviolta toukokuussa -24 syntynyt narttu. H\u00e4net on tuotu tarhalle perheest\u00e4, joka ei en\u00e4\u00e4 halunnut h\u00e4nt\u00e4. Tarhalle saapuessaan h\u00e4n oli ymm\u00e4rrett\u00e4v\u00e4sti h\u00e4mill\u00e4\u00e4n kaikesta uudesta ja vaikutti hieman ujolle, mutta reipastui hyvin nopeasti. <\/p>\n\n\n\n<p>Madison on avoin ja sosiaalinen uusia ihmisi\u00e4 kohtaan, mutta ei aina innostuessaan ymm\u00e4rr\u00e4 omaa kokoaan ja siksi emme sijoita h\u00e4nt\u00e4 alle 10v lasten kanssa. H\u00e4n on melko raskasrakenteinen ja noin 56cm korkeudeltaan. Madison on yleisesti reippaan oloinen. H\u00e4n on vahva ja vet\u00e4\u00e4 paljon hihnassa eik\u00e4 silloin malta juuri ottaa kontaktia edes kutsuttaessa, mutta vapaana juoksualueella motivoituu nameista hyvin. Madisonin on vaikea ohittaa tarhalla h\u00e4kkien ovilla haukkuvia koiria ja kiihtyy niist\u00e4 voimakkaasti, mutta lenkeill\u00e4 ainakin toistaiseksi ohitukset ovat menneet hyvin. Varmuudeksi etsimme h\u00e4nelle kuitenkin kotia ymp\u00e4rist\u00f6st\u00e4, jossa olisi rauhalliset lenkkimaastot l\u00e4hettyvill\u00e4 ja mahdollisuus ottaa et\u00e4isyytt\u00e4 ohitustilanteissa. <\/p>\n\n\n\n<p>Madison jakaa t\u00e4ll\u00e4 hetkell\u00e4 h\u00e4kin uroskoiran kaverina ongelmitta ja oli nopeasti l\u00e4hd\u00f6ss\u00e4 leikkim\u00e4\u00e4n jo tutustumistilanteessa. Vaikka h\u00e4n on tutustuessaan innokas, vaikuttaa h\u00e4n my\u00f6s osaavan antaa tilaa toiselle. <\/p>\n\n\n\n<p>Arvioitu syntym\u00e4aika: toukokuu 2024 <br>Syntym\u00e4maa: Espanja <br>Sijainti: Espanja, Triple A Marbella -tarha <br>Adoptoiva yhdistys: Second Chance Rescue ry <br>Tunnus: 24039471<\/p>\n\n\n\n<p>Lis\u00e4\u00e4 kuvia <a href=\"https:\/\/www.facebook.com\/media\/set\/?set=a.1129748725990819&amp;type=3\">t\u00e4\u00e4lt\u00e4<\/a><\/p>\n\n\n\nngg_shortcode_0_placeholder\n","protected":false},"excerpt":{"rendered":"<p>Madison etsii aktiivista kotia uroskoiran kaverina tai ainoaksi koiraksi \ud83d\udc9c Madison on tuotu tarhalle 5.11.25 ja on arviolta toukokuussa -24 syntynyt narttu. H\u00e4net on tuotu tarhalle perheest\u00e4, joka ei en\u00e4\u00e4 halunnut h\u00e4nt\u00e4. Tarhalle saapuessaan h\u00e4n oli ymm\u00e4rrett\u00e4v\u00e4sti h\u00e4mill\u00e4\u00e4n kaikesta uudesta &hellip; <a href=\"https:\/\/www.secondchancerescue.fi\/?page_id=5735\">Lue loppuun <span class=\"meta-nav\">&rarr;<\/span><\/a><\/p>\n","protected":false},"author":1,"featured_media":0,"parent":0,"menu_order":0,"comment_status":"closed","ping_status":"closed","template":"","meta":{"ngg_post_thumbnail":0,"footnotes":""},"class_list":["post-5735","page","type-page","status-publish","hentry"],"_links":{"self":[{"href":"https:\/\/www.secondchancerescue.fi\/index.php?rest_route=\/wp\/v2\/pages\/5735","targetHints":{"allow":["GET"]}}],"collection":[{"href":"https:\/\/www.secondchancerescue.fi\/index.php?rest_route=\/wp\/v2\/pages"}],"about":[{"href":"https:\/\/www.secondchancerescue.fi\/index.php?rest_route=\/wp\/v2\/types\/page"}],"author":[{"embeddable":true,"href":"https:\/\/www.secondchancerescue.fi\/index.php?rest_route=\/wp\/v2\/users\/1"}],"replies":[{"embeddable":true,"href":"https:\/\/www.secondchancerescue.fi\/index.php?rest_route=%2Fwp%2Fv2%2Fcomments&post=5735"}],"version-history":[{"count":1,"href":"https:\/\/www.secondchancerescue.fi\/index.php?rest_route=\/wp\/v2\/pages\/5735\/revisions"}],"predecessor-version":[{"id":5736,"href":"https:\/\/www.secondchancerescue.fi\/index.php?rest_route=\/wp\/v2\/pages\/5735\/revisions\/5736"}],"wp:attachment":[{"href":"https:\/\/www.secondchancerescue.fi\/index.php?rest_route=%2Fwp%2Fv2%2Fmedia&parent=5735"}],"curies":[{"name":"wp","href":"https:\/\/api.w.org\/{rel}","templated":true}]}}