{"id":5737,"date":"2026-01-04T17:28:48","date_gmt":"2026-01-04T17:28:48","guid":{"rendered":"https:\/\/www.secondchancerescue.fi\/?page_id=5737"},"modified":"2026-01-04T17:28:48","modified_gmt":"2026-01-04T17:28:48","slug":"lyra","status":"publish","type":"page","link":"https:\/\/www.secondchancerescue.fi\/?page_id=5737","title":{"rendered":"Lyra"},"content":{"rendered":"\n<p>Lyra etsii tasaista arkea el\u00e4v\u00e4\u00e4 kotia ainoana koirana tai uroksen kaverina \ud83e\udd0d <\/p>\n\n\n\n<p>Lyra on arviolta elokuussa -24 syntynyt narttu, joka on tuotu tarhalle 5.9.25 perheen hyl\u00e4tty\u00e4 h\u00e4net. Perhe kertoo h\u00e4nen juosseen perheen lapsen yli, jonka takia he halusivat luopua h\u00e4nest\u00e4. Lyra oli alkuun ymm\u00e4rrett\u00e4v\u00e4sti hyvin h\u00e4mmentynyt ja surullinen tarhalle joutumisestaan. H\u00e4n on hieman ujo uusia ihmisi\u00e4 kohtaan, mutta tottuu nopeasti kunhan saa tutustua omaan tahtiinsa. Lyra hyppii paljon ja h\u00e4nt\u00e4 ei sijoiteta alakouluik\u00e4isten lasten kanssa. <\/p>\n\n\n\n<p>Lyra vaikuttaa melko itsen\u00e4iselle ja tarhan juoksualueella tutkii mielell\u00e4\u00e4n ymp\u00e4rist\u00f6\u00e4\u00e4n omaa tahtia sen sijaan, ett\u00e4 hakisi koko ajan ihmiselt\u00e4 kontaktia. H\u00e4n vaikuttaa olevan kuitenkin hyvin motivoitavissa nameilla. Hihnassa Lyra kulkee p\u00e4\u00e4asiassa kivasti, mutta voi reagoida satunnaisesti vastaantuleviin koiriin eli ohituksia tulee varautua harjoittelemaan. Lyra jakaa t\u00e4ll\u00e4 hetkell\u00e4 h\u00e4kin uroskoiran kanssa ongelmitta. <\/p>\n\n\n\n<p>Lyra tarvitsee aktiivisen perheen, jossa liikutaan paljon ja ollaan valmiita my\u00f6s muuhun virikkeist\u00e4miseen. H\u00e4n vaikuttaa jonkin verran reagoivan koviin liikenteen \u00e4\u00e4niin, joten h\u00e4n etsii kotia, jossa olisi rauhalliset ulkoilumaastot. <\/p>\n\n\n\n<p>Lyra on vajaa 55cm korkea ja rakenteensa ja eleidens\u00e4 perusteella voisimme kuvitella h\u00e4ness\u00e4 olevan esimerkiksi galgoa tai muuta vinttikoiratyyppist\u00e4 rotua seassa. <\/p>\n\n\n\n<p>Arvioitu syntym\u00e4aika: elokuu 2024 <br>Syntym\u00e4maa: Espanja <br>Sijainti: Espanja, Triple A Marbella -tarha <br>Adoptoiva yhdistys: Second Chance Rescue ry <br>Tunnus: 24039471<\/p>\n\n\n\n<p>Lis\u00e4\u00e4 kuvia <a href=\"https:\/\/www.facebook.com\/media\/set\/?set=a.1072097365089289&amp;type=3\">t\u00e4\u00e4lt\u00e4<\/a><\/p>\n\n\n\nngg_shortcode_0_placeholder\n","protected":false},"excerpt":{"rendered":"<p>Lyra etsii tasaista arkea el\u00e4v\u00e4\u00e4 kotia ainoana koirana tai uroksen kaverina \ud83e\udd0d Lyra on arviolta elokuussa -24 syntynyt narttu, joka on tuotu tarhalle 5.9.25 perheen hyl\u00e4tty\u00e4 h\u00e4net. Perhe kertoo h\u00e4nen juosseen perheen lapsen yli, jonka takia he halusivat luopua h\u00e4nest\u00e4. &hellip; <a href=\"https:\/\/www.secondchancerescue.fi\/?page_id=5737\">Lue loppuun <span class=\"meta-nav\">&rarr;<\/span><\/a><\/p>\n","protected":false},"author":1,"featured_media":0,"parent":0,"menu_order":0,"comment_status":"closed","ping_status":"closed","template":"","meta":{"ngg_post_thumbnail":0,"footnotes":""},"class_list":["post-5737","page","type-page","status-publish","hentry"],"_links":{"self":[{"href":"https:\/\/www.secondchancerescue.fi\/index.php?rest_route=\/wp\/v2\/pages\/5737","targetHints":{"allow":["GET"]}}],"collection":[{"href":"https:\/\/www.secondchancerescue.fi\/index.php?rest_route=\/wp\/v2\/pages"}],"about":[{"href":"https:\/\/www.secondchancerescue.fi\/index.php?rest_route=\/wp\/v2\/types\/page"}],"author":[{"embeddable":true,"href":"https:\/\/www.secondchancerescue.fi\/index.php?rest_route=\/wp\/v2\/users\/1"}],"replies":[{"embeddable":true,"href":"https:\/\/www.secondchancerescue.fi\/index.php?rest_route=%2Fwp%2Fv2%2Fcomments&post=5737"}],"version-history":[{"count":1,"href":"https:\/\/www.secondchancerescue.fi\/index.php?rest_route=\/wp\/v2\/pages\/5737\/revisions"}],"predecessor-version":[{"id":5738,"href":"https:\/\/www.secondchancerescue.fi\/index.php?rest_route=\/wp\/v2\/pages\/5737\/revisions\/5738"}],"wp:attachment":[{"href":"https:\/\/www.secondchancerescue.fi\/index.php?rest_route=%2Fwp%2Fv2%2Fmedia&parent=5737"}],"curies":[{"name":"wp","href":"https:\/\/api.w.org\/{rel}","templated":true}]}}