{"id":5790,"date":"2026-01-25T19:20:54","date_gmt":"2026-01-25T19:20:54","guid":{"rendered":"https:\/\/www.secondchancerescue.fi\/?page_id=5790"},"modified":"2026-01-25T19:20:54","modified_gmt":"2026-01-25T19:20:54","slug":"canelon","status":"publish","type":"page","link":"https:\/\/www.secondchancerescue.fi\/?page_id=5790","title":{"rendered":"Canel\u00f3n"},"content":{"rendered":"\n<p>Canel\u00f3n etsii syli\u00e4 ja mets\u00e4lenkkej\u00e4 tarjoavaa kotia ainoana koirana \u2764\ufe0f <\/p>\n\n\n\n<p>Canel\u00f3n on arviolta lokakuussa -19 syntynyt uros, joka on tuotu tarhalle huhtikuussa -24. H\u00e4nen taustoistaan ennen tarhaa ei ole tietoa. H\u00e4n painaa t\u00e4ll\u00e4 hetkell\u00e4 noin 30kg, mutta on t\u00e4ll\u00e4 hetkell\u00e4 laihdutuskuurin tarpeessa. <\/p>\n\n\n\n<p>Canel\u00f3n on avoin ja sosiaalinen uusiakin ihmisi\u00e4 kohtaan. H\u00e4n kulkee p\u00e4\u00e4asiassa hyvin hihnassa eik\u00e4 tarhaymp\u00e4rist\u00f6ss\u00e4 reagoi ohituksissa. Lenkill\u00e4 ollessaan h\u00e4n keskittyy etenemiseen eik\u00e4 ota juuri itsen\u00e4isesti kontaktia, mutta hetken paikoilla oltuaan hakeutuu hakemaan rapsutuksia ja nameja. Rauhallisessa tilanteessa h\u00e4n selv\u00e4sti nauttii ihmisen huomiosta, joten kotiymp\u00e4rist\u00f6ss\u00e4 h\u00e4nest\u00e4 voi kuoriutua aikamoinen sylikoira \ud83e\udd2d <\/p>\n\n\n\n<p>Yleisluonteeltaan h\u00e4n on melko rauhallinen, joten sopisi loistavasti perheeseen, jossa haetaan kaveria mets\u00e4lenkeille ja sohvalle. Canel\u00f3n ei ole tarhalla jakanut h\u00e4kki\u00e4 muiden koirien kanssa, sill\u00e4 pit\u00e4\u00e4 selv\u00e4sti omasta tilastaan ja rauhastaan, jonka johdosta h\u00e4nelle etsit\u00e4\u00e4n vain kotia ainoaksi koiraksi. H\u00e4n on kuitenkin tarhalla lenkkeillyt ongelmitta narttukoirien kanssa. <\/p>\n\n\n\n<p>Arvioitu syntym\u00e4aika: lokakuu -19 <br>Syntym\u00e4maa: Espanja <br>Sijainti: Espanja, Los Barrios -tarha <br>Adoptoiva yhdistys: Second Chance Rescue ry <br>Tunnus: 24039471<\/p>\n\n\n\n<p>Lis\u00e4\u00e4 kuvia <a href=\"https:\/\/www.facebook.com\/media\/set\/?set=a.878802021085492&amp;type=3\">t\u00e4\u00e4lt\u00e4<\/a><\/p>\n\n\n\nngg_shortcode_0_placeholder\n","protected":false},"excerpt":{"rendered":"<p>Canel\u00f3n etsii syli\u00e4 ja mets\u00e4lenkkej\u00e4 tarjoavaa kotia ainoana koirana \u2764\ufe0f Canel\u00f3n on arviolta lokakuussa -19 syntynyt uros, joka on tuotu tarhalle huhtikuussa -24. H\u00e4nen taustoistaan ennen tarhaa ei ole tietoa. H\u00e4n painaa t\u00e4ll\u00e4 hetkell\u00e4 noin 30kg, mutta on t\u00e4ll\u00e4 hetkell\u00e4 &hellip; <a href=\"https:\/\/www.secondchancerescue.fi\/?page_id=5790\">Lue loppuun <span class=\"meta-nav\">&rarr;<\/span><\/a><\/p>\n","protected":false},"author":1,"featured_media":0,"parent":0,"menu_order":0,"comment_status":"closed","ping_status":"closed","template":"","meta":{"ngg_post_thumbnail":0,"footnotes":""},"class_list":["post-5790","page","type-page","status-publish","hentry"],"_links":{"self":[{"href":"https:\/\/www.secondchancerescue.fi\/index.php?rest_route=\/wp\/v2\/pages\/5790","targetHints":{"allow":["GET"]}}],"collection":[{"href":"https:\/\/www.secondchancerescue.fi\/index.php?rest_route=\/wp\/v2\/pages"}],"about":[{"href":"https:\/\/www.secondchancerescue.fi\/index.php?rest_route=\/wp\/v2\/types\/page"}],"author":[{"embeddable":true,"href":"https:\/\/www.secondchancerescue.fi\/index.php?rest_route=\/wp\/v2\/users\/1"}],"replies":[{"embeddable":true,"href":"https:\/\/www.secondchancerescue.fi\/index.php?rest_route=%2Fwp%2Fv2%2Fcomments&post=5790"}],"version-history":[{"count":1,"href":"https:\/\/www.secondchancerescue.fi\/index.php?rest_route=\/wp\/v2\/pages\/5790\/revisions"}],"predecessor-version":[{"id":5791,"href":"https:\/\/www.secondchancerescue.fi\/index.php?rest_route=\/wp\/v2\/pages\/5790\/revisions\/5791"}],"wp:attachment":[{"href":"https:\/\/www.secondchancerescue.fi\/index.php?rest_route=%2Fwp%2Fv2%2Fmedia&parent=5790"}],"curies":[{"name":"wp","href":"https:\/\/api.w.org\/{rel}","templated":true}]}}