{"id":5799,"date":"2026-01-25T19:26:37","date_gmt":"2026-01-25T19:26:37","guid":{"rendered":"https:\/\/www.secondchancerescue.fi\/?page_id=5799"},"modified":"2026-01-25T19:26:38","modified_gmt":"2026-01-25T19:26:38","slug":"india-2","status":"publish","type":"page","link":"https:\/\/www.secondchancerescue.fi\/?page_id=5799","title":{"rendered":"India"},"content":{"rendered":"\n<p>India etsii aktiivista kotia ensisijaisesti sosiaalisen uroksen kaverina tai harkiten ainoana koirana \ud83d\udc9c <\/p>\n\n\n\n<p>India on elokuussa -24 syntynyt narttu, joka on tuotu tarhalle 19.11.25. Entinen omistaja toi h\u00e4net tarhalle ja h\u00e4nell\u00e4 oli tullessaan todella paljon eri ik\u00e4isi\u00e4 arpia kehossaan. Ensitapaamisella India vaikuttaa hieman ujolle neidille, mutta nopeasti lenkin aikana h\u00e4n n\u00e4ytt\u00e4\u00e4 hulluttelevampaa ja leikkis\u00e4mp\u00e4\u00e4 puolta itsest\u00e4\u00e4n \ud83d\udc9c <\/p>\n\n\n\n<p>Tarhan aidatulla juoksualueella h\u00e4n p\u00e4\u00e4asiassa spurttailee ja touhuaa itsekseen, mutta v\u00e4lill\u00e4 tulee hakemaan my\u00f6s huomiota ja nameja. H\u00e4n jakaa t\u00e4ll\u00e4 hetkell\u00e4 h\u00e4kin uroskoiran kanssa ongelmitta ja etsiikin ensisijaisesti kotia, jossa olisi rohkea ja sosiaalinen uros kaverina. Tutustumistilanteessa India alkuun j\u00e4nnitt\u00e4\u00e4 toisen koiran innokkuutta ja tarvitsee omaa tilaa tutustuakseen. Kunhan h\u00e4n alkaa luottamaan toiseen koiraan, on h\u00e4n innokas ja leikkis\u00e4. India on innostuessaan aikamoinen vipelt\u00e4j\u00e4, eik\u00e4 v\u00e4ltt\u00e4m\u00e4tt\u00e4 aina huomaa vauhdeissaan katsoa onko edess\u00e4 ihmisi\u00e4 tai muita esteit\u00e4, vaan voimalla p\u00e4\u00e4see my\u00f6s l\u00e4pi \ud83e\udd2d El\u00e4m\u00e4 h\u00e4nen kanssaan ei varmasti ole tyls\u00e4\u00e4! <\/p>\n\n\n\n<p>India kulkee p\u00e4\u00e4asiassa kivasti hihnassa, mutta p\u00e4\u00e4tt\u00e4ess\u00e4\u00e4n menn\u00e4 johonkin, h\u00e4n on my\u00f6s todella vahva. H\u00e4n reagoi jossain m\u00e4\u00e4rin isolta tielt\u00e4 kuuluviin \u00e4\u00e4niin, jonka takia etsimme h\u00e4nelle kotia, jossa p\u00e4\u00e4see lenkkeilem\u00e4\u00e4n ilman liikenteen \u00e4\u00e4ni\u00e4. Emme sijoita alun ujouden takia Indiaa perheeseen, jossa on alle 10v lapsia, vaikka tarhalla h\u00e4n on tullutkin lasten kanssa hyvin toimeen. <\/p>\n\n\n\n<p>Arvioitu syntym\u00e4aika: elokuu -24 <br>Syntym\u00e4maa: Espanja <br>Sijainti: Espanja, Triple A Marbella -tarha <br>Adoptoiva yhdistys: Second Chance Rescue ry <br>Tunnus: 24039471<\/p>\n\n\n\n<p>Lis\u00e4\u00e4 kuvia <a href=\"https:\/\/www.facebook.com\/media\/set\/?set=a.1165708199061538&amp;type=3\">t\u00e4\u00e4lt\u00e4<\/a><\/p>\n\n\n\nngg_shortcode_0_placeholder\n","protected":false},"excerpt":{"rendered":"<p>India etsii aktiivista kotia ensisijaisesti sosiaalisen uroksen kaverina tai harkiten ainoana koirana \ud83d\udc9c India on elokuussa -24 syntynyt narttu, joka on tuotu tarhalle 19.11.25. Entinen omistaja toi h\u00e4net tarhalle ja h\u00e4nell\u00e4 oli tullessaan todella paljon eri ik\u00e4isi\u00e4 arpia kehossaan. Ensitapaamisella &hellip; <a href=\"https:\/\/www.secondchancerescue.fi\/?page_id=5799\">Lue loppuun <span class=\"meta-nav\">&rarr;<\/span><\/a><\/p>\n","protected":false},"author":1,"featured_media":0,"parent":0,"menu_order":0,"comment_status":"closed","ping_status":"closed","template":"","meta":{"ngg_post_thumbnail":0,"footnotes":""},"class_list":["post-5799","page","type-page","status-publish","hentry"],"_links":{"self":[{"href":"https:\/\/www.secondchancerescue.fi\/index.php?rest_route=\/wp\/v2\/pages\/5799","targetHints":{"allow":["GET"]}}],"collection":[{"href":"https:\/\/www.secondchancerescue.fi\/index.php?rest_route=\/wp\/v2\/pages"}],"about":[{"href":"https:\/\/www.secondchancerescue.fi\/index.php?rest_route=\/wp\/v2\/types\/page"}],"author":[{"embeddable":true,"href":"https:\/\/www.secondchancerescue.fi\/index.php?rest_route=\/wp\/v2\/users\/1"}],"replies":[{"embeddable":true,"href":"https:\/\/www.secondchancerescue.fi\/index.php?rest_route=%2Fwp%2Fv2%2Fcomments&post=5799"}],"version-history":[{"count":1,"href":"https:\/\/www.secondchancerescue.fi\/index.php?rest_route=\/wp\/v2\/pages\/5799\/revisions"}],"predecessor-version":[{"id":5801,"href":"https:\/\/www.secondchancerescue.fi\/index.php?rest_route=\/wp\/v2\/pages\/5799\/revisions\/5801"}],"wp:attachment":[{"href":"https:\/\/www.secondchancerescue.fi\/index.php?rest_route=%2Fwp%2Fv2%2Fmedia&parent=5799"}],"curies":[{"name":"wp","href":"https:\/\/api.w.org\/{rel}","templated":true}]}}