{"id":5812,"date":"2026-03-20T16:38:28","date_gmt":"2026-03-20T16:38:28","guid":{"rendered":"https:\/\/www.secondchancerescue.fi\/?page_id=5812"},"modified":"2026-03-20T16:38:28","modified_gmt":"2026-03-20T16:38:28","slug":"siara","status":"publish","type":"page","link":"https:\/\/www.secondchancerescue.fi\/?page_id=5812","title":{"rendered":"Siara"},"content":{"rendered":"\n<p>Siara etsii tasaista arkea el\u00e4v\u00e4\u00e4 kotia ainoana koirana tai rauhallisen uroksen kaverina \ud83d\udc9c<\/p>\n\n\n\n<p>Siara on arviolta joulukuussa -20 syntynyt narttu, joka on tuotu tarhalle kes\u00e4kuussa -25 uroskoiran kanssa. Heid\u00e4n taustoistaan ei ole tietoa, mutta Siaraa oli selv\u00e4sti pennutettu ja he eiv\u00e4t olleet erityisen hyvin hoidetun oloisia. Siara painaa vajaa 30kg.<\/p>\n\n\n\n<p>Siara vaikuttaa yleisluonteeltaan melko rauhalliselle, mutta nauttii selv\u00e4sti lenkkeilyst\u00e4. H\u00e4nelle sopisi koti, jonka ymp\u00e4rist\u00f6ss\u00e4 on rauhallisia lenkkireittej\u00e4 ja perhe, joka nauttisi ulkoilusta.<\/p>\n\n\n\n<p>H\u00e4n kulkee hyvin hihnassa eik\u00e4 tarhaymp\u00e4rist\u00f6ss\u00e4 reagoi ohituksissa. Siara vaikuttaa osaavan joitain perusk\u00e4skyj\u00e4 ja on namimotivoitunut.<\/p>\n\n\n\n<p>Siara on avoin uusiakin ihmisi\u00e4 kohtaan ja nauttii huomiosta. H\u00e4net voidaan sijoittaa kouluik\u00e4isten ja yleisluonteeltaan rauhallisten lasten kanssa.<\/p>\n\n\n\n<p>Siara tulee toimeen uroskoirien kanssa, mutta resurssoi jossain m\u00e4\u00e4rin ruokaa ja leluja eik\u00e4 siksi jaa h\u00e4kki\u00e4 muiden kanssa. H\u00e4net voidaan sijoittaa rauhallisen uroksen kaveriksi, mutta perheess\u00e4 tulee olla mahdollisuus erist\u00e4\u00e4 koirat ruokailuiden ajaksi.<\/p>\n\n\n\n<p>Arvioitu syntym\u00e4aika: joulukuu 2020<br>Syntym\u00e4maa: Espanja<br>Sijainti: Espanja, Los Barrios -tarha<br>Adoptoiva yhdistys: Second Chance Rescue ry<br>Tunnus: 24039471<br><\/p>\n\n\n\n<p>Lis\u00e4\u00e4 kuvia <a href=\"https:\/\/www.facebook.com\/media\/set\/?set=a.1180532817579076&amp;type=3\">t\u00e4\u00e4lt\u00e4<\/a><\/p>\n\n\n\nngg_shortcode_0_placeholder\n","protected":false},"excerpt":{"rendered":"<p>Siara etsii tasaista arkea el\u00e4v\u00e4\u00e4 kotia ainoana koirana tai rauhallisen uroksen kaverina \ud83d\udc9c Siara on arviolta joulukuussa -20 syntynyt narttu, joka on tuotu tarhalle kes\u00e4kuussa -25 uroskoiran kanssa. Heid\u00e4n taustoistaan ei ole tietoa, mutta Siaraa oli selv\u00e4sti pennutettu ja he &hellip; <a href=\"https:\/\/www.secondchancerescue.fi\/?page_id=5812\">Lue loppuun <span class=\"meta-nav\">&rarr;<\/span><\/a><\/p>\n","protected":false},"author":1,"featured_media":0,"parent":0,"menu_order":0,"comment_status":"closed","ping_status":"closed","template":"","meta":{"ngg_post_thumbnail":0,"footnotes":""},"class_list":["post-5812","page","type-page","status-publish","hentry"],"_links":{"self":[{"href":"https:\/\/www.secondchancerescue.fi\/index.php?rest_route=\/wp\/v2\/pages\/5812","targetHints":{"allow":["GET"]}}],"collection":[{"href":"https:\/\/www.secondchancerescue.fi\/index.php?rest_route=\/wp\/v2\/pages"}],"about":[{"href":"https:\/\/www.secondchancerescue.fi\/index.php?rest_route=\/wp\/v2\/types\/page"}],"author":[{"embeddable":true,"href":"https:\/\/www.secondchancerescue.fi\/index.php?rest_route=\/wp\/v2\/users\/1"}],"replies":[{"embeddable":true,"href":"https:\/\/www.secondchancerescue.fi\/index.php?rest_route=%2Fwp%2Fv2%2Fcomments&post=5812"}],"version-history":[{"count":1,"href":"https:\/\/www.secondchancerescue.fi\/index.php?rest_route=\/wp\/v2\/pages\/5812\/revisions"}],"predecessor-version":[{"id":5849,"href":"https:\/\/www.secondchancerescue.fi\/index.php?rest_route=\/wp\/v2\/pages\/5812\/revisions\/5849"}],"wp:attachment":[{"href":"https:\/\/www.secondchancerescue.fi\/index.php?rest_route=%2Fwp%2Fv2%2Fmedia&parent=5812"}],"curies":[{"name":"wp","href":"https:\/\/api.w.org\/{rel}","templated":true}]}}