{"id":5850,"date":"2026-03-20T16:42:17","date_gmt":"2026-03-20T16:42:17","guid":{"rendered":"https:\/\/www.secondchancerescue.fi\/?page_id=5850"},"modified":"2026-03-20T16:42:18","modified_gmt":"2026-03-20T16:42:18","slug":"hiena","status":"publish","type":"page","link":"https:\/\/www.secondchancerescue.fi\/?page_id=5850","title":{"rendered":"Hiena"},"content":{"rendered":"\n<p>Hiena etsii luonnossa liikkumisesta nauttivaa kotia ainoana koirana \ud83d\udc9c<\/p>\n\n\n\n<p>Hienalla oli mikrosiru jo l\u00f6ydett\u00e4ess\u00e4, mutta omistaja ei halunnut h\u00e4nt\u00e4 en\u00e4\u00e4. H\u00e4net on tuotu tarhalle 3.12.25 ja h\u00e4n on toukokuussa -17 syntynyt narttu. Hiena on vain n. 49 cm korkea.<\/p>\n\n\n\n<p>Hiena on avoin ja sosiaalinen uusiakin ihmisi\u00e4 kohtaan, eik\u00e4 h\u00e4nen ik\u00e4\u00e4ns\u00e4 uskoisi h\u00e4nen kanssa ollessaan. H\u00e4n vaikuttaa ihmisen kanssa leikkis\u00e4lle ja motivoituu hyvin nameista. Tuttujen ihmisten kanssa h\u00e4n on oikea sylikoira ja hakee paljon huomiota.<\/p>\n\n\n\n<p>Innostuessaan h\u00e4n ei aina ehdi huomaamaan onko edess\u00e4 ihmist\u00e4, vaan juoksee p\u00e4in, ja t\u00e4m\u00e4n takia emme sijoita h\u00e4nt\u00e4 alakouluik\u00e4isten tai sit\u00e4 nuorempien lasten kanssa.<\/p>\n\n\n\n<p>Hiena nauttii lenkkeilyst\u00e4 ja kulkee p\u00e4\u00e4asiassa n\u00e4tisti hihnassa. Tarhalle tullessaan h\u00e4n haukkui jonkun verran hihnassa muille koirille, joten olisi t\u00e4rke\u00e4\u00e4, ett\u00e4 tulevasta kodista l\u00f6ytyy rauhallisia lenkkimaastoja, joissa p\u00e4\u00e4sisi harjoittelemaan ohituksia v\u00e4hitellen.<\/p>\n\n\n\n<p>H\u00e4n on selv\u00e4sti enemm\u00e4n ihmisten kuin koirien per\u00e4\u00e4n ja on valikoiva koiria kohtaan, jonka johdosta h\u00e4net sijoitetaan vain ainoaksi koiraksi.<\/p>\n\n\n\n<p>Hiena ansaitsisi l\u00f6yt\u00e4\u00e4 el\u00e4kekodin, jossa nauttia el\u00e4m\u00e4st\u00e4\u00e4n tarhalla vanhenemisen sijaan \ud83d\udc9c<\/p>\n\n\n\n<p>Arvioitu syntym\u00e4aika: toukokuu 2017<br>Syntym\u00e4maa: Espanja<br>Sijainti: Espanja, Triple A Marbella -tarha<br>Adoptoiva yhdistys: Second Chance Rescue ry<br>Tunnus: 24039471<br><br>Lis\u00e4\u00e4 kuvia <a href=\"https:\/\/www.facebook.com\/media\/set\/?set=a.1216291117336579&amp;type=3\">t\u00e4\u00e4lt\u00e4<\/a><br><br><\/p>\n\n\n\nngg_shortcode_0_placeholder\n","protected":false},"excerpt":{"rendered":"<p>Hiena etsii luonnossa liikkumisesta nauttivaa kotia ainoana koirana \ud83d\udc9c Hienalla oli mikrosiru jo l\u00f6ydett\u00e4ess\u00e4, mutta omistaja ei halunnut h\u00e4nt\u00e4 en\u00e4\u00e4. H\u00e4net on tuotu tarhalle 3.12.25 ja h\u00e4n on toukokuussa -17 syntynyt narttu. Hiena on vain n. 49 cm korkea. Hiena &hellip; <a href=\"https:\/\/www.secondchancerescue.fi\/?page_id=5850\">Lue loppuun <span class=\"meta-nav\">&rarr;<\/span><\/a><\/p>\n","protected":false},"author":1,"featured_media":0,"parent":0,"menu_order":0,"comment_status":"closed","ping_status":"closed","template":"","meta":{"ngg_post_thumbnail":0,"footnotes":""},"class_list":["post-5850","page","type-page","status-publish","hentry"],"_links":{"self":[{"href":"https:\/\/www.secondchancerescue.fi\/index.php?rest_route=\/wp\/v2\/pages\/5850","targetHints":{"allow":["GET"]}}],"collection":[{"href":"https:\/\/www.secondchancerescue.fi\/index.php?rest_route=\/wp\/v2\/pages"}],"about":[{"href":"https:\/\/www.secondchancerescue.fi\/index.php?rest_route=\/wp\/v2\/types\/page"}],"author":[{"embeddable":true,"href":"https:\/\/www.secondchancerescue.fi\/index.php?rest_route=\/wp\/v2\/users\/1"}],"replies":[{"embeddable":true,"href":"https:\/\/www.secondchancerescue.fi\/index.php?rest_route=%2Fwp%2Fv2%2Fcomments&post=5850"}],"version-history":[{"count":1,"href":"https:\/\/www.secondchancerescue.fi\/index.php?rest_route=\/wp\/v2\/pages\/5850\/revisions"}],"predecessor-version":[{"id":5851,"href":"https:\/\/www.secondchancerescue.fi\/index.php?rest_route=\/wp\/v2\/pages\/5850\/revisions\/5851"}],"wp:attachment":[{"href":"https:\/\/www.secondchancerescue.fi\/index.php?rest_route=%2Fwp%2Fv2%2Fmedia&parent=5850"}],"curies":[{"name":"wp","href":"https:\/\/api.w.org\/{rel}","templated":true}]}}