{"id":5855,"date":"2026-03-20T16:46:06","date_gmt":"2026-03-20T16:46:06","guid":{"rendered":"https:\/\/www.secondchancerescue.fi\/?page_id=5855"},"modified":"2026-03-20T16:46:06","modified_gmt":"2026-03-20T16:46:06","slug":"tuki","status":"publish","type":"page","link":"https:\/\/www.secondchancerescue.fi\/?page_id=5855","title":{"rendered":"Tuki"},"content":{"rendered":"\n<p>Tuki etsii aikuiskotia rauhalliselta asuinalueelta ainoaksi koiraksi &lt;3<\/p>\n\n\n\n<p>Tuki on arviolta lokakuussa -18 syntynyt uros, joka on tuotu tarhalle lokakuussa -24. H\u00e4nen taustoistaan ennen tarhalle tuloa ei ole tietoa. Tuki painaa noin 22 kg.<\/p>\n\n\n\n<p>Tuki on uusiakin ihmisi\u00e4 kohtaan avoin ja nauttii huomiosta. Yleisluonteeltaan h\u00e4n on melko rauhallinen, mutta nauttii my\u00f6s lenkkeilyst\u00e4.<\/p>\n\n\n\n<p>Tarhalle tullessaan h\u00e4n oli hyvin passivoitunut ihmisi\u00e4 kohtaan, veti hihnassa todella paljon eik\u00e4 h\u00e4neen saanut kontaktia. Tarhael\u00e4m\u00e4\u00e4n tottuessaan h\u00e4n on kuitenkin alkanut selv\u00e4sti nauttia huomiosta, kulkee hienosti hihnassa ja ottaa my\u00f6s itsen\u00e4isesti kontaktia lenkeill\u00e4.<\/p>\n\n\n\n<p>Valitettavasti t\u00e4st\u00e4 huolimatta h\u00e4n on hyvin stressaantunut tarhaoloissa, joten ansaitsisi p\u00e4\u00e4st\u00e4 ikiomaan kotiin. Tuki motivoituu hyvin namipalkkioista.<\/p>\n\n\n\n<p>Tuki ei ole tottunut muihin koiriin eik\u00e4 ole ollut tekemisiss\u00e4 lasten kanssa, jonka johdosta etsiikin aikuiskotia ilman muita koiria. H\u00e4nelle etsit\u00e4\u00e4n kotia, jossa olisi rauhalliset lenkkimaastot.<\/p>\n\n\n\n<p>Arvioitu syntym\u00e4aika: lokakuu 2018<br>Syntym\u00e4maa: Espanja<br>Sijainti: Espanja, Los Barrios -tarha<br>Adoptoiva yhdistys: Second Chance Rescue ry<br>Tunnus: 24039471<br><br>Lis\u00e4\u00e4 kuvia <a href=\"https:\/\/www.facebook.com\/media\/set\/?set=a.1216374797328211&amp;type=3\">t\u00e4\u00e4lt\u00e4<\/a><br><br><\/p>\n\n\n\nngg_shortcode_0_placeholder\n","protected":false},"excerpt":{"rendered":"<p>Tuki etsii aikuiskotia rauhalliselta asuinalueelta ainoaksi koiraksi &lt;3 Tuki on arviolta lokakuussa -18 syntynyt uros, joka on tuotu tarhalle lokakuussa -24. H\u00e4nen taustoistaan ennen tarhalle tuloa ei ole tietoa. Tuki painaa noin 22 kg. Tuki on uusiakin ihmisi\u00e4 kohtaan avoin &hellip; <a href=\"https:\/\/www.secondchancerescue.fi\/?page_id=5855\">Lue loppuun <span class=\"meta-nav\">&rarr;<\/span><\/a><\/p>\n","protected":false},"author":1,"featured_media":0,"parent":0,"menu_order":0,"comment_status":"closed","ping_status":"closed","template":"","meta":{"ngg_post_thumbnail":0,"footnotes":""},"class_list":["post-5855","page","type-page","status-publish","hentry"],"_links":{"self":[{"href":"https:\/\/www.secondchancerescue.fi\/index.php?rest_route=\/wp\/v2\/pages\/5855","targetHints":{"allow":["GET"]}}],"collection":[{"href":"https:\/\/www.secondchancerescue.fi\/index.php?rest_route=\/wp\/v2\/pages"}],"about":[{"href":"https:\/\/www.secondchancerescue.fi\/index.php?rest_route=\/wp\/v2\/types\/page"}],"author":[{"embeddable":true,"href":"https:\/\/www.secondchancerescue.fi\/index.php?rest_route=\/wp\/v2\/users\/1"}],"replies":[{"embeddable":true,"href":"https:\/\/www.secondchancerescue.fi\/index.php?rest_route=%2Fwp%2Fv2%2Fcomments&post=5855"}],"version-history":[{"count":1,"href":"https:\/\/www.secondchancerescue.fi\/index.php?rest_route=\/wp\/v2\/pages\/5855\/revisions"}],"predecessor-version":[{"id":5856,"href":"https:\/\/www.secondchancerescue.fi\/index.php?rest_route=\/wp\/v2\/pages\/5855\/revisions\/5856"}],"wp:attachment":[{"href":"https:\/\/www.secondchancerescue.fi\/index.php?rest_route=%2Fwp%2Fv2%2Fmedia&parent=5855"}],"curies":[{"name":"wp","href":"https:\/\/api.w.org\/{rel}","templated":true}]}}