{"id":5857,"date":"2026-03-20T16:49:30","date_gmt":"2026-03-20T16:49:30","guid":{"rendered":"https:\/\/www.secondchancerescue.fi\/?page_id=5857"},"modified":"2026-03-20T16:49:31","modified_gmt":"2026-03-20T16:49:31","slug":"ardilla","status":"publish","type":"page","link":"https:\/\/www.secondchancerescue.fi\/?page_id=5857","title":{"rendered":"Ardilla"},"content":{"rendered":"\n<p>Ardilla etsii kotia rauhalliselta asuinalueelta ainoaksi koiraksi tai harkiten nartun kaveriksi <img decoding=\"async\" height=\"16\" width=\"16\" alt=\"\ud83d\udc99\" src=\"https:\/\/static.xx.fbcdn.net\/images\/emoji.php\/v9\/t6c\/1\/16\/1f499.png\"><\/p>\n\n\n\n<p>Ardilla on arviolta tammikuussa -24 syntynyt uros, joka on tuotu tarhalle hein\u00e4kuussa -25. H\u00e4n painaa noin 24kg.<\/p>\n\n\n\n<p>Ardilla on avoin ja sosiaalinen uusiakin ihmisi\u00e4 kohtaan, mutta ei aina malta lenkill\u00e4 nauttia huomiosta. Ardilla kulkee p\u00e4\u00e4asiassa n\u00e4tisti hihnassa, mutta on hyvin tarkkaavainen ymp\u00e4rist\u00f6n suhteen ja reagoi voimakkaasti ymp\u00e4rist\u00f6n kissoihin ja ajoittain my\u00f6s koiriin. Ardilla ei tarhaymp\u00e4rist\u00f6ss\u00e4 reagoi ihmisten tai autojen ohituksiin. T\u00e4st\u00e4 johtuen etsimme Ardillalle kotia ensisijaisesti maaseudulta tai alueelta, jossa on hyvin rauhalliset lenkkimaastot.<\/p>\n\n\n\n<p>Ardilla ei ole tarhalla jakanut h\u00e4kki\u00e4 muiden koirien kanssa, mutta on ulkoillut niin narttujen kuin urosten kanssa ongelmitta. Tutustumistilanteissa Ardilla voi olla j\u00e4nnittynyt, joten mik\u00e4li tulevassa perheess\u00e4 olisi koirakaveri odottamassa, tulee olla mahdollisuus rauhalliseen tutustuttamiseen.<\/p>\n\n\n\n<p>Arvioitu syntym\u00e4aika: tammikuu 2024<br>Syntym\u00e4maa: Espanja<br>Sijainti: Espanja, Los Barrios -tarha<br>Adoptoiva yhdistys: Second Chance Rescue ry<br>Tunnus: 24039471<br><br>Lis\u00e4\u00e4 kuvia <a href=\"https:\/\/www.facebook.com\/media\/set\/?set=a.1222446093387748&amp;type=3\">t\u00e4\u00e4lt\u00e4<\/a><\/p>\n\n\n\nngg_shortcode_0_placeholder\n","protected":false},"excerpt":{"rendered":"<p>Ardilla etsii kotia rauhalliselta asuinalueelta ainoaksi koiraksi tai harkiten nartun kaveriksi Ardilla on arviolta tammikuussa -24 syntynyt uros, joka on tuotu tarhalle hein\u00e4kuussa -25. H\u00e4n painaa noin 24kg. Ardilla on avoin ja sosiaalinen uusiakin ihmisi\u00e4 kohtaan, mutta ei aina malta &hellip; <a href=\"https:\/\/www.secondchancerescue.fi\/?page_id=5857\">Lue loppuun <span class=\"meta-nav\">&rarr;<\/span><\/a><\/p>\n","protected":false},"author":1,"featured_media":0,"parent":0,"menu_order":0,"comment_status":"closed","ping_status":"closed","template":"","meta":{"ngg_post_thumbnail":0,"footnotes":""},"class_list":["post-5857","page","type-page","status-publish","hentry"],"_links":{"self":[{"href":"https:\/\/www.secondchancerescue.fi\/index.php?rest_route=\/wp\/v2\/pages\/5857","targetHints":{"allow":["GET"]}}],"collection":[{"href":"https:\/\/www.secondchancerescue.fi\/index.php?rest_route=\/wp\/v2\/pages"}],"about":[{"href":"https:\/\/www.secondchancerescue.fi\/index.php?rest_route=\/wp\/v2\/types\/page"}],"author":[{"embeddable":true,"href":"https:\/\/www.secondchancerescue.fi\/index.php?rest_route=\/wp\/v2\/users\/1"}],"replies":[{"embeddable":true,"href":"https:\/\/www.secondchancerescue.fi\/index.php?rest_route=%2Fwp%2Fv2%2Fcomments&post=5857"}],"version-history":[{"count":1,"href":"https:\/\/www.secondchancerescue.fi\/index.php?rest_route=\/wp\/v2\/pages\/5857\/revisions"}],"predecessor-version":[{"id":5858,"href":"https:\/\/www.secondchancerescue.fi\/index.php?rest_route=\/wp\/v2\/pages\/5857\/revisions\/5858"}],"wp:attachment":[{"href":"https:\/\/www.secondchancerescue.fi\/index.php?rest_route=%2Fwp%2Fv2%2Fmedia&parent=5857"}],"curies":[{"name":"wp","href":"https:\/\/api.w.org\/{rel}","templated":true}]}}