{"id":7,"date":"2018-06-22T10:40:38","date_gmt":"2018-06-22T10:40:38","guid":{"rendered":"http:\/\/www.secondchancerescue.fi\/?page_id=7"},"modified":"2018-07-07T17:29:32","modified_gmt":"2018-07-07T17:29:32","slug":"uutiset","status":"publish","type":"page","link":"https:\/\/www.secondchancerescue.fi\/?page_id=7","title":{"rendered":"Triple A"},"content":{"rendered":"<p>Yhteisty\u00f6tarhanamme toimii Triple A:n l\u00f6yt\u00f6el\u00e4intarha Marbellassa, Espanjassa. Triple A on laillinen ja rekister\u00f6ity yhdistys, joka on toiminut jo vuodesta 1992 l\u00e4htien. Tarhan toimintaa py\u00f6ritet\u00e4\u00e4n p\u00e4\u00e4osin vapaaehtoisten voimin ja lahjoitusvaroin.<\/p>\n<p>Triple A ei saa tukea valtiolta, mutta saa vuosittaisen lahjoituksen Marbellan kaupungilta. P\u00e4\u00e4osin tarhaa kuitenkin py\u00f6ritet\u00e4\u00e4n lahjoitusten avulla ja tarhan yll\u00e4pitokustannukset ylitt\u00e4v\u00e4t t\u00e4ll\u00e4 hetkell\u00e4 yli 30 000 \u20ac kuukaudessa. Tarhalla on muutama palkallinen ty\u00f6ntekij\u00e4 sek\u00e4 kaksi el\u00e4inl\u00e4\u00e4k\u00e4ri\u00e4. Koiria tarhalla on noin 300-400 ajankohdasta riippuen ja kissoja noin 100-150. Triplen mottoihin kuuluu \u201dsacrificio cero\u201d eli siell\u00e4 el\u00e4imi\u00e4 lopetetaan ainoastaan painavista ja el\u00e4inl\u00e4\u00e4ketieteellisesti pakottavista syist\u00e4.<\/p>\n<p>Yhdistyksemme on yhteyksiss\u00e4 tarhalle l\u00e4hes p\u00e4ivitt\u00e4in, joko vapaaehtoisiin tai tarhan puheenjohtajaan, saksalaiseen Bettinaan. Bettina ty\u00f6skentelee tarhalla noin 12h vuorokaudessa ja vastaa suurimmasta osasta k\u00e4yt\u00e4nn\u00f6n asioita yksin. Tarhan el\u00e4inl\u00e4\u00e4k\u00e4rit Michelle ja Michael tekev\u00e4t tarhalla tarkastuksia ja pieni\u00e4 perusoperaatioita sek\u00e4 huolehtivat el\u00e4imien yleisest\u00e4 terveydest\u00e4. Tarhalla suoritetaan el\u00e4imien kastroinnit ja steriloinnit, mutta isommat leikkaukset ja esim. r\u00f6ntgentutkimukset suoritetaan ulkopuolisella el\u00e4inl\u00e4\u00e4k\u00e4riasemalla. Yhdistyksemme henkil\u00f6t pyrkiv\u00e4t k\u00e4ym\u00e4\u00e4n tarhalla v\u00e4hint\u00e4\u00e4n pari kertaa vuodessa.<\/p>\n<p>Suurin osa Triplen koirista kotiutetaan t\u00e4ll\u00e4 hetkell\u00e4 Espanjan sis\u00e4isesti, Saksaan tai Suomeen. Yhdistyksemme auttaa p\u00e4\u00e4osin ppp \u2013rotuihin kuuluvia koiria, joita ei Saksaan saa maahantuoda lainkaan ja Espanjassa niiden omistaminen vaatii erityislisenssin, joka vaikeuttaa n\u00e4iden rotujen kotiutusta. T\u00e4st\u00e4 johtuen ty\u00f6mme on tarhalle erityisen t\u00e4rke\u00e4\u00e4, jotta my\u00f6s n\u00e4ille usein v\u00e4\u00e4rin ymm\u00e4rretyille koirille l\u00f6ydet\u00e4\u00e4n niiden ansaitsemat kodit.<\/p>\n","protected":false},"excerpt":{"rendered":"<p>Yhteisty\u00f6tarhanamme toimii Triple A:n l\u00f6yt\u00f6el\u00e4intarha Marbellassa, Espanjassa. Triple A on laillinen ja rekister\u00f6ity yhdistys, joka on toiminut jo vuodesta 1992 l\u00e4htien. Tarhan toimintaa py\u00f6ritet\u00e4\u00e4n p\u00e4\u00e4osin vapaaehtoisten voimin ja lahjoitusvaroin. Triple A ei saa tukea valtiolta, mutta saa vuosittaisen lahjoituksen Marbellan &hellip; <a href=\"https:\/\/www.secondchancerescue.fi\/?page_id=7\">Lue loppuun <span class=\"meta-nav\">&rarr;<\/span><\/a><\/p>\n","protected":false},"author":1,"featured_media":0,"parent":0,"menu_order":0,"comment_status":"closed","ping_status":"closed","template":"","meta":{"ngg_post_thumbnail":0,"footnotes":""},"class_list":["post-7","page","type-page","status-publish","hentry"],"_links":{"self":[{"href":"https:\/\/www.secondchancerescue.fi\/index.php?rest_route=\/wp\/v2\/pages\/7","targetHints":{"allow":["GET"]}}],"collection":[{"href":"https:\/\/www.secondchancerescue.fi\/index.php?rest_route=\/wp\/v2\/pages"}],"about":[{"href":"https:\/\/www.secondchancerescue.fi\/index.php?rest_route=\/wp\/v2\/types\/page"}],"author":[{"embeddable":true,"href":"https:\/\/www.secondchancerescue.fi\/index.php?rest_route=\/wp\/v2\/users\/1"}],"replies":[{"embeddable":true,"href":"https:\/\/www.secondchancerescue.fi\/index.php?rest_route=%2Fwp%2Fv2%2Fcomments&post=7"}],"version-history":[{"count":4,"href":"https:\/\/www.secondchancerescue.fi\/index.php?rest_route=\/wp\/v2\/pages\/7\/revisions"}],"predecessor-version":[{"id":567,"href":"https:\/\/www.secondchancerescue.fi\/index.php?rest_route=\/wp\/v2\/pages\/7\/revisions\/567"}],"wp:attachment":[{"href":"https:\/\/www.secondchancerescue.fi\/index.php?rest_route=%2Fwp%2Fv2%2Fmedia&parent=7"}],"curies":[{"name":"wp","href":"https:\/\/api.w.org\/{rel}","templated":true}]}}