{"id":712,"date":"2020-09-29T13:44:01","date_gmt":"2020-09-29T13:44:01","guid":{"rendered":"http:\/\/www.secondchancerescue.fi\/?page_id=712"},"modified":"2025-10-15T20:10:29","modified_gmt":"2025-10-15T20:10:29","slug":"adam","status":"publish","type":"page","link":"https:\/\/www.secondchancerescue.fi\/?page_id=712","title":{"rendered":"Adam"},"content":{"rendered":"\t\t<div data-elementor-type=\"wp-page\" data-elementor-id=\"712\" class=\"elementor elementor-712\">\n\t\t\t\t\t\t<section class=\"elementor-section elementor-top-section elementor-element elementor-element-7ceadb13 elementor-section-boxed elementor-section-height-default elementor-section-height-default\" data-id=\"7ceadb13\" data-element_type=\"section\" data-e-type=\"section\">\n\t\t\t\t\t\t<div class=\"elementor-container elementor-column-gap-default\">\n\t\t\t\t\t<div class=\"elementor-column elementor-col-100 elementor-top-column elementor-element elementor-element-5396bfd0\" data-id=\"5396bfd0\" data-element_type=\"column\" data-e-type=\"column\">\n\t\t\t<div class=\"elementor-widget-wrap elementor-element-populated\">\n\t\t\t\t\t\t<div class=\"elementor-element elementor-element-1ed03ec3 elementor-widget elementor-widget-text-editor\" data-id=\"1ed03ec3\" data-element_type=\"widget\" data-e-type=\"widget\" data-widget_type=\"text-editor.default\">\n\t\t\t\t<div class=\"elementor-widget-container\">\n\t\t\t\t\t\t\t\t\t<div data-weight=\"1\">\n<div data-index=\"0\" data-style=\"{&quot;background_image_attachment&quot;:false,&quot;background_display&quot;:&quot;tile&quot;}\">\n<p>Adam etsii tasaista arkea el\u00e4v\u00e4\u00e4 el\u00e4kekotia maaseudulta tai muutoin rauhallisesta asuinymp\u00e4rist\u00f6st\u00e4&nbsp;<img decoding=\"async\" src=\"https:\/\/static.xx.fbcdn.net\/images\/emoji.php\/v9\/t6c\/1\/16\/1f499.png\" alt=\"\ud83d\udc99\" width=\"16\" height=\"16\"><\/p>\n<p>Adam on arviolta tammikuussa -16 syntynyt uros, joka on el\u00e4nyt tarhalla 14.8.17 l\u00e4htien eli k\u00e4yt\u00e4nn\u00f6ss\u00e4 koko el\u00e4m\u00e4ns\u00e4. Adam painaa noin 25kg.<\/p>\n<p>Adam on yleisluonteeltaan leikkis\u00e4 ja edelleen innostuu kaikesta yhteisest\u00e4 tekemisest\u00e4 i\u00e4st\u00e4\u00e4n huolimatta. H\u00e4n nauttii lenkkeilyst\u00e4 rauhallisessa ymp\u00e4rist\u00f6ss\u00e4 ja kulkee p\u00e4\u00e4asiassa hyvin hihnassa. Vilkkaassa ymp\u00e4rist\u00f6ss\u00e4 h\u00e4n hieman stressaa, joka n\u00e4kyy vet\u00e4misen\u00e4 ja voi ajoittain reagoida vastaantuleviin koiriin. Ik\u00e4isekseen h\u00e4n on aktiivinen eli pelk\u00e4ksi sohvaperunaksi ei h\u00e4nest\u00e4 ole, vaan tarvitsee liikuntaa ja pieni\u00e4 treeni- ja leikkihetki\u00e4 arkeensa.<\/p>\n<p>Adam on sosiaalinen uusiakin ihmisi\u00e4 kohtaan ja osaa hyvin monia perusk\u00e4skyj\u00e4. H\u00e4n matkustaa autossa ongelmitta ja nauttii vedest\u00e4 lelun hakemisesta. Adam voidaan sijoittaa yl\u00e4kouluik\u00e4isten ja sit\u00e4 vanhempien nuorten kanssa, kunhan el\u00e4m\u00e4 on yleisesti tasaista.<\/p>\n<p>On k\u00e4sitt\u00e4m\u00e4t\u00f6nt\u00e4 miten n\u00e4in hyv\u00e4k\u00e4yt\u00f6ksinen ja avoin poika on viett\u00e4nyt koko el\u00e4m\u00e4ns\u00e4 tarhalla&nbsp;<img decoding=\"async\" src=\"https:\/\/static.xx.fbcdn.net\/images\/emoji.php\/v9\/t9b\/1\/16\/1f97a.png\" alt=\"\ud83e\udd7a\" width=\"16\" height=\"16\">&nbsp;Adam todella ansaitsisi l\u00f6yt\u00e4\u00e4 ikioman kodin, jossa p\u00e4\u00e4sisi nauttimaan pehmeist\u00e4 pedeist\u00e4 ja luonnossa lenkkeilyst\u00e4!<\/p>\n<p>Arvioitu syntym\u00e4aika: tammikuu 2016<br>Syntym\u00e4maa: Espanja<br>Sijainti: Espanja, Triple A Marbella -tarha<br>Adoptoiva yhdistys: Second Chance Rescue ry<br>Tunnus: 24039471<\/p>\n<p><\/p>\n<p>Lis\u00e4\u00e4 kuvia <a href=\"https:\/\/www.facebook.com\/media\/set\/?set=a.549493042155347&amp;type=3\">t\u00e4\u00e4lt\u00e4<\/a><\/p>\n<\/div>\n<div data-index=\"2\" data-style=\"{&quot;background_image_attachment&quot;:false,&quot;background_display&quot;:&quot;tile&quot;}\"><!-- default-view.php -->\n<div\n\tclass=\"ngg-galleryoverview default-view\n\t\t\"\n\tid=\"ngg-gallery-49cde79166a4e7ea6e88ef96144380ca-1\"\n\tdata-gallery-id=\"117\">\n\n\t\t<!-- Thumbnails -->\n\t\t\t\t<div id=\"ngg-image-0\" class=\"ngg-gallery-thumbnail-box\n\t\t\t\t\t\t\t\t\t\t\t\"\n\t\t\t>\n\t\t\t\t\t\t<div class=\"ngg-gallery-thumbnail\">\n\t\t\t<a href=\"https:\/\/www.secondchancerescue.fi\/wp-content\/gallery\/adam\/120344999_252273612807503_587398196185434281_n.jpg\"\n\t\t\t\ttitle=\"\"\n\t\t\t\tdata-src=\"https:\/\/www.secondchancerescue.fi\/wp-content\/gallery\/adam\/120344999_252273612807503_587398196185434281_n.jpg\"\n\t\t\t\tdata-thumbnail=\"https:\/\/www.secondchancerescue.fi\/wp-content\/gallery\/adam\/thumbs\/thumbs_120344999_252273612807503_587398196185434281_n.jpg\"\n\t\t\t\tdata-image-id=\"455\"\n\t\t\t\tdata-title=\"120344999_252273612807503_587398196185434281_n\"\n\t\t\t\tdata-description=\"\"\n\t\t\t\tdata-image-slug=\"120344999_252273612807503_587398196185434281_n\"\n\t\t\t\t\t\t\t\t\t\t\t\t\t\t\t\t\t\t\t\tclass=\"ngg-simplelightbox\" rel=\"49cde79166a4e7ea6e88ef96144380ca\">\n\t\t\t\t\t\t\t\t<img\n\t\t\t\t\ttitle=\"120344999_252273612807503_587398196185434281_n\"\n\t\t\t\t\talt=\"120344999_252273612807503_587398196185434281_n\"\n\t\t\t\t\tsrc=\"https:\/\/www.secondchancerescue.fi\/wp-content\/gallery\/adam\/thumbs\/thumbs_120344999_252273612807503_587398196185434281_n.jpg\"\n\t\t\t\t\twidth=\"240\"\n\t\t\t\t\theight=\"160\"\n\t\t\t\t\tstyle=\"max-width:100%;\"\n\t\t\t\t\/>\n\t\t\t<\/a>\n\t\t<\/div>\n\t\t\t\t\t\t\t<\/div>\n\t\t\t\n\t\t\t\t<div id=\"ngg-image-1\" class=\"ngg-gallery-thumbnail-box\n\t\t\t\t\t\t\t\t\t\t\t\"\n\t\t\t>\n\t\t\t\t\t\t<div class=\"ngg-gallery-thumbnail\">\n\t\t\t<a href=\"https:\/\/www.secondchancerescue.fi\/wp-content\/gallery\/adam\/120394171_2830099900425464_1047236724388602258_n.jpg\"\n\t\t\t\ttitle=\"\"\n\t\t\t\tdata-src=\"https:\/\/www.secondchancerescue.fi\/wp-content\/gallery\/adam\/120394171_2830099900425464_1047236724388602258_n.jpg\"\n\t\t\t\tdata-thumbnail=\"https:\/\/www.secondchancerescue.fi\/wp-content\/gallery\/adam\/thumbs\/thumbs_120394171_2830099900425464_1047236724388602258_n.jpg\"\n\t\t\t\tdata-image-id=\"456\"\n\t\t\t\tdata-title=\"120394171_2830099900425464_1047236724388602258_n\"\n\t\t\t\tdata-description=\"\"\n\t\t\t\tdata-image-slug=\"120394171_2830099900425464_1047236724388602258_n\"\n\t\t\t\t\t\t\t\t\t\t\t\t\t\t\t\t\t\t\t\tclass=\"ngg-simplelightbox\" rel=\"49cde79166a4e7ea6e88ef96144380ca\">\n\t\t\t\t\t\t\t\t<img\n\t\t\t\t\ttitle=\"120394171_2830099900425464_1047236724388602258_n\"\n\t\t\t\t\talt=\"120394171_2830099900425464_1047236724388602258_n\"\n\t\t\t\t\tsrc=\"https:\/\/www.secondchancerescue.fi\/wp-content\/gallery\/adam\/thumbs\/thumbs_120394171_2830099900425464_1047236724388602258_n.jpg\"\n\t\t\t\t\twidth=\"240\"\n\t\t\t\t\theight=\"160\"\n\t\t\t\t\tstyle=\"max-width:100%;\"\n\t\t\t\t\/>\n\t\t\t<\/a>\n\t\t<\/div>\n\t\t\t\t\t\t\t<\/div>\n\t\t\t\n\t\t\t\t<div id=\"ngg-image-2\" class=\"ngg-gallery-thumbnail-box\n\t\t\t\t\t\t\t\t\t\t\t\"\n\t\t\t>\n\t\t\t\t\t\t<div class=\"ngg-gallery-thumbnail\">\n\t\t\t<a href=\"https:\/\/www.secondchancerescue.fi\/wp-content\/gallery\/adam\/120453077_684920742433617_5556400662520411324_n.jpg\"\n\t\t\t\ttitle=\"\"\n\t\t\t\tdata-src=\"https:\/\/www.secondchancerescue.fi\/wp-content\/gallery\/adam\/120453077_684920742433617_5556400662520411324_n.jpg\"\n\t\t\t\tdata-thumbnail=\"https:\/\/www.secondchancerescue.fi\/wp-content\/gallery\/adam\/thumbs\/thumbs_120453077_684920742433617_5556400662520411324_n.jpg\"\n\t\t\t\tdata-image-id=\"457\"\n\t\t\t\tdata-title=\"120453077_684920742433617_5556400662520411324_n\"\n\t\t\t\tdata-description=\"\"\n\t\t\t\tdata-image-slug=\"120453077_684920742433617_5556400662520411324_n\"\n\t\t\t\t\t\t\t\t\t\t\t\t\t\t\t\t\t\t\t\tclass=\"ngg-simplelightbox\" rel=\"49cde79166a4e7ea6e88ef96144380ca\">\n\t\t\t\t\t\t\t\t<img\n\t\t\t\t\ttitle=\"120453077_684920742433617_5556400662520411324_n\"\n\t\t\t\t\talt=\"120453077_684920742433617_5556400662520411324_n\"\n\t\t\t\t\tsrc=\"https:\/\/www.secondchancerescue.fi\/wp-content\/gallery\/adam\/thumbs\/thumbs_120453077_684920742433617_5556400662520411324_n.jpg\"\n\t\t\t\t\twidth=\"240\"\n\t\t\t\t\theight=\"160\"\n\t\t\t\t\tstyle=\"max-width:100%;\"\n\t\t\t\t\/>\n\t\t\t<\/a>\n\t\t<\/div>\n\t\t\t\t\t\t\t<\/div>\n\t\t\t\n\t\t\t\t<div id=\"ngg-image-3\" class=\"ngg-gallery-thumbnail-box\n\t\t\t\t\t\t\t\t\t\t\t\"\n\t\t\t>\n\t\t\t\t\t\t<div class=\"ngg-gallery-thumbnail\">\n\t\t\t<a href=\"https:\/\/www.secondchancerescue.fi\/wp-content\/gallery\/adam\/120453678_3486755451381389_1912579375832325872_n.jpg\"\n\t\t\t\ttitle=\"\"\n\t\t\t\tdata-src=\"https:\/\/www.secondchancerescue.fi\/wp-content\/gallery\/adam\/120453678_3486755451381389_1912579375832325872_n.jpg\"\n\t\t\t\tdata-thumbnail=\"https:\/\/www.secondchancerescue.fi\/wp-content\/gallery\/adam\/thumbs\/thumbs_120453678_3486755451381389_1912579375832325872_n.jpg\"\n\t\t\t\tdata-image-id=\"458\"\n\t\t\t\tdata-title=\"120453678_3486755451381389_1912579375832325872_n\"\n\t\t\t\tdata-description=\"\"\n\t\t\t\tdata-image-slug=\"120453678_3486755451381389_1912579375832325872_n\"\n\t\t\t\t\t\t\t\t\t\t\t\t\t\t\t\t\t\t\t\tclass=\"ngg-simplelightbox\" rel=\"49cde79166a4e7ea6e88ef96144380ca\">\n\t\t\t\t\t\t\t\t<img\n\t\t\t\t\ttitle=\"120453678_3486755451381389_1912579375832325872_n\"\n\t\t\t\t\talt=\"120453678_3486755451381389_1912579375832325872_n\"\n\t\t\t\t\tsrc=\"https:\/\/www.secondchancerescue.fi\/wp-content\/gallery\/adam\/thumbs\/thumbs_120453678_3486755451381389_1912579375832325872_n.jpg\"\n\t\t\t\t\twidth=\"240\"\n\t\t\t\t\theight=\"160\"\n\t\t\t\t\tstyle=\"max-width:100%;\"\n\t\t\t\t\/>\n\t\t\t<\/a>\n\t\t<\/div>\n\t\t\t\t\t\t\t<\/div>\n\t\t\t\n\t\n\t<br style=\"clear: both\" \/>\n\n\t\n\t\t<!-- Pagination -->\n\t\t<div class='ngg-clear'><\/div>\t<\/div>\n<\/div>\n<\/div>\t\t\t\t\t\t\t\t<\/div>\n\t\t\t\t<\/div>\n\t\t\t\t\t<\/div>\n\t\t<\/div>\n\t\t\t\t\t<\/div>\n\t\t<\/section>\n\t\t\t\t<\/div>\n\t\t","protected":false},"excerpt":{"rendered":"<p>Adam etsii tasaista arkea el\u00e4v\u00e4\u00e4 el\u00e4kekotia maaseudulta tai muutoin rauhallisesta asuinymp\u00e4rist\u00f6st\u00e4&nbsp; Adam on arviolta tammikuussa -16 syntynyt uros, joka on el\u00e4nyt tarhalla 14.8.17 l\u00e4htien eli k\u00e4yt\u00e4nn\u00f6ss\u00e4 koko el\u00e4m\u00e4ns\u00e4. Adam painaa noin 25kg. Adam on yleisluonteeltaan leikkis\u00e4 ja edelleen innostuu kaikesta &hellip; <a href=\"https:\/\/www.secondchancerescue.fi\/?page_id=712\">Lue loppuun <span class=\"meta-nav\">&rarr;<\/span><\/a><\/p>\n","protected":false},"author":1,"featured_media":0,"parent":0,"menu_order":0,"comment_status":"closed","ping_status":"closed","template":"","meta":{"ngg_post_thumbnail":0,"footnotes":""},"class_list":["post-712","page","type-page","status-publish","hentry"],"_links":{"self":[{"href":"https:\/\/www.secondchancerescue.fi\/index.php?rest_route=\/wp\/v2\/pages\/712","targetHints":{"allow":["GET"]}}],"collection":[{"href":"https:\/\/www.secondchancerescue.fi\/index.php?rest_route=\/wp\/v2\/pages"}],"about":[{"href":"https:\/\/www.secondchancerescue.fi\/index.php?rest_route=\/wp\/v2\/types\/page"}],"author":[{"embeddable":true,"href":"https:\/\/www.secondchancerescue.fi\/index.php?rest_route=\/wp\/v2\/users\/1"}],"replies":[{"embeddable":true,"href":"https:\/\/www.secondchancerescue.fi\/index.php?rest_route=%2Fwp%2Fv2%2Fcomments&post=712"}],"version-history":[{"count":15,"href":"https:\/\/www.secondchancerescue.fi\/index.php?rest_route=\/wp\/v2\/pages\/712\/revisions"}],"predecessor-version":[{"id":5579,"href":"https:\/\/www.secondchancerescue.fi\/index.php?rest_route=\/wp\/v2\/pages\/712\/revisions\/5579"}],"wp:attachment":[{"href":"https:\/\/www.secondchancerescue.fi\/index.php?rest_route=%2Fwp%2Fv2%2Fmedia&parent=712"}],"curies":[{"name":"wp","href":"https:\/\/api.w.org\/{rel}","templated":true}]}}